{"id":1089,"date":"2024-09-27T15:24:37","date_gmt":"2024-09-27T15:24:37","guid":{"rendered":"https:\/\/seasoul-tech.pt\/?page_id=1089"},"modified":"2024-11-07T15:02:44","modified_gmt":"2024-11-07T15:02:44","slug":"controlo-de-energia","status":"publish","type":"page","link":"https:\/\/seasoul-tech.pt\/en\/controlo-de-energia\/","title":{"rendered":"Energy Control"},"content":{"rendered":"<div data-elementor-type=\"wp-page\" data-elementor-id=\"1089\" class=\"elementor elementor-1089\" data-elementor-post-type=\"page\">\n\t\t\t\t<div class=\"elementor-element elementor-element-5e6de1d9 e-con-full e-flex e-con e-parent\" data-id=\"5e6de1d9\" data-element_type=\"container\" data-settings=\"{&quot;background_background&quot;:&quot;gradient&quot;,&quot;background_motion_fx_motion_fx_scrolling&quot;:&quot;yes&quot;,&quot;background_motion_fx_translateX_effect&quot;:&quot;yes&quot;,&quot;background_motion_fx_translateX_speed&quot;:{&quot;unit&quot;:&quot;px&quot;,&quot;size&quot;:6.5,&quot;sizes&quot;:[]},&quot;background_motion_fx_translateX_affectedRange&quot;:{&quot;unit&quot;:&quot;%&quot;,&quot;size&quot;:&quot;&quot;,&quot;sizes&quot;:{&quot;start&quot;:0,&quot;end&quot;:100}},&quot;background_motion_fx_devices&quot;:[&quot;desktop&quot;,&quot;laptop&quot;,&quot;tablet&quot;,&quot;mobile&quot;]}\">\n\t\t<div class=\"elementor-element elementor-element-2a603233 animated-fast e-flex e-con-boxed elementor-invisible e-con e-child\" data-id=\"2a603233\" data-element_type=\"container\" data-settings=\"{&quot;animation&quot;:&quot;slideInUp&quot;,&quot;animation_delay&quot;:150}\">\n\t\t\t\t\t<div class=\"e-con-inner\">\n\t\t\t\t<div class=\"elementor-element elementor-element-a595b74 elementor-widget__width-initial elementor-widget elementor-widget-elementskit-heading\" data-id=\"a595b74\" data-element_type=\"widget\" data-widget_type=\"elementskit-heading.default\">\n\t\t\t\t<div class=\"elementor-widget-container\">\n\t\t\t\t\t<div class=\"ekit-wid-con\" ><div class=\"ekit-heading elementskit-section-title-wraper text_center   ekit_heading_tablet-   ekit_heading_mobile-\"><h2 class=\"ekit-heading--title elementskit-section-title text_fill\">Energy Control and<span><span>Sustainability<\/span><\/span><\/h2><\/div><\/div>\t\t\t\t<\/div>\n\t\t\t\t<\/div>\n\t\t\t\t\t<\/div>\n\t\t\t\t<\/div>\n\t\t\t\t<\/div>\n\t\t<div class=\"elementor-element elementor-element-e055e0b e-flex e-con-boxed e-con e-parent\" data-id=\"e055e0b\" data-element_type=\"container\" data-settings=\"{&quot;background_background&quot;:&quot;classic&quot;}\">\n\t\t\t\t\t<div class=\"e-con-inner\">\n\t\t\t\t<div class=\"elementor-element elementor-element-cb5f75d elementor-widget elementor-widget-spacer\" data-id=\"cb5f75d\" data-element_type=\"widget\" data-widget_type=\"spacer.default\">\n\t\t\t\t<div class=\"elementor-widget-container\">\n\t\t\t\t\t\t\t<div class=\"elementor-spacer\">\n\t\t\t<div class=\"elementor-spacer-inner\"><\/div>\n\t\t<\/div>\n\t\t\t\t\t\t<\/div>\n\t\t\t\t<\/div>\n\t\t\t\t\t<\/div>\n\t\t\t\t<\/div>\n\t\t<div class=\"elementor-element elementor-element-02a1ac0 e-flex e-con-boxed e-con e-parent\" data-id=\"02a1ac0\" data-element_type=\"container\">\n\t\t\t\t\t<div class=\"e-con-inner\">\n\t\t<div class=\"elementor-element elementor-element-48c7f6a e-con-full e-flex e-con e-child\" data-id=\"48c7f6a\" data-element_type=\"container\">\n\t\t\t\t<div class=\"elementor-element elementor-element-e580a3a elementor-widget elementor-widget-image\" data-id=\"e580a3a\" data-element_type=\"widget\" data-widget_type=\"image.default\">\n\t\t\t\t<div class=\"elementor-widget-container\">\n\t\t\t\t\t\t\t\t\t\t\t\t\t\t\t<img decoding=\"async\" width=\"213\" height=\"71\" src=\"https:\/\/seasoul-tech.pt\/wp-content\/uploads\/2024\/07\/ATLAR_Innovation_Logo.png\" class=\"attachment-large size-large wp-image-294\" alt=\"ATLAR_Innovation_Logo\" \/>\t\t\t\t\t\t\t\t\t\t\t\t\t\t\t<\/div>\n\t\t\t\t<\/div>\n\t\t\t\t<div class=\"elementor-element elementor-element-478e850 elementor-widget elementor-widget-text-editor\" data-id=\"478e850\" data-element_type=\"widget\" data-widget_type=\"text-editor.default\">\n\t\t\t\t<div class=\"elementor-widget-container\">\n\t\t\t\t\t\t\t\t\t<p class=\"translation-block\">Atlar is the main Portuguese entity in operation, monitoring and maintenance of the National Operations Center for Tracking and Surveillance of Space Debris, with a contract with the Ministry of Defense for the EU SST service.<\/p>\t\t\t\t\t\t\t\t<\/div>\n\t\t\t\t<\/div>\n\t\t\t\t<\/div>\n\t\t<div class=\"elementor-element elementor-element-c033801 e-con-full e-flex e-con e-child\" data-id=\"c033801\" data-element_type=\"container\">\n\t\t\t\t<div class=\"elementor-element elementor-element-ad7e358 elementor-widget elementor-widget-image\" data-id=\"ad7e358\" data-element_type=\"widget\" data-widget_type=\"image.default\">\n\t\t\t\t<div class=\"elementor-widget-container\">\n\t\t\t\t\t\t\t\t\t\t\t\t\t\t\t<img fetchpriority=\"high\" decoding=\"async\" width=\"800\" height=\"534\" src=\"https:\/\/seasoul-tech.pt\/wp-content\/uploads\/2024\/09\/Atlar_Espacial.png\" class=\"attachment-large size-large wp-image-1163\" alt=\"Atlar_Espacial\" srcset=\"https:\/\/seasoul-tech.pt\/wp-content\/uploads\/2024\/09\/Atlar_Espacial.png 1024w, https:\/\/seasoul-tech.pt\/wp-content\/uploads\/2024\/09\/Atlar_Espacial-300x200.png 300w, https:\/\/seasoul-tech.pt\/wp-content\/uploads\/2024\/09\/Atlar_Espacial-768x512.png 768w\" sizes=\"(max-width: 800px) 100vw, 800px\" \/>\t\t\t\t\t\t\t\t\t\t\t\t\t\t\t<\/div>\n\t\t\t\t<\/div>\n\t\t\t\t<\/div>\n\t\t\t\t\t<\/div>\n\t\t\t\t<\/div>\n\t\t<div class=\"elementor-element elementor-element-c2026b8 e-flex e-con-boxed e-con e-parent\" data-id=\"c2026b8\" data-element_type=\"container\">\n\t\t\t\t\t<div class=\"e-con-inner\">\n\t\t\t\t<div class=\"elementor-element elementor-element-83460fd elementor-widget-divider--view-line elementor-widget elementor-widget-divider\" data-id=\"83460fd\" data-element_type=\"widget\" data-widget_type=\"divider.default\">\n\t\t\t\t<div class=\"elementor-widget-container\">\n\t\t\t\t\t\t\t<div class=\"elementor-divider\">\n\t\t\t<span class=\"elementor-divider-separator\">\n\t\t\t\t\t\t<\/span>\n\t\t<\/div>\n\t\t\t\t\t\t<\/div>\n\t\t\t\t<\/div>\n\t\t\t\t\t<\/div>\n\t\t\t\t<\/div>\n\t\t<div class=\"elementor-element elementor-element-6f2f840 e-flex e-con-boxed e-con e-parent\" data-id=\"6f2f840\" data-element_type=\"container\">\n\t\t\t\t\t<div class=\"e-con-inner\">\n\t\t<div class=\"elementor-element elementor-element-77604aa e-con-full e-flex e-con e-child\" data-id=\"77604aa\" data-element_type=\"container\">\n\t\t<div class=\"elementor-element elementor-element-f06f21d e-con-full e-flex e-con e-child\" data-id=\"f06f21d\" data-element_type=\"container\">\n\t\t\t\t<div class=\"elementor-element elementor-element-906a962 elementor-widget elementor-widget-elementskit-heading\" data-id=\"906a962\" data-element_type=\"widget\" data-widget_type=\"elementskit-heading.default\">\n\t\t\t\t<div class=\"elementor-widget-container\">\n\t\t\t\t\t<div class=\"ekit-wid-con\" ><div class=\"ekit-heading elementskit-section-title-wraper text_left   ekit_heading_tablet-   ekit_heading_mobile-text_left\"><h2 class=\"ekit-heading--title elementskit-section-title text_fill\">In addition, it also has several projects dedicated to <span><span>the Industry 4.0\/5.0<\/span><\/span> mainly for <span><span>energy control<\/span><\/span><\/h2><\/div><\/div>\t\t\t\t<\/div>\n\t\t\t\t<\/div>\n\t\t\t\t<\/div>\n\t\t<div class=\"elementor-element elementor-element-37f07ea e-con-full e-flex e-con e-child\" data-id=\"37f07ea\" data-element_type=\"container\">\n\t\t\t\t<div class=\"elementor-element elementor-element-61d4e39 elementor-widget elementor-widget-text-editor\" data-id=\"61d4e39\" data-element_type=\"widget\" data-widget_type=\"text-editor.default\">\n\t\t\t\t<div class=\"elementor-widget-container\">\n\t\t\t\t\t\t\t\t\t<p><span data-contrast=\"auto\">At a time when everyone is talking about <\/span><b><span data-contrast=\"auto\">sustainability<\/span><\/b> <span data-contrast=\"auto\">\ud83c\udf31<\/span><span data-contrast=\"auto\"> and <\/span><b><span data-contrast=\"auto\">reducing energy costs<\/span><\/b><span data-contrast=\"auto\"> (and rightly so), there is a first question that needs to be answered. <\/span><b><span data-contrast=\"auto\">Do you really know the energy consumption of your industry?<\/span><\/b><span data-contrast=\"auto\"> Ok, you know how much you pay at the end of the month. But do you know in detail what causes that bill?<\/span><span data-ccp-props=\"{&quot;201341983&quot;:0,&quot;335551550&quot;:6,&quot;335551620&quot;:6,&quot;335559739&quot;:160,&quot;335559740&quot;:278}\">\u00a0<\/span><\/p><p><span data-contrast=\"auto\">At ATLAR we have solutions to answer that question. We install <\/span><b><span data-contrast=\"auto\">advanced meters<\/span><\/b><span data-contrast=\"auto\"> in the existing structure, so that you have the <\/span><b><span data-contrast=\"auto\">consumption details by sector.<\/span><\/b><span data-contrast=\"auto\">Control your consumption of <\/span><b><span data-contrast=\"auto\">gas<\/span><\/b><span data-contrast=\"auto\">, <\/span><b><span data-contrast=\"auto\">, electricity<\/span><\/b><span data-contrast=\"auto\">, <\/span><b><span data-contrast=\"auto\">compressed air<\/span><\/b><span data-contrast=\"auto\"> and <\/span><b><span data-contrast=\"auto\">water<\/span><\/b><span data-contrast=\"auto\">.<\/span><\/p>\t\t\t\t\t\t\t\t<\/div>\n\t\t\t\t<\/div>\n\t\t\t\t<\/div>\n\t\t\t\t<\/div>\n\t\t\t\t\t<\/div>\n\t\t\t\t<\/div>\n\t\t<div class=\"elementor-element elementor-element-803512d e-flex e-con-boxed e-con e-parent\" data-id=\"803512d\" data-element_type=\"container\">\n\t\t\t\t\t<div class=\"e-con-inner\">\n\t\t\t\t<div class=\"elementor-element elementor-element-9120a72 elementor-widget elementor-widget-image\" data-id=\"9120a72\" data-element_type=\"widget\" data-widget_type=\"image.default\">\n\t\t\t\t<div class=\"elementor-widget-container\">\n\t\t\t\t\t\t\t\t\t\t\t\t\t\t\t<img decoding=\"async\" width=\"1600\" height=\"594\" src=\"https:\/\/seasoul-tech.pt\/wp-content\/uploads\/2024\/09\/Detalhe.jpg\" class=\"attachment-full size-full wp-image-1161\" alt=\"Detalhe\" srcset=\"https:\/\/seasoul-tech.pt\/wp-content\/uploads\/2024\/09\/Detalhe.jpg 1600w, https:\/\/seasoul-tech.pt\/wp-content\/uploads\/2024\/09\/Detalhe-300x111.jpg 300w, https:\/\/seasoul-tech.pt\/wp-content\/uploads\/2024\/09\/Detalhe-1024x380.jpg 1024w, https:\/\/seasoul-tech.pt\/wp-content\/uploads\/2024\/09\/Detalhe-768x285.jpg 768w, https:\/\/seasoul-tech.pt\/wp-content\/uploads\/2024\/09\/Detalhe-1536x570.jpg 1536w\" sizes=\"(max-width: 1600px) 100vw, 1600px\" \/>\t\t\t\t\t\t\t\t\t\t\t\t\t\t\t<\/div>\n\t\t\t\t<\/div>\n\t\t\t\t\t<\/div>\n\t\t\t\t<\/div>\n\t\t\t\t<\/div>","protected":false},"excerpt":{"rendered":"<p>Controlo de Energia eSustentabilidade A Atlar \u00e9 a principal entidade portuguesa em opera\u00e7\u00e3o, monitoriza\u00e7\u00e3o e manuten\u00e7\u00e3o do Centro Nacional de Opera\u00e7\u00f5es para Rastreio e Vigil\u00e2ncia de Detritos Espaciais, com um contrato com o Minist\u00e9rio da Defesa para o servi\u00e7o EU SST.\u00a0\u00a0 Para al\u00e9m disso tem tamb\u00e9m v\u00e1rios projetos dedicados \u00e0 Ind\u00fastria 4.0 principalmente para o [&hellip;]<\/p>","protected":false},"author":1,"featured_media":0,"parent":0,"menu_order":0,"comment_status":"closed","ping_status":"closed","template":"elementor_header_footer","meta":{"_monsterinsights_skip_tracking":false,"_monsterinsights_sitenote_active":false,"_monsterinsights_sitenote_note":"","_monsterinsights_sitenote_category":0,"footnotes":""},"class_list":["post-1089","page","type-page","status-publish","hentry"],"aioseo_notices":[],"_links":{"self":[{"href":"https:\/\/seasoul-tech.pt\/en\/wp-json\/wp\/v2\/pages\/1089","targetHints":{"allow":["GET"]}}],"collection":[{"href":"https:\/\/seasoul-tech.pt\/en\/wp-json\/wp\/v2\/pages"}],"about":[{"href":"https:\/\/seasoul-tech.pt\/en\/wp-json\/wp\/v2\/types\/page"}],"author":[{"embeddable":true,"href":"https:\/\/seasoul-tech.pt\/en\/wp-json\/wp\/v2\/users\/1"}],"replies":[{"embeddable":true,"href":"https:\/\/seasoul-tech.pt\/en\/wp-json\/wp\/v2\/comments?post=1089"}],"version-history":[{"count":4,"href":"https:\/\/seasoul-tech.pt\/en\/wp-json\/wp\/v2\/pages\/1089\/revisions"}],"predecessor-version":[{"id":2753,"href":"https:\/\/seasoul-tech.pt\/en\/wp-json\/wp\/v2\/pages\/1089\/revisions\/2753"}],"wp:attachment":[{"href":"https:\/\/seasoul-tech.pt\/en\/wp-json\/wp\/v2\/media?parent=1089"}],"curies":[{"name":"wp","href":"https:\/\/api.w.org\/{rel}","templated":true}]}}