{"id":1121,"date":"2024-09-27T15:59:58","date_gmt":"2024-09-27T15:59:58","guid":{"rendered":"https:\/\/seasoul-tech.pt\/?page_id=1121"},"modified":"2024-10-14T11:35:24","modified_gmt":"2024-10-14T11:35:24","slug":"plataforma-saas","status":"publish","type":"page","link":"https:\/\/seasoul-tech.pt\/en\/plataforma-saas\/","title":{"rendered":"SaaS Platform"},"content":{"rendered":"<div data-elementor-type=\"wp-page\" data-elementor-id=\"1121\" class=\"elementor elementor-1121\" data-elementor-post-type=\"page\">\n\t\t\t\t<div class=\"elementor-element elementor-element-5e6de1d9 e-con-full e-flex e-con e-parent\" data-id=\"5e6de1d9\" data-element_type=\"container\" data-settings=\"{&quot;background_background&quot;:&quot;gradient&quot;,&quot;background_motion_fx_motion_fx_scrolling&quot;:&quot;yes&quot;,&quot;background_motion_fx_translateX_effect&quot;:&quot;yes&quot;,&quot;background_motion_fx_translateX_speed&quot;:{&quot;unit&quot;:&quot;px&quot;,&quot;size&quot;:6.5,&quot;sizes&quot;:[]},&quot;background_motion_fx_translateX_affectedRange&quot;:{&quot;unit&quot;:&quot;%&quot;,&quot;size&quot;:&quot;&quot;,&quot;sizes&quot;:{&quot;start&quot;:0,&quot;end&quot;:100}},&quot;background_motion_fx_devices&quot;:[&quot;desktop&quot;,&quot;laptop&quot;,&quot;tablet&quot;,&quot;mobile&quot;]}\">\n\t\t<div class=\"elementor-element elementor-element-2a603233 animated-fast e-flex e-con-boxed elementor-invisible e-con e-child\" data-id=\"2a603233\" data-element_type=\"container\" data-settings=\"{&quot;animation&quot;:&quot;slideInUp&quot;,&quot;animation_delay&quot;:150}\">\n\t\t\t\t\t<div class=\"e-con-inner\">\n\t\t\t\t<div class=\"elementor-element elementor-element-64853343 elementor-widget__width-initial elementor-widget elementor-widget-elementskit-heading\" data-id=\"64853343\" data-element_type=\"widget\" data-widget_type=\"elementskit-heading.default\">\n\t\t\t\t<div class=\"elementor-widget-container\">\n\t\t\t\t\t<div class=\"ekit-wid-con\" ><div class=\"ekit-heading elementskit-section-title-wraper text_center   ekit_heading_tablet-   ekit_heading_mobile-\"><h2 class=\"ekit-heading--title elementskit-section-title text_fill\">SaaS Platform<\/h2><\/div><\/div>\t\t\t\t<\/div>\n\t\t\t\t<\/div>\n\t\t\t\t<div class=\"elementor-element elementor-element-a595b74 elementor-widget__width-initial elementor-widget elementor-widget-elementskit-heading\" data-id=\"a595b74\" data-element_type=\"widget\" data-widget_type=\"elementskit-heading.default\">\n\t\t\t\t<div class=\"elementor-widget-container\">\n\t\t\t\t\t<div class=\"ekit-wid-con\" ><div class=\"ekit-heading elementskit-section-title-wraper text_center   ekit_heading_tablet-   ekit_heading_mobile-\"><h2 class=\"ekit-heading--title elementskit-section-title text_fill\"><span><span>Efficiency<\/span><\/span><\/h2><\/div><\/div>\t\t\t\t<\/div>\n\t\t\t\t<\/div>\n\t\t\t\t\t<\/div>\n\t\t\t\t<\/div>\n\t\t\t\t<\/div>\n\t\t<div class=\"elementor-element elementor-element-ef4179d e-flex e-con-boxed e-con e-parent\" data-id=\"ef4179d\" data-element_type=\"container\" data-settings=\"{&quot;background_background&quot;:&quot;classic&quot;}\">\n\t\t\t\t\t<div class=\"e-con-inner\">\n\t\t\t\t<div class=\"elementor-element elementor-element-5356ea6 elementor-widget elementor-widget-spacer\" data-id=\"5356ea6\" data-element_type=\"widget\" data-widget_type=\"spacer.default\">\n\t\t\t\t<div class=\"elementor-widget-container\">\n\t\t\t\t\t\t\t<div class=\"elementor-spacer\">\n\t\t\t<div class=\"elementor-spacer-inner\"><\/div>\n\t\t<\/div>\n\t\t\t\t\t\t<\/div>\n\t\t\t\t<\/div>\n\t\t\t\t\t<\/div>\n\t\t\t\t<\/div>\n\t\t<div class=\"elementor-element elementor-element-02a1ac0 e-flex e-con-boxed e-con e-parent\" data-id=\"02a1ac0\" data-element_type=\"container\">\n\t\t\t\t\t<div class=\"e-con-inner\">\n\t\t<div class=\"elementor-element elementor-element-48c7f6a e-con-full e-flex e-con e-child\" data-id=\"48c7f6a\" data-element_type=\"container\">\n\t\t\t\t<div class=\"elementor-element elementor-element-23ece59 elementor-widget elementor-widget-image\" data-id=\"23ece59\" data-element_type=\"widget\" data-widget_type=\"image.default\">\n\t\t\t\t<div class=\"elementor-widget-container\">\n\t\t\t\t\t\t\t\t\t\t\t\t\t\t\t<img decoding=\"async\" width=\"202\" height=\"51\" src=\"https:\/\/seasoul-tech.pt\/wp-content\/uploads\/2024\/07\/Chronos_Logo.png\" class=\"attachment-large size-large wp-image-295\" alt=\"Chronos_Logo\" \/>\t\t\t\t\t\t\t\t\t\t\t\t\t\t\t<\/div>\n\t\t\t\t<\/div>\n\t\t\t\t<div class=\"elementor-element elementor-element-478e850 elementor-widget-laptop__width-initial elementor-widget-tablet__width-initial elementor-widget elementor-widget-text-editor\" data-id=\"478e850\" data-element_type=\"widget\" data-widget_type=\"text-editor.default\">\n\t\t\t\t<div class=\"elementor-widget-container\">\n\t\t\t\t\t\t\t\t\t<p>It was developed for <strong>aluminum extrusion companies.<\/strong>However, it can be <strong>used in any industry<\/strong> as a platform for collecting, recording and visualizing data.<\/p><p>It presents <strong>real-time data offsite,<\/strong>without the need for VPN. This means you don't need to constantly connect to the company to view the status and performance of your industry.<br \/><strong>It does not require any type of maintenance or updates<\/strong> by the client. That is our responsibility.<br \/><strong>Security<\/strong> guaranteed and always updated by the Azure cloud and the <strong>OPC UA<\/strong> and <strong>MQTT<\/strong>.<\/p>\t\t\t\t\t\t\t\t<\/div>\n\t\t\t\t<\/div>\n\t\t\t\t<\/div>\n\t\t<div class=\"elementor-element elementor-element-c033801 e-con-full e-flex e-con e-child\" data-id=\"c033801\" data-element_type=\"container\">\n\t\t\t\t<div class=\"elementor-element elementor-element-af1cb98 elementor-widget-laptop__width-initial elementor-widget-tablet__width-initial elementor-widget elementor-widget-image\" data-id=\"af1cb98\" data-element_type=\"widget\" data-widget_type=\"image.default\">\n\t\t\t\t<div class=\"elementor-widget-container\">\n\t\t\t\t\t\t\t\t\t\t\t\t\t\t\t<img fetchpriority=\"high\" decoding=\"async\" width=\"461\" height=\"645\" src=\"https:\/\/seasoul-tech.pt\/wp-content\/uploads\/2024\/09\/OEE_Increase.png\" class=\"attachment-large size-large wp-image-1183\" alt=\"OEE_Increase\" srcset=\"https:\/\/seasoul-tech.pt\/wp-content\/uploads\/2024\/09\/OEE_Increase.png 461w, https:\/\/seasoul-tech.pt\/wp-content\/uploads\/2024\/09\/OEE_Increase-214x300.png 214w\" sizes=\"(max-width: 461px) 100vw, 461px\" \/>\t\t\t\t\t\t\t\t\t\t\t\t\t\t\t<\/div>\n\t\t\t\t<\/div>\n\t\t\t\t<\/div>\n\t\t\t\t\t<\/div>\n\t\t\t\t<\/div>\n\t\t<div class=\"elementor-element elementor-element-c2026b8 e-flex e-con-boxed e-con e-parent\" data-id=\"c2026b8\" data-element_type=\"container\">\n\t\t\t\t\t<div class=\"e-con-inner\">\n\t\t\t\t<div class=\"elementor-element elementor-element-83460fd elementor-widget-divider--view-line elementor-widget elementor-widget-divider\" data-id=\"83460fd\" data-element_type=\"widget\" data-widget_type=\"divider.default\">\n\t\t\t\t<div class=\"elementor-widget-container\">\n\t\t\t\t\t\t\t<div class=\"elementor-divider\">\n\t\t\t<span class=\"elementor-divider-separator\">\n\t\t\t\t\t\t<\/span>\n\t\t<\/div>\n\t\t\t\t\t\t<\/div>\n\t\t\t\t<\/div>\n\t\t\t\t\t<\/div>\n\t\t\t\t<\/div>\n\t\t<div class=\"elementor-element elementor-element-6f2f840 e-flex e-con-boxed e-con e-parent\" data-id=\"6f2f840\" data-element_type=\"container\">\n\t\t\t\t\t<div class=\"e-con-inner\">\n\t\t<div class=\"elementor-element elementor-element-77604aa e-con-full e-flex e-con e-child\" data-id=\"77604aa\" data-element_type=\"container\">\n\t\t<div class=\"elementor-element elementor-element-f06f21d e-con-full e-flex e-con e-child\" data-id=\"f06f21d\" data-element_type=\"container\">\n\t\t\t\t<div class=\"elementor-element elementor-element-906a962 elementor-widget-tablet__width-initial elementor-widget elementor-widget-elementskit-heading\" data-id=\"906a962\" data-element_type=\"widget\" data-widget_type=\"elementskit-heading.default\">\n\t\t\t\t<div class=\"elementor-widget-container\">\n\t\t\t\t\t<div class=\"ekit-wid-con\" ><div class=\"ekit-heading elementskit-section-title-wraper text_left   ekit_heading_tablet-text_center   ekit_heading_mobile-text_left\"><h2 class=\"ekit-heading--title elementskit-section-title text_fill\">Specific technology for IIoT <span><span>IIoT<\/span><\/span> (Industrial Internet of Things) and <span><span>Big Data<\/span><\/span>, which in addition to guaranteeing <span><span>real-time<\/span><\/span>, also guarantees a <span><span>high-performance history<\/span><\/span>, so that you can view historical data very quickly.<\/h2><\/div><\/div>\t\t\t\t<\/div>\n\t\t\t\t<\/div>\n\t\t\t\t<\/div>\n\t\t\t\t<\/div>\n\t\t\t\t\t<\/div>\n\t\t\t\t<\/div>\n\t\t<div class=\"elementor-element elementor-element-b9e4114 e-flex e-con-boxed e-con e-parent\" data-id=\"b9e4114\" data-element_type=\"container\">\n\t\t\t\t\t<div class=\"e-con-inner\">\n\t\t\t\t<div class=\"elementor-element elementor-element-2e811fb elementor-widget elementor-widget-image\" data-id=\"2e811fb\" data-element_type=\"widget\" data-widget_type=\"image.default\">\n\t\t\t\t<div class=\"elementor-widget-container\">\n\t\t\t\t\t\t\t\t\t\t\t\t\t\t\t<img decoding=\"async\" width=\"662\" height=\"139\" src=\"https:\/\/seasoul-tech.pt\/wp-content\/uploads\/2024\/09\/Sensores.png\" class=\"attachment-full size-full wp-image-1185\" alt=\"Sensores\" srcset=\"https:\/\/seasoul-tech.pt\/wp-content\/uploads\/2024\/09\/Sensores.png 662w, https:\/\/seasoul-tech.pt\/wp-content\/uploads\/2024\/09\/Sensores-300x63.png 300w\" sizes=\"(max-width: 662px) 100vw, 662px\" \/>\t\t\t\t\t\t\t\t\t\t\t\t\t\t\t<\/div>\n\t\t\t\t<\/div>\n\t\t\t\t\t<\/div>\n\t\t\t\t<\/div>\n\t\t<div class=\"elementor-element elementor-element-a4e89ee e-flex e-con-boxed e-con e-parent\" data-id=\"a4e89ee\" data-element_type=\"container\">\n\t\t\t\t\t<div class=\"e-con-inner\">\n\t\t\t\t<div class=\"elementor-element elementor-element-0e5d036 elementor-widget elementor-widget-image\" data-id=\"0e5d036\" data-element_type=\"widget\" data-widget_type=\"image.default\">\n\t\t\t\t<div class=\"elementor-widget-container\">\n\t\t\t\t\t\t\t\t\t\t\t\t\t\t\t<img loading=\"lazy\" decoding=\"async\" width=\"992\" height=\"457\" src=\"https:\/\/seasoul-tech.pt\/wp-content\/uploads\/2024\/09\/Chronos_demo.png\" class=\"attachment-full size-full wp-image-1168\" alt=\"Chronos_demo\" srcset=\"https:\/\/seasoul-tech.pt\/wp-content\/uploads\/2024\/09\/Chronos_demo.png 992w, https:\/\/seasoul-tech.pt\/wp-content\/uploads\/2024\/09\/Chronos_demo-300x138.png 300w, https:\/\/seasoul-tech.pt\/wp-content\/uploads\/2024\/09\/Chronos_demo-768x354.png 768w\" sizes=\"(max-width: 992px) 100vw, 992px\" \/>\t\t\t\t\t\t\t\t\t\t\t\t\t\t\t<\/div>\n\t\t\t\t<\/div>\n\t\t\t\t\t<\/div>\n\t\t\t\t<\/div>\n\t\t\t\t<\/div>","protected":false},"excerpt":{"rendered":"<p>Plataforma SaaS Efeci\u00eancia Foi desenvolvido para empresas de Extrus\u00e3o de alum\u00ednio. Mas pode ser usado em qualquer ind\u00fastria como plataforma para recolha, registo e visualiza\u00e7\u00e3o de dados. Apresenta dados em real-time offsite, sem necessidade de uso de VPN. Assim n\u00e3o precisa de estar constantemente a ligar-se \u00e0 empresa para visualizar o estado e a performance [&hellip;]<\/p>","protected":false},"author":1,"featured_media":0,"parent":0,"menu_order":0,"comment_status":"closed","ping_status":"closed","template":"elementor_header_footer","meta":{"_monsterinsights_skip_tracking":false,"_monsterinsights_sitenote_active":false,"_monsterinsights_sitenote_note":"","_monsterinsights_sitenote_category":0,"footnotes":""},"class_list":["post-1121","page","type-page","status-publish","hentry"],"aioseo_notices":[],"_links":{"self":[{"href":"https:\/\/seasoul-tech.pt\/en\/wp-json\/wp\/v2\/pages\/1121","targetHints":{"allow":["GET"]}}],"collection":[{"href":"https:\/\/seasoul-tech.pt\/en\/wp-json\/wp\/v2\/pages"}],"about":[{"href":"https:\/\/seasoul-tech.pt\/en\/wp-json\/wp\/v2\/types\/page"}],"author":[{"embeddable":true,"href":"https:\/\/seasoul-tech.pt\/en\/wp-json\/wp\/v2\/users\/1"}],"replies":[{"embeddable":true,"href":"https:\/\/seasoul-tech.pt\/en\/wp-json\/wp\/v2\/comments?post=1121"}],"version-history":[{"count":1,"href":"https:\/\/seasoul-tech.pt\/en\/wp-json\/wp\/v2\/pages\/1121\/revisions"}],"predecessor-version":[{"id":2685,"href":"https:\/\/seasoul-tech.pt\/en\/wp-json\/wp\/v2\/pages\/1121\/revisions\/2685"}],"wp:attachment":[{"href":"https:\/\/seasoul-tech.pt\/en\/wp-json\/wp\/v2\/media?parent=1121"}],"curies":[{"name":"wp","href":"https:\/\/api.w.org\/{rel}","templated":true}]}}