{"id":1127,"date":"2024-09-27T16:02:25","date_gmt":"2024-09-27T16:02:25","guid":{"rendered":"https:\/\/seasoul-tech.pt\/?page_id=1127"},"modified":"2024-10-14T11:35:55","modified_gmt":"2024-10-14T11:35:55","slug":"sistema-de-localizacao","status":"publish","type":"page","link":"https:\/\/seasoul-tech.pt\/en\/sistema-de-localizacao\/","title":{"rendered":"Localization system"},"content":{"rendered":"<div data-elementor-type=\"wp-page\" data-elementor-id=\"1127\" class=\"elementor elementor-1127\" data-elementor-post-type=\"page\">\n\t\t\t\t<div class=\"elementor-element elementor-element-5e6de1d9 e-con-full e-flex e-con e-parent\" data-id=\"5e6de1d9\" data-element_type=\"container\" data-settings=\"{&quot;background_background&quot;:&quot;gradient&quot;,&quot;background_motion_fx_motion_fx_scrolling&quot;:&quot;yes&quot;,&quot;background_motion_fx_translateX_effect&quot;:&quot;yes&quot;,&quot;background_motion_fx_translateX_speed&quot;:{&quot;unit&quot;:&quot;px&quot;,&quot;size&quot;:6.5,&quot;sizes&quot;:[]},&quot;background_motion_fx_translateX_affectedRange&quot;:{&quot;unit&quot;:&quot;%&quot;,&quot;size&quot;:&quot;&quot;,&quot;sizes&quot;:{&quot;start&quot;:0,&quot;end&quot;:100}},&quot;background_motion_fx_devices&quot;:[&quot;desktop&quot;,&quot;laptop&quot;,&quot;tablet&quot;,&quot;mobile&quot;]}\">\n\t\t<div class=\"elementor-element elementor-element-2a603233 animated-fast e-flex e-con-boxed elementor-invisible e-con e-child\" data-id=\"2a603233\" data-element_type=\"container\" data-settings=\"{&quot;animation&quot;:&quot;slideInUp&quot;,&quot;animation_delay&quot;:150}\">\n\t\t\t\t\t<div class=\"e-con-inner\">\n\t\t\t\t<div class=\"elementor-element elementor-element-64853343 elementor-widget__width-initial elementor-widget elementor-widget-elementskit-heading\" data-id=\"64853343\" data-element_type=\"widget\" data-widget_type=\"elementskit-heading.default\">\n\t\t\t\t<div class=\"elementor-widget-container\">\n\t\t\t\t\t<div class=\"ekit-wid-con\" ><div class=\"ekit-heading elementskit-section-title-wraper text_center   ekit_heading_tablet-   ekit_heading_mobile-\"><h2 class=\"ekit-heading--title elementskit-section-title text_fill\">Localization system<\/h2><\/div><\/div>\t\t\t\t<\/div>\n\t\t\t\t<\/div>\n\t\t\t\t<div class=\"elementor-element elementor-element-a595b74 elementor-widget__width-initial elementor-widget elementor-widget-elementskit-heading\" data-id=\"a595b74\" data-element_type=\"widget\" data-widget_type=\"elementskit-heading.default\">\n\t\t\t\t<div class=\"elementor-widget-container\">\n\t\t\t\t\t<div class=\"ekit-wid-con\" ><div class=\"ekit-heading elementskit-section-title-wraper text_center   ekit_heading_tablet-   ekit_heading_mobile-\"><h2 class=\"ekit-heading--title elementskit-section-title text_fill\"><span><span>RTLS<\/span><\/span><\/h2><\/div><\/div>\t\t\t\t<\/div>\n\t\t\t\t<\/div>\n\t\t\t\t\t<\/div>\n\t\t\t\t<\/div>\n\t\t\t\t<\/div>\n\t\t<div class=\"elementor-element elementor-element-56d7f8f e-flex e-con-boxed e-con e-parent\" data-id=\"56d7f8f\" data-element_type=\"container\" data-settings=\"{&quot;background_background&quot;:&quot;classic&quot;}\">\n\t\t\t\t\t<div class=\"e-con-inner\">\n\t\t\t\t<div class=\"elementor-element elementor-element-3bc69de elementor-widget elementor-widget-spacer\" data-id=\"3bc69de\" data-element_type=\"widget\" data-widget_type=\"spacer.default\">\n\t\t\t\t<div class=\"elementor-widget-container\">\n\t\t\t\t\t\t\t<div class=\"elementor-spacer\">\n\t\t\t<div class=\"elementor-spacer-inner\"><\/div>\n\t\t<\/div>\n\t\t\t\t\t\t<\/div>\n\t\t\t\t<\/div>\n\t\t\t\t\t<\/div>\n\t\t\t\t<\/div>\n\t\t<div class=\"elementor-element elementor-element-cfbceca e-flex e-con-boxed e-con e-parent\" data-id=\"cfbceca\" data-element_type=\"container\">\n\t\t\t\t\t<div class=\"e-con-inner\">\n\t\t<div class=\"elementor-element elementor-element-6681dd6 e-con-full e-flex e-con e-child\" data-id=\"6681dd6\" data-element_type=\"container\">\n\t\t\t\t<div class=\"elementor-element elementor-element-411c98f elementor-widget elementor-widget-image\" data-id=\"411c98f\" data-element_type=\"widget\" data-widget_type=\"image.default\">\n\t\t\t\t<div class=\"elementor-widget-container\">\n\t\t\t\t\t\t\t\t\t\t\t\t\t\t\t<img decoding=\"async\" width=\"232\" height=\"73\" src=\"https:\/\/seasoul-tech.pt\/wp-content\/uploads\/2024\/07\/Wavecom_Icon2-removebg-preview.png\" class=\"attachment-large size-large wp-image-297\" alt=\"Wavecom_Icon\" \/>\t\t\t\t\t\t\t\t\t\t\t\t\t\t\t<\/div>\n\t\t\t\t<\/div>\n\t\t\t\t<div class=\"elementor-element elementor-element-852600d elementor-widget elementor-widget-text-editor\" data-id=\"852600d\" data-element_type=\"widget\" data-widget_type=\"text-editor.default\">\n\t\t\t\t<div class=\"elementor-widget-container\">\n\t\t\t\t\t\t\t\t\t<p>Wavecom is a specialist in <strong>RFID<\/strong> and <strong>localization systems<\/strong>. For example, imagine that you could <strong>replace your picking points with automatic picking<\/strong>. Can you imagine the savings and efficiency that you could gain?\u00a0<\/p><p>Another example is that you have <strong>objects that are often lost<\/strong> in processes, which can even lead to production stoppages. We can implement real-time RTLS (<strong>Real Time Location System<\/strong>), localization systems to always know where these objects are and be able to return them to the process where they are needed.<\/p>\t\t\t\t\t\t\t\t<\/div>\n\t\t\t\t<\/div>\n\t\t\t\t<\/div>\n\t\t<div class=\"elementor-element elementor-element-51747ab e-con-full e-flex e-con e-child\" data-id=\"51747ab\" data-element_type=\"container\">\n\t\t\t\t<div class=\"elementor-element elementor-element-026ddda elementor-widget elementor-widget-image\" data-id=\"026ddda\" data-element_type=\"widget\" data-widget_type=\"image.default\">\n\t\t\t\t<div class=\"elementor-widget-container\">\n\t\t\t\t\t\t\t\t\t\t\t\t\t\t\t<img fetchpriority=\"high\" decoding=\"async\" width=\"603\" height=\"487\" src=\"https:\/\/seasoul-tech.pt\/wp-content\/uploads\/2024\/09\/RFID.jpg\" class=\"attachment-large size-large wp-image-1207\" alt=\"RFID\" srcset=\"https:\/\/seasoul-tech.pt\/wp-content\/uploads\/2024\/09\/RFID.jpg 603w, https:\/\/seasoul-tech.pt\/wp-content\/uploads\/2024\/09\/RFID-300x242.jpg 300w\" sizes=\"(max-width: 603px) 100vw, 603px\" \/>\t\t\t\t\t\t\t\t\t\t\t\t\t\t\t<\/div>\n\t\t\t\t<\/div>\n\t\t\t\t<\/div>\n\t\t\t\t\t<\/div>\n\t\t\t\t<\/div>\n\t\t<div class=\"elementor-element elementor-element-07f4e7e e-flex e-con-boxed e-con e-parent\" data-id=\"07f4e7e\" data-element_type=\"container\">\n\t\t\t\t\t<div class=\"e-con-inner\">\n\t\t<div class=\"elementor-element elementor-element-e307757 e-con-full e-flex e-con e-child\" data-id=\"e307757\" data-element_type=\"container\">\n\t\t\t\t<div class=\"elementor-element elementor-element-97bd52e elementor-widget elementor-widget-elementskit-heading\" data-id=\"97bd52e\" data-element_type=\"widget\" data-widget_type=\"elementskit-heading.default\">\n\t\t\t\t<div class=\"elementor-widget-container\">\n\t\t\t\t\t<div class=\"ekit-wid-con\" ><div class=\"ekit-heading elementskit-section-title-wraper text_left   ekit_heading_tablet-   ekit_heading_mobile-\"><h2 class=\"ekit-heading--title elementskit-section-title text_fill\">Calculation of <span><span>cost\/man<\/span><\/span> and <span><span>automatic evolution<\/span><\/span> of <span><span>the skills matrix<\/span><\/span><\/h2><\/div><\/div>\t\t\t\t<\/div>\n\t\t\t\t<\/div>\n\t\t\t\t<div class=\"elementor-element elementor-element-9e5c67d elementor-widget elementor-widget-text-editor\" data-id=\"9e5c67d\" data-element_type=\"widget\" data-widget_type=\"text-editor.default\">\n\t\t\t\t<div class=\"elementor-widget-container\">\n\t\t\t\t\t\t\t\t\t<p>This technology is now also applicable to <strong>people<\/strong>. Knowing that a specific employee has spent X hours working on a certain machine allows for an <strong>effective and automatic calculation of the cost\/man<\/strong> of a product and the <strong>automatic evolution<\/strong> of an employee's <strong> skills matrix. <\/strong><\/p>\t\t\t\t\t\t\t\t<\/div>\n\t\t\t\t<\/div>\n\t\t\t\t<\/div>\n\t\t<div class=\"elementor-element elementor-element-0af2cc0 e-con-full e-flex e-con e-child\" data-id=\"0af2cc0\" data-element_type=\"container\">\n\t\t\t\t<div class=\"elementor-element elementor-element-bb4e5e5 elementor-widget elementor-widget-image\" data-id=\"bb4e5e5\" data-element_type=\"widget\" data-widget_type=\"image.default\">\n\t\t\t\t<div class=\"elementor-widget-container\">\n\t\t\t\t\t\t\t\t\t\t\t\t\t\t\t<img decoding=\"async\" width=\"586\" height=\"554\" src=\"https:\/\/seasoul-tech.pt\/wp-content\/uploads\/2024\/09\/RTLS.jpg\" class=\"attachment-large size-large wp-image-1208\" alt=\"RTLS\" srcset=\"https:\/\/seasoul-tech.pt\/wp-content\/uploads\/2024\/09\/RTLS.jpg 586w, https:\/\/seasoul-tech.pt\/wp-content\/uploads\/2024\/09\/RTLS-300x284.jpg 300w\" sizes=\"(max-width: 586px) 100vw, 586px\" \/>\t\t\t\t\t\t\t\t\t\t\t\t\t\t\t<\/div>\n\t\t\t\t<\/div>\n\t\t\t\t<\/div>\n\t\t\t\t\t<\/div>\n\t\t\t\t<\/div>\n\t\t<div class=\"elementor-element elementor-element-c2026b8 e-flex e-con-boxed e-con e-parent\" data-id=\"c2026b8\" data-element_type=\"container\">\n\t\t\t\t\t<div class=\"e-con-inner\">\n\t\t\t\t<div class=\"elementor-element elementor-element-83460fd elementor-widget-divider--view-line elementor-widget elementor-widget-divider\" data-id=\"83460fd\" data-element_type=\"widget\" data-widget_type=\"divider.default\">\n\t\t\t\t<div class=\"elementor-widget-container\">\n\t\t\t\t\t\t\t<div class=\"elementor-divider\">\n\t\t\t<span class=\"elementor-divider-separator\">\n\t\t\t\t\t\t<\/span>\n\t\t<\/div>\n\t\t\t\t\t\t<\/div>\n\t\t\t\t<\/div>\n\t\t\t\t\t<\/div>\n\t\t\t\t<\/div>\n\t\t\t\t<\/div>","protected":false},"excerpt":{"rendered":"<p>Sistemas de Localiza\u00e7\u00e3o RTLS A Wavecom \u00e9 especialista em RFID e sistemas de localiza\u00e7\u00e3o. Um exemplo, imagine que conseguia substituir os seus pontos de picking por picking autom\u00e1tico. J\u00e1 imaginou a poupan\u00e7a e efici\u00eancia que podia ganhar.\u00a0 Outro exemplo, tem objetos que se perdem muitas vezes nos processos, podendo at\u00e9 levar a paragens de produ\u00e7\u00e3o. [&hellip;]<\/p>","protected":false},"author":1,"featured_media":0,"parent":0,"menu_order":0,"comment_status":"closed","ping_status":"closed","template":"elementor_header_footer","meta":{"_monsterinsights_skip_tracking":false,"_monsterinsights_sitenote_active":false,"_monsterinsights_sitenote_note":"","_monsterinsights_sitenote_category":0,"footnotes":""},"class_list":["post-1127","page","type-page","status-publish","hentry"],"aioseo_notices":[],"_links":{"self":[{"href":"https:\/\/seasoul-tech.pt\/en\/wp-json\/wp\/v2\/pages\/1127","targetHints":{"allow":["GET"]}}],"collection":[{"href":"https:\/\/seasoul-tech.pt\/en\/wp-json\/wp\/v2\/pages"}],"about":[{"href":"https:\/\/seasoul-tech.pt\/en\/wp-json\/wp\/v2\/types\/page"}],"author":[{"embeddable":true,"href":"https:\/\/seasoul-tech.pt\/en\/wp-json\/wp\/v2\/users\/1"}],"replies":[{"embeddable":true,"href":"https:\/\/seasoul-tech.pt\/en\/wp-json\/wp\/v2\/comments?post=1127"}],"version-history":[{"count":1,"href":"https:\/\/seasoul-tech.pt\/en\/wp-json\/wp\/v2\/pages\/1127\/revisions"}],"predecessor-version":[{"id":2686,"href":"https:\/\/seasoul-tech.pt\/en\/wp-json\/wp\/v2\/pages\/1127\/revisions\/2686"}],"wp:attachment":[{"href":"https:\/\/seasoul-tech.pt\/en\/wp-json\/wp\/v2\/media?parent=1127"}],"curies":[{"name":"wp","href":"https:\/\/api.w.org\/{rel}","templated":true}]}}