{"id":1140,"date":"2024-09-27T16:10:05","date_gmt":"2024-09-27T16:10:05","guid":{"rendered":"https:\/\/seasoul-tech.pt\/?page_id=1140"},"modified":"2024-10-14T11:21:59","modified_gmt":"2024-10-14T11:21:59","slug":"representacoes","status":"publish","type":"page","link":"https:\/\/seasoul-tech.pt\/en\/representacoes\/","title":{"rendered":"Representations"},"content":{"rendered":"<div data-elementor-type=\"wp-page\" data-elementor-id=\"1140\" class=\"elementor elementor-1140\" data-elementor-post-type=\"page\">\n\t\t\t\t<div class=\"elementor-element elementor-element-1cee7dc7 e-con-full e-flex e-con e-parent\" data-id=\"1cee7dc7\" data-element_type=\"container\" data-settings=\"{&quot;background_background&quot;:&quot;gradient&quot;,&quot;background_motion_fx_motion_fx_scrolling&quot;:&quot;yes&quot;,&quot;background_motion_fx_translateX_effect&quot;:&quot;yes&quot;,&quot;background_motion_fx_translateX_speed&quot;:{&quot;unit&quot;:&quot;px&quot;,&quot;size&quot;:6.5,&quot;sizes&quot;:[]},&quot;background_motion_fx_translateX_affectedRange&quot;:{&quot;unit&quot;:&quot;%&quot;,&quot;size&quot;:&quot;&quot;,&quot;sizes&quot;:{&quot;start&quot;:0,&quot;end&quot;:100}},&quot;background_motion_fx_devices&quot;:[&quot;desktop&quot;,&quot;laptop&quot;,&quot;tablet&quot;,&quot;mobile&quot;]}\">\n\t\t<div class=\"elementor-element elementor-element-7646b5ba e-flex e-con-boxed elementor-invisible e-con e-child\" data-id=\"7646b5ba\" data-element_type=\"container\" data-settings=\"{&quot;animation&quot;:&quot;slideInUp&quot;,&quot;animation_delay&quot;:150}\">\n\t\t\t\t\t<div class=\"e-con-inner\">\n\t\t<div class=\"elementor-element elementor-element-25ac335 e-con-full e-flex e-con e-child\" data-id=\"25ac335\" data-element_type=\"container\">\n\t\t\t\t<div class=\"elementor-element elementor-element-e0b62b6 elementor-widget elementor-widget-heading\" data-id=\"e0b62b6\" data-element_type=\"widget\" data-widget_type=\"heading.default\">\n\t\t\t\t<div class=\"elementor-widget-container\">\n\t\t\t\t\t<div class=\"elementor-heading-title elementor-size-default\">\ud83d\udc4b<\/div>\t\t\t\t<\/div>\n\t\t\t\t<\/div>\n\t\t\t\t<\/div>\n\t\t\t\t<div class=\"elementor-element elementor-element-32d7345d elementor-widget__width-initial elementor-widget elementor-widget-elementskit-heading\" data-id=\"32d7345d\" data-element_type=\"widget\" data-widget_type=\"elementskit-heading.default\">\n\t\t\t\t<div class=\"elementor-widget-container\">\n\t\t\t\t\t<div class=\"ekit-wid-con\" ><div class=\"ekit-heading elementskit-section-title-wraper text_center   ekit_heading_tablet-   ekit_heading_mobile-\"><h2 class=\"ekit-heading--title elementskit-section-title text_fill\">Main Areas of <span><span>Representation<\/span><\/span> and Activity<\/h2><\/div><\/div>\t\t\t\t<\/div>\n\t\t\t\t<\/div>\n\t\t\t\t\t<\/div>\n\t\t\t\t<\/div>\n\t\t\t\t<\/div>\n\t\t<div class=\"elementor-element elementor-element-bb2cab2 e-con-full e-flex e-con e-parent\" data-id=\"bb2cab2\" data-element_type=\"container\" data-settings=\"{&quot;background_background&quot;:&quot;classic&quot;}\">\n\t\t<div class=\"elementor-element elementor-element-32768cb1 e-con-full e-flex e-con e-child\" data-id=\"32768cb1\" data-element_type=\"container\">\n\t\t<div class=\"elementor-element elementor-element-58f53871 e-con-full e-flex elementor-invisible e-con e-child\" data-id=\"58f53871\" data-element_type=\"container\" data-settings=\"{&quot;background_background&quot;:&quot;classic&quot;,&quot;animation&quot;:&quot;slideInUp&quot;,&quot;animation_delay&quot;:150}\">\n\t\t\t\t<div class=\"elementor-element elementor-element-2345da2c elementor-widget elementor-widget-image\" data-id=\"2345da2c\" data-element_type=\"widget\" data-widget_type=\"image.default\">\n\t\t\t\t<div class=\"elementor-widget-container\">\n\t\t\t\t\t\t\t\t\t\t\t\t\t\t\t\t<a href=\"https:\/\/seasoul-tech.pt\/en\/containers-e-edge-devices\/\">\n\t\t\t\t\t\t\t<img fetchpriority=\"high\" decoding=\"async\" width=\"800\" height=\"450\" src=\"https:\/\/seasoul-tech.pt\/wp-content\/uploads\/2024\/10\/digital-blue-hud-interface-laptop-concept-1-1-1024x576.jpg\" class=\"attachment-large size-large wp-image-2298\" alt=\"digital-blue-hud-interface-laptop-concept-1\" srcset=\"https:\/\/seasoul-tech.pt\/wp-content\/uploads\/2024\/10\/digital-blue-hud-interface-laptop-concept-1-1-1024x576.jpg 1024w, https:\/\/seasoul-tech.pt\/wp-content\/uploads\/2024\/10\/digital-blue-hud-interface-laptop-concept-1-1-300x169.jpg 300w, https:\/\/seasoul-tech.pt\/wp-content\/uploads\/2024\/10\/digital-blue-hud-interface-laptop-concept-1-1-768x432.jpg 768w, https:\/\/seasoul-tech.pt\/wp-content\/uploads\/2024\/10\/digital-blue-hud-interface-laptop-concept-1-1.jpg 1500w\" sizes=\"(max-width: 800px) 100vw, 800px\" \/>\t\t\t\t\t\t\t\t<\/a>\n\t\t\t\t\t\t\t\t\t\t\t\t\t\t\t<\/div>\n\t\t\t\t<\/div>\n\t\t<div class=\"elementor-element elementor-element-3d36048e e-con-full e-flex e-con e-child\" data-id=\"3d36048e\" data-element_type=\"container\">\n\t\t\t\t<div class=\"elementor-element elementor-element-5b8848dc elementor-widget elementor-widget-heading\" data-id=\"5b8848dc\" data-element_type=\"widget\" data-widget_type=\"heading.default\">\n\t\t\t\t<div class=\"elementor-widget-container\">\n\t\t\t\t\t<h2 class=\"elementor-heading-title elementor-size-default\"><a href=\"https:\/\/seasoul-tech.pt\/en\/containers-e-edge-devices\/\">Containers and Edge Devices<\/a><\/h2>\t\t\t\t<\/div>\n\t\t\t\t<\/div>\n\t\t\t\t<\/div>\n\t\t\t\t<\/div>\n\t\t<div class=\"elementor-element elementor-element-f7182ee e-con-full e-flex elementor-invisible e-con e-child\" data-id=\"f7182ee\" data-element_type=\"container\" data-settings=\"{&quot;background_background&quot;:&quot;classic&quot;,&quot;animation&quot;:&quot;slideInUp&quot;,&quot;animation_delay&quot;:200}\">\n\t\t\t\t<div class=\"elementor-element elementor-element-245157e8 elementor-widget elementor-widget-image\" data-id=\"245157e8\" data-element_type=\"widget\" data-widget_type=\"image.default\">\n\t\t\t\t<div class=\"elementor-widget-container\">\n\t\t\t\t\t\t\t\t\t\t\t\t\t\t\t\t<a href=\"https:\/\/seasoul-tech.pt\/en\/fabricantes-de-maquinas\/\">\n\t\t\t\t\t\t\t<img decoding=\"async\" width=\"800\" height=\"450\" src=\"https:\/\/seasoul-tech.pt\/wp-content\/uploads\/2024\/10\/photographer-plater-1-1-1024x576.jpg\" class=\"attachment-large size-large wp-image-2302\" alt=\"photographer-plater-1\" srcset=\"https:\/\/seasoul-tech.pt\/wp-content\/uploads\/2024\/10\/photographer-plater-1-1-1024x576.jpg 1024w, https:\/\/seasoul-tech.pt\/wp-content\/uploads\/2024\/10\/photographer-plater-1-1-300x169.jpg 300w, https:\/\/seasoul-tech.pt\/wp-content\/uploads\/2024\/10\/photographer-plater-1-1-768x432.jpg 768w, https:\/\/seasoul-tech.pt\/wp-content\/uploads\/2024\/10\/photographer-plater-1-1.jpg 1500w\" sizes=\"(max-width: 800px) 100vw, 800px\" \/>\t\t\t\t\t\t\t\t<\/a>\n\t\t\t\t\t\t\t\t\t\t\t\t\t\t\t<\/div>\n\t\t\t\t<\/div>\n\t\t<div class=\"elementor-element elementor-element-769e6812 e-con-full e-flex e-con e-child\" data-id=\"769e6812\" data-element_type=\"container\">\n\t\t\t\t<div class=\"elementor-element elementor-element-48607e24 elementor-widget elementor-widget-heading\" data-id=\"48607e24\" data-element_type=\"widget\" data-widget_type=\"heading.default\">\n\t\t\t\t<div class=\"elementor-widget-container\">\n\t\t\t\t\t<h2 class=\"elementor-heading-title elementor-size-default\"><a href=\"https:\/\/seasoul-tech.pt\/en\/fabricantes-de-maquinas\/\">Machine Builders<\/a><\/h2>\t\t\t\t<\/div>\n\t\t\t\t<\/div>\n\t\t\t\t<\/div>\n\t\t\t\t<\/div>\n\t\t<div class=\"elementor-element elementor-element-69430bd5 e-con-full e-flex elementor-invisible e-con e-child\" data-id=\"69430bd5\" data-element_type=\"container\" data-settings=\"{&quot;background_background&quot;:&quot;classic&quot;,&quot;animation&quot;:&quot;slideInUp&quot;,&quot;animation_delay&quot;:250}\">\n\t\t\t\t<div class=\"elementor-element elementor-element-11e48143 elementor-widget elementor-widget-image\" data-id=\"11e48143\" data-element_type=\"widget\" data-widget_type=\"image.default\">\n\t\t\t\t<div class=\"elementor-widget-container\">\n\t\t\t\t\t\t\t\t\t\t\t\t\t\t\t\t<a href=\"https:\/\/seasoul-tech.pt\/en\/chatgpt-para-industria\/\">\n\t\t\t\t\t\t\t<img decoding=\"async\" width=\"800\" height=\"450\" src=\"https:\/\/seasoul-tech.pt\/wp-content\/uploads\/2024\/10\/ai-machine-learning-enabling-computers-replicate-human-brain-functioning-self-learning-algorithms-based-data-mining-pattern-recognition-used-solve-complex-tasks-3d-render-animation-1-1-1024x576.jpg\" class=\"attachment-large size-large wp-image-2294\" alt=\"ai-machine-learning-enabling-computers-replicate-human-brain-functioning-self-learning-algorithms-based-data-mining-pattern-recognition-used-solve-complex-tasks-3d-render-animation-1\" srcset=\"https:\/\/seasoul-tech.pt\/wp-content\/uploads\/2024\/10\/ai-machine-learning-enabling-computers-replicate-human-brain-functioning-self-learning-algorithms-based-data-mining-pattern-recognition-used-solve-complex-tasks-3d-render-animation-1-1-1024x576.jpg 1024w, https:\/\/seasoul-tech.pt\/wp-content\/uploads\/2024\/10\/ai-machine-learning-enabling-computers-replicate-human-brain-functioning-self-learning-algorithms-based-data-mining-pattern-recognition-used-solve-complex-tasks-3d-render-animation-1-1-300x169.jpg 300w, https:\/\/seasoul-tech.pt\/wp-content\/uploads\/2024\/10\/ai-machine-learning-enabling-computers-replicate-human-brain-functioning-self-learning-algorithms-based-data-mining-pattern-recognition-used-solve-complex-tasks-3d-render-animation-1-1-768x432.jpg 768w, https:\/\/seasoul-tech.pt\/wp-content\/uploads\/2024\/10\/ai-machine-learning-enabling-computers-replicate-human-brain-functioning-self-learning-algorithms-based-data-mining-pattern-recognition-used-solve-complex-tasks-3d-render-animation-1-1.jpg 1500w\" sizes=\"(max-width: 800px) 100vw, 800px\" \/>\t\t\t\t\t\t\t\t<\/a>\n\t\t\t\t\t\t\t\t\t\t\t\t\t\t\t<\/div>\n\t\t\t\t<\/div>\n\t\t<div class=\"elementor-element elementor-element-4a863b4b e-con-full e-flex e-con e-child\" data-id=\"4a863b4b\" data-element_type=\"container\">\n\t\t\t\t<div class=\"elementor-element elementor-element-17c37bf8 elementor-widget elementor-widget-heading\" data-id=\"17c37bf8\" data-element_type=\"widget\" data-widget_type=\"heading.default\">\n\t\t\t\t<div class=\"elementor-widget-container\">\n\t\t\t\t\t<h2 class=\"elementor-heading-title elementor-size-default\"><a href=\"https:\/\/seasoul-tech.pt\/en\/chatgpt-para-industria\/\">ChatGPT for Industry<\/a><\/h2>\t\t\t\t<\/div>\n\t\t\t\t<\/div>\n\t\t\t\t<\/div>\n\t\t\t\t<\/div>\n\t\t\t\t<\/div>\n\t\t\t\t<\/div>\n\t\t<div class=\"elementor-element elementor-element-1488c72 e-flex e-con-boxed e-con e-parent\" data-id=\"1488c72\" data-element_type=\"container\">\n\t\t\t\t\t<div class=\"e-con-inner\">\n\t\t<div class=\"elementor-element elementor-element-53a78d7 e-con-full e-flex e-con e-child\" data-id=\"53a78d7\" data-element_type=\"container\">\n\t\t<div class=\"elementor-element elementor-element-053d8e8 e-con-full e-flex e-con e-child\" data-id=\"053d8e8\" data-element_type=\"container\">\n\t\t\t\t<div class=\"elementor-element elementor-element-9537bd8 elementor-widget elementor-widget-elementskit-heading\" data-id=\"9537bd8\" data-element_type=\"widget\" data-widget_type=\"elementskit-heading.default\">\n\t\t\t\t<div class=\"elementor-widget-container\">\n\t\t\t\t\t<div class=\"ekit-wid-con\" ><div class=\"ekit-heading elementskit-section-title-wraper text_left   ekit_heading_tablet-   ekit_heading_mobile-text_left\"><h2 class=\"ekit-heading--title elementskit-section-title text_fill\"><span><span>A Sea Soul - Technologies <\/span><\/span> has been contacted by several foreign companies that want to expand their business to Portugal and CPLP*<\/h2><\/div><\/div>\t\t\t\t<\/div>\n\t\t\t\t<\/div>\n\t\t\t\t<\/div>\n\t\t<div class=\"elementor-element elementor-element-89a4763 e-con-full e-flex e-con e-child\" data-id=\"89a4763\" data-element_type=\"container\">\n\t\t\t\t<div class=\"elementor-element elementor-element-75a424d elementor-widget elementor-widget-text-editor\" data-id=\"75a424d\" data-element_type=\"widget\" data-widget_type=\"text-editor.default\">\n\t\t\t\t<div class=\"elementor-widget-container\">\n\t\t\t\t\t\t\t\t\t<p>As we have knowledge of product development and industry, we are able to provide a more informed and direct approach to the client's problems and needs.<br \/><br \/>We chose to represent the following companies because they offer solutions that we had not yet found in Portugal. Centralized management of containers and edge devices, Industry 4.0 software applied directly to OEMs (Original Equipment Manufacturers) and Chat GPT for Industry.<br \/><br \/>In addition, 40Factory and Portainer are also partners. 40Factory uses Portainer to manage and deploy all of its equipment.<\/p><p><strong>* Community of Portuguese Speaking Countries<\/strong><\/p>\t\t\t\t\t\t\t\t<\/div>\n\t\t\t\t<\/div>\n\t\t\t\t<\/div>\n\t\t\t\t<\/div>\n\t\t\t\t\t<\/div>\n\t\t\t\t<\/div>\n\t\t<div class=\"elementor-element elementor-element-9f9a568 e-con-full e-flex e-con e-parent\" data-id=\"9f9a568\" data-element_type=\"container\" data-settings=\"{&quot;background_background&quot;:&quot;gradient&quot;}\">\n\t\t<div class=\"elementor-element elementor-element-fe1695a e-flex e-con-boxed e-con e-child\" data-id=\"fe1695a\" data-element_type=\"container\">\n\t\t\t\t\t<div class=\"e-con-inner\">\n\t\t\t\t<div class=\"elementor-element elementor-element-c19c134 elementor-widget__width-initial elementor-widget elementor-widget-elementskit-heading\" data-id=\"c19c134\" data-element_type=\"widget\" data-widget_type=\"elementskit-heading.default\">\n\t\t\t\t<div class=\"elementor-widget-container\">\n\t\t\t\t\t<div class=\"ekit-wid-con\" ><div class=\"ekit-heading elementskit-section-title-wraper text_left   ekit_heading_tablet-   ekit_heading_mobile-text_center\"><h2 class=\"ekit-heading--title elementskit-section-title text_fill translation-block\">Transform your industry with <span>innovative solutions<\/span><\/h2><\/div><\/div>\t\t\t\t<\/div>\n\t\t\t\t<\/div>\n\t\t\t\t<div class=\"elementor-element elementor-element-85f32b7 elementor-align-left elementor-widget elementor-widget-elementskit-button\" data-id=\"85f32b7\" data-element_type=\"widget\" data-widget_type=\"elementskit-button.default\">\n\t\t\t\t<div class=\"elementor-widget-container\">\n\t\t\t\t\t<div class=\"ekit-wid-con\" >\t\t<div class=\"ekit-btn-wraper\">\n\t\t\t\t\t\t\t<a href=\"https:\/\/seasoul-tech.pt\/en\/contatos\/\" class=\"elementskit-btn  whitespace--normal\" id=\"\">\n\t\t\t\t\tLets analyze your project<i class=\"icon icon-right-arrow1\"><\/i>\t\t\t\t<\/a>\n\t\t\t\t\t<\/div>\n        <\/div>\t\t\t\t<\/div>\n\t\t\t\t<\/div>\n\t\t\t\t\t<\/div>\n\t\t\t\t<\/div>\n\t\t\t\t<\/div>\n\t\t\t\t<\/div>","protected":false},"excerpt":{"rendered":"<p>\ud83d\udc4b Principais \u00c1reas de Representa\u00e7\u00e3o e Atua\u00e7\u00e3o Containers e Edge Devices Fabricantes de M\u00e1quinas ChatGPT para Ind\u00fastria A Sea Soul &#8211; Technologies tem sido contactada por v\u00e1rias empresas estrangeiras que querem evoluir o seu neg\u00f3cio para Portugal e CPLP* Como temos conhecimento de desenvolvimento de produto e de Ind\u00fastria, conseguimos uma abordagem mais informada e [&hellip;]<\/p>","protected":false},"author":1,"featured_media":0,"parent":0,"menu_order":0,"comment_status":"closed","ping_status":"closed","template":"elementor_header_footer","meta":{"_monsterinsights_skip_tracking":false,"_monsterinsights_sitenote_active":false,"_monsterinsights_sitenote_note":"","_monsterinsights_sitenote_category":0,"footnotes":""},"class_list":["post-1140","page","type-page","status-publish","hentry"],"aioseo_notices":[],"_links":{"self":[{"href":"https:\/\/seasoul-tech.pt\/en\/wp-json\/wp\/v2\/pages\/1140","targetHints":{"allow":["GET"]}}],"collection":[{"href":"https:\/\/seasoul-tech.pt\/en\/wp-json\/wp\/v2\/pages"}],"about":[{"href":"https:\/\/seasoul-tech.pt\/en\/wp-json\/wp\/v2\/types\/page"}],"author":[{"embeddable":true,"href":"https:\/\/seasoul-tech.pt\/en\/wp-json\/wp\/v2\/users\/1"}],"replies":[{"embeddable":true,"href":"https:\/\/seasoul-tech.pt\/en\/wp-json\/wp\/v2\/comments?post=1140"}],"version-history":[{"count":1,"href":"https:\/\/seasoul-tech.pt\/en\/wp-json\/wp\/v2\/pages\/1140\/revisions"}],"predecessor-version":[{"id":2675,"href":"https:\/\/seasoul-tech.pt\/en\/wp-json\/wp\/v2\/pages\/1140\/revisions\/2675"}],"wp:attachment":[{"href":"https:\/\/seasoul-tech.pt\/en\/wp-json\/wp\/v2\/media?parent=1140"}],"curies":[{"name":"wp","href":"https:\/\/api.w.org\/{rel}","templated":true}]}}