{"id":1401,"date":"2024-10-01T09:14:46","date_gmt":"2024-10-01T09:14:46","guid":{"rendered":"https:\/\/seasoul-tech.pt\/?page_id=1401"},"modified":"2025-02-06T13:53:02","modified_gmt":"2025-02-06T13:53:02","slug":"futuro","status":"publish","type":"page","link":"https:\/\/seasoul-tech.pt\/en\/futuro\/","title":{"rendered":"Future"},"content":{"rendered":"<div data-elementor-type=\"wp-page\" data-elementor-id=\"1401\" class=\"elementor elementor-1401\" data-elementor-post-type=\"page\">\n\t\t\t\t<div class=\"elementor-element elementor-element-5e6de1d9 e-con-full e-flex e-con e-parent\" data-id=\"5e6de1d9\" data-element_type=\"container\" data-settings=\"{&quot;background_background&quot;:&quot;gradient&quot;,&quot;background_motion_fx_motion_fx_scrolling&quot;:&quot;yes&quot;,&quot;background_motion_fx_translateX_effect&quot;:&quot;yes&quot;,&quot;background_motion_fx_translateX_speed&quot;:{&quot;unit&quot;:&quot;px&quot;,&quot;size&quot;:6.5,&quot;sizes&quot;:[]},&quot;background_motion_fx_translateX_affectedRange&quot;:{&quot;unit&quot;:&quot;%&quot;,&quot;size&quot;:&quot;&quot;,&quot;sizes&quot;:{&quot;start&quot;:0,&quot;end&quot;:100}},&quot;background_motion_fx_devices&quot;:[&quot;desktop&quot;,&quot;laptop&quot;,&quot;tablet&quot;,&quot;mobile&quot;]}\">\n\t\t<div class=\"elementor-element elementor-element-2a603233 animated-fast e-flex e-con-boxed elementor-invisible e-con e-child\" data-id=\"2a603233\" data-element_type=\"container\" data-settings=\"{&quot;animation&quot;:&quot;slideInUp&quot;,&quot;animation_delay&quot;:150}\">\n\t\t\t\t\t<div class=\"e-con-inner\">\n\t\t<div class=\"elementor-element elementor-element-459e535e e-con-full e-flex e-con e-child\" data-id=\"459e535e\" data-element_type=\"container\">\n\t\t\t\t<div class=\"elementor-element elementor-element-d948ab5 elementor-widget elementor-widget-heading\" data-id=\"d948ab5\" data-element_type=\"widget\" data-widget_type=\"heading.default\">\n\t\t\t\t<div class=\"elementor-widget-container\">\n\t\t\t\t\t<div class=\"elementor-heading-title elementor-size-default\">\ud83d\udc4b<\/div>\t\t\t\t<\/div>\n\t\t\t\t<\/div>\n\t\t\t\t<\/div>\n\t\t\t\t<div class=\"elementor-element elementor-element-64853343 elementor-widget__width-initial elementor-widget elementor-widget-elementskit-heading\" data-id=\"64853343\" data-element_type=\"widget\" data-widget_type=\"elementskit-heading.default\">\n\t\t\t\t<div class=\"elementor-widget-container\">\n\t\t\t\t\t<div class=\"ekit-wid-con\" ><div class=\"ekit-heading elementskit-section-title-wraper text_center   ekit_heading_tablet-   ekit_heading_mobile-\"><h2 class=\"ekit-heading--title elementskit-section-title text_fill\">Future <br> <span><span>New Solutions<\/span><\/span><\/h2><\/div><\/div>\t\t\t\t<\/div>\n\t\t\t\t<\/div>\n\t\t\t\t\t<\/div>\n\t\t\t\t<\/div>\n\t\t\t\t<\/div>\n\t\t<div class=\"elementor-element elementor-element-6f2f840 e-flex e-con-boxed e-con e-parent\" data-id=\"6f2f840\" data-element_type=\"container\">\n\t\t\t\t\t<div class=\"e-con-inner\">\n\t\t<div class=\"elementor-element elementor-element-77604aa e-con-full e-flex e-con e-child\" data-id=\"77604aa\" data-element_type=\"container\">\n\t\t<div class=\"elementor-element elementor-element-f06f21d e-con-full e-flex e-con e-child\" data-id=\"f06f21d\" data-element_type=\"container\">\n\t\t\t\t<div class=\"elementor-element elementor-element-906a962 elementor-widget elementor-widget-elementskit-heading\" data-id=\"906a962\" data-element_type=\"widget\" data-widget_type=\"elementskit-heading.default\">\n\t\t\t\t<div class=\"elementor-widget-container\">\n\t\t\t\t\t<div class=\"ekit-wid-con\" ><div class=\"ekit-heading elementskit-section-title-wraper text_left   ekit_heading_tablet-   ekit_heading_mobile-text_left\"><h2 class=\"ekit-heading--title elementskit-section-title text_fill\">We continue to analyze several <span><span>partners<\/span><\/span>, mainly <span><span>start-ups<\/span><\/span> that can add solutions to the industry value chain.<\/h2><\/div><\/div>\t\t\t\t<\/div>\n\t\t\t\t<\/div>\n\t\t\t\t<\/div>\n\t\t<div class=\"elementor-element elementor-element-37f07ea e-con-full e-flex e-con e-child\" data-id=\"37f07ea\" data-element_type=\"container\">\n\t\t\t\t<div class=\"elementor-element elementor-element-61d4e39 elementor-widget elementor-widget-text-editor\" data-id=\"61d4e39\" data-element_type=\"widget\" data-widget_type=\"text-editor.default\">\n\t\t\t\t<div class=\"elementor-widget-container\">\n\t\t\t\t\t\t\t\t\t<p>Some may not develop industry-specific products, but our role is to understand how these products can be transformed into a valuable solution for the industry.<\/p><p>\u00a0<\/p><p>We also use <strong>TEST BEDs<\/strong> to develop and test new solutions before they are launched on the market.<\/p><p>\u00a0<\/p><p>We have close contact with universities and research centers. <strong>universities<\/strong> and <strong>centros de investiga\u00e7\u00e3o<\/strong>.<\/p>\t\t\t\t\t\t\t\t<\/div>\n\t\t\t\t<\/div>\n\t\t\t\t<\/div>\n\t\t\t\t<\/div>\n\t\t\t\t\t<\/div>\n\t\t\t\t<\/div>\n\t\t<div class=\"elementor-element elementor-element-dde36fa e-flex e-con-boxed e-con e-parent\" data-id=\"dde36fa\" data-element_type=\"container\">\n\t\t\t\t\t<div class=\"e-con-inner\">\n\t\t<div class=\"elementor-element elementor-element-dba57cb e-con-full e-flex e-con e-child\" data-id=\"dba57cb\" data-element_type=\"container\">\n\t\t<div class=\"elementor-element elementor-element-0161a00 e-con-full e-flex e-con e-child\" data-id=\"0161a00\" data-element_type=\"container\">\n\t\t\t\t<div class=\"elementor-element elementor-element-7fbe4d4 elementor-widget elementor-widget-elementskit-heading\" data-id=\"7fbe4d4\" data-element_type=\"widget\" data-widget_type=\"elementskit-heading.default\">\n\t\t\t\t<div class=\"elementor-widget-container\">\n\t\t\t\t\t<div class=\"ekit-wid-con\" ><div class=\"ekit-heading elementskit-section-title-wraper text_left   ekit_heading_tablet-   ekit_heading_mobile-text_left\"><h2 class=\"ekit-heading--title elementskit-section-title text_fill\"><span><span>Ecosystem<\/span><\/span><\/h2><\/div><\/div>\t\t\t\t<\/div>\n\t\t\t\t<\/div>\n\t\t\t\t<div class=\"elementor-element elementor-element-0e1b7da elementor-widget elementor-widget-elementskit-heading\" data-id=\"0e1b7da\" data-element_type=\"widget\" data-widget_type=\"elementskit-heading.default\">\n\t\t\t\t<div class=\"elementor-widget-container\">\n\t\t\t\t\t<div class=\"ekit-wid-con\" ><div class=\"ekit-heading elementskit-section-title-wraper text_left   ekit_heading_tablet-   ekit_heading_mobile-text_left\"><h2 class=\"ekit-heading--title elementskit-section-title text_fill\">Even if you don't find the ideal solution for you here, <span><span>challenge us<\/span><\/span> <\/h2><\/div><\/div>\t\t\t\t<\/div>\n\t\t\t\t<\/div>\n\t\t\t\t<\/div>\n\t\t<div class=\"elementor-element elementor-element-6db69a2 e-con-full e-flex e-con e-child\" data-id=\"6db69a2\" data-element_type=\"container\">\n\t\t\t\t<div class=\"elementor-element elementor-element-ad4a257 elementor-widget elementor-widget-text-editor\" data-id=\"ad4a257\" data-element_type=\"widget\" data-widget_type=\"text-editor.default\">\n\t\t\t\t<div class=\"elementor-widget-container\">\n\t\t\t\t\t\t\t\t\t<p>A<strong> UA Incubator<\/strong> has startups with products in:<\/p><ul><li>Augmented reality<\/li><li>Photonics<\/li><li>New energy production technologies<\/li><li>5G<\/li><li>High performance, low environmental impact road pavement<\/li><li>Imaging<\/li><li>Artificial intelligence applied to water supply<\/li><li>Biowaste composting<\/li><li>Artificial Intelligence for Data Science<\/li><li>Liquid control<\/li><\/ul><p>Combining this ecosystem with the research done by:<\/p><ul><li>Telecommunications Institute of the University of Aveiro<\/li><li>DIGI2 of the Faculty of Engineering of the University of Porto we can get you the solution you are looking for.<\/li><\/ul><p>we can get you the solution you are looking for.<\/p>\t\t\t\t\t\t\t\t<\/div>\n\t\t\t\t<\/div>\n\t\t\t\t<\/div>\n\t\t\t\t<\/div>\n\t\t\t\t\t<\/div>\n\t\t\t\t<\/div>\n\t\t<div class=\"elementor-element elementor-element-a1aa9fb e-con-full e-flex e-con e-parent\" data-id=\"a1aa9fb\" data-element_type=\"container\">\n\t\t<div class=\"elementor-element elementor-element-f88b594 e-con-full e-flex e-con e-child\" data-id=\"f88b594\" data-element_type=\"container\" data-settings=\"{&quot;background_background&quot;:&quot;classic&quot;}\">\n\t\t<div class=\"elementor-element elementor-element-b9571dc e-con-full e-flex e-con e-child\" data-id=\"b9571dc\" data-element_type=\"container\" data-settings=\"{&quot;shape_divider_top&quot;:&quot;arrow&quot;,&quot;shape_divider_bottom&quot;:&quot;arrow&quot;}\">\n\t\t\t\t<div class=\"elementor-shape elementor-shape-top\" aria-hidden=\"true\" data-negative=\"false\">\n\t\t\t<svg xmlns=\"http:\/\/www.w3.org\/2000\/svg\" viewbox=\"0 0 700 10\" preserveaspectratio=\"none\">\n\t<path class=\"elementor-shape-fill\" d=\"M350,10L340,0h20L350,10z\"\/>\n<\/svg>\t\t<\/div>\n\t\t\t\t<div class=\"elementor-shape elementor-shape-bottom\" aria-hidden=\"true\" data-negative=\"false\">\n\t\t\t<svg xmlns=\"http:\/\/www.w3.org\/2000\/svg\" viewbox=\"0 0 700 10\" preserveaspectratio=\"none\">\n\t<path class=\"elementor-shape-fill\" d=\"M350,10L340,0h20L350,10z\"\/>\n<\/svg>\t\t<\/div>\n\t\t<div class=\"elementor-element elementor-element-be4f180 e-con-full e-flex e-con e-child\" data-id=\"be4f180\" data-element_type=\"container\">\n\t\t\t\t<div class=\"elementor-element elementor-element-e52d82c elementor-widget elementor-widget-elementskit-heading\" data-id=\"e52d82c\" data-element_type=\"widget\" data-widget_type=\"elementskit-heading.default\">\n\t\t\t\t<div class=\"elementor-widget-container\">\n\t\t\t\t\t<div class=\"ekit-wid-con\" ><div class=\"ekit-heading elementskit-section-title-wraper text_center   ekit_heading_tablet-   ekit_heading_mobile-\"><h2 class=\"ekit-heading--title elementskit-section-title text_fill\"><span><span>Test Beds<\/span><\/span><\/h2><\/div><\/div>\t\t\t\t<\/div>\n\t\t\t\t<\/div>\n\t\t\t\t<div class=\"elementor-element elementor-element-01400bd elementor-widget__width-initial elementor-widget elementor-widget-text-editor\" data-id=\"01400bd\" data-element_type=\"widget\" data-widget_type=\"text-editor.default\">\n\t\t\t\t<div class=\"elementor-widget-container\">\n\t\t\t\t\t\t\t\t\t<p>Expansion of Test Environments to Accelerate Technological Innovation<\/p>\t\t\t\t\t\t\t\t<\/div>\n\t\t\t\t<\/div>\n\t\t\t\t<\/div>\n\t\t<div class=\"elementor-element elementor-element-ac66fa9 e-grid e-con-full e-con e-child\" data-id=\"ac66fa9\" data-element_type=\"container\">\n\t\t\t\t<div class=\"elementor-element elementor-element-03839d5 ekit-equal-height-disable elementor-invisible elementor-widget elementor-widget-elementskit-icon-box\" data-id=\"03839d5\" data-element_type=\"widget\" data-settings=\"{&quot;_animation&quot;:&quot;slideInUp&quot;,&quot;_animation_delay&quot;:150}\" data-widget_type=\"elementskit-icon-box.default\">\n\t\t\t\t<div class=\"elementor-widget-container\">\n\t\t\t\t\t<div class=\"ekit-wid-con\" >        <!-- link opening -->\n                <a href=\"#\" class=\"ekit_global_links\">\n                <!-- end link opening -->\n\n        <div class=\"elementskit-infobox text-left text-left icon-lef-right-aligin elementor-animation- media\">\n                    <div class=\"elementskit-box-header elementor-animation-\">\n                <div class=\"elementskit-info-box-icon  text-center\">\n                    <i aria-hidden=\"true\" class=\"elementkit-infobox-icon icon icon-shuffle-arrow\"><\/i>\n                <\/div>\n          <\/div>\n                        <div class=\"box-body\">\n                            <h3 class=\"elementskit-info-box-title\">\n                    Inov.Solutions                <\/h3>\n                        \t\t  \t<p>The objective is to develop Cyber-Physical solutions based on robotics and automation for the industry. STREAK will provide its expertise in these areas as well as its laboratory for development. This way, Sea Soul - Technologies will have the ideal conditions to develop its solutions. The first pilot has already started with TRL 3 and aims to build a robotic system for automatic tool changing.<\/p>\n                                <\/div>\n        \n        \n                <\/div>\n                <\/a>\n        <\/div>\t\t\t\t<\/div>\n\t\t\t\t<\/div>\n\t\t\t\t<div class=\"elementor-element elementor-element-facffbf elementor-widget elementor-widget-image\" data-id=\"facffbf\" data-element_type=\"widget\" data-widget_type=\"image.default\">\n\t\t\t\t<div class=\"elementor-widget-container\">\n\t\t\t\t\t\t\t\t\t\t\t\t\t\t\t<img fetchpriority=\"high\" decoding=\"async\" width=\"800\" height=\"450\" src=\"https:\/\/seasoul-tech.pt\/wp-content\/uploads\/2024\/10\/streak-logo-1024x576.jpg\" class=\"attachment-large size-large wp-image-1938\" alt=\"streak-logo\" srcset=\"https:\/\/seasoul-tech.pt\/wp-content\/uploads\/2024\/10\/streak-logo-1024x576.jpg 1024w, https:\/\/seasoul-tech.pt\/wp-content\/uploads\/2024\/10\/streak-logo-300x169.jpg 300w, https:\/\/seasoul-tech.pt\/wp-content\/uploads\/2024\/10\/streak-logo-768x432.jpg 768w, https:\/\/seasoul-tech.pt\/wp-content\/uploads\/2024\/10\/streak-logo-1536x864.jpg 1536w, https:\/\/seasoul-tech.pt\/wp-content\/uploads\/2024\/10\/streak-logo.jpg 1600w\" sizes=\"(max-width: 800px) 100vw, 800px\" \/>\t\t\t\t\t\t\t\t\t\t\t\t\t\t\t<\/div>\n\t\t\t\t<\/div>\n\t\t\t\t<div class=\"elementor-element elementor-element-089b774 ekit-equal-height-disable elementor-invisible elementor-widget elementor-widget-elementskit-icon-box\" data-id=\"089b774\" data-element_type=\"widget\" data-settings=\"{&quot;_animation&quot;:&quot;slideInUp&quot;,&quot;_animation_delay&quot;:200}\" data-widget_type=\"elementskit-icon-box.default\">\n\t\t\t\t<div class=\"elementor-widget-container\">\n\t\t\t\t\t<div class=\"ekit-wid-con\" >        <!-- link opening -->\n                <a href=\"#\" class=\"ekit_global_links\">\n                <!-- end link opening -->\n\n        <div class=\"elementskit-infobox text-left text-left icon-lef-right-aligin elementor-animation- media\">\n                    <div class=\"elementskit-box-header elementor-animation-\">\n                <div class=\"elementskit-info-box-icon  text-center\">\n                    <i aria-hidden=\"true\" class=\"elementkit-infobox-icon icon icon-pencil\"><\/i>\n                <\/div>\n          <\/div>\n                        <div class=\"box-body\">\n                            <h3 class=\"elementskit-info-box-title\">\n                    5G Test Bed &amp; Digital Transformation                <\/h3>\n                        \t\t  \t<p>Development of telemetry sensors capable of communicating using the mobile network. The goal is to apply these sensors in hostile environments and use the existing mobile network to communicate the collected data. The data can then be analyzed on IIoT platforms in near real time with anytime\/anywhere access.<\/p>\n                                <\/div>\n        \n        \n                <\/div>\n                <\/a>\n        <\/div>\t\t\t\t<\/div>\n\t\t\t\t<\/div>\n\t\t\t\t<div class=\"elementor-element elementor-element-7d55a22 elementor-widget elementor-widget-image\" data-id=\"7d55a22\" data-element_type=\"widget\" data-widget_type=\"image.default\">\n\t\t\t\t<div class=\"elementor-widget-container\">\n\t\t\t\t\t\t\t\t\t\t\t\t\t\t\t<img decoding=\"async\" width=\"800\" height=\"450\" src=\"https:\/\/seasoul-tech.pt\/wp-content\/uploads\/2024\/11\/nos-roaming-5g-1024x576.jpg\" class=\"attachment-large size-large wp-image-2828\" alt=\"NOS_5G\" srcset=\"https:\/\/seasoul-tech.pt\/wp-content\/uploads\/2024\/11\/nos-roaming-5g-1024x576.jpg 1024w, https:\/\/seasoul-tech.pt\/wp-content\/uploads\/2024\/11\/nos-roaming-5g-300x169.jpg 300w, https:\/\/seasoul-tech.pt\/wp-content\/uploads\/2024\/11\/nos-roaming-5g-768x432.jpg 768w, https:\/\/seasoul-tech.pt\/wp-content\/uploads\/2024\/11\/nos-roaming-5g-18x10.jpg 18w, https:\/\/seasoul-tech.pt\/wp-content\/uploads\/2024\/11\/nos-roaming-5g.jpg 1280w\" sizes=\"(max-width: 800px) 100vw, 800px\" \/>\t\t\t\t\t\t\t\t\t\t\t\t\t\t\t<\/div>\n\t\t\t\t<\/div>\n\t\t\t\t<div class=\"elementor-element elementor-element-461d2bd ekit-equal-height-disable elementor-invisible elementor-widget elementor-widget-elementskit-icon-box\" data-id=\"461d2bd\" data-element_type=\"widget\" data-settings=\"{&quot;_animation&quot;:&quot;slideInUp&quot;,&quot;_animation_delay&quot;:200}\" data-widget_type=\"elementskit-icon-box.default\">\n\t\t\t\t<div class=\"elementor-widget-container\">\n\t\t\t\t\t<div class=\"ekit-wid-con\" >        <!-- link opening -->\n                <a href=\"#\" class=\"ekit_global_links\">\n                <!-- end link opening -->\n\n        <div class=\"elementskit-infobox text-left text-left icon-lef-right-aligin elementor-animation- media\">\n                    <div class=\"elementskit-box-header elementor-animation-\">\n                <div class=\"elementskit-info-box-icon  text-center\">\n                    <i aria-hidden=\"true\" class=\"elementkit-infobox-icon icon icon-pencil\"><\/i>\n                <\/div>\n          <\/div>\n                        <div class=\"box-body\">\n                            <h3 class=\"elementskit-info-box-title\">\n                    Aveiro Smart Connected Spaces                <\/h3>\n                        \t\t  \t<p>Take advantage of the structure developed by Aveiro Tech City Living Lab.<\/p>\n                                <\/div>\n        \n        \n                <\/div>\n                <\/a>\n        <\/div>\t\t\t\t<\/div>\n\t\t\t\t<\/div>\n\t\t\t\t<div class=\"elementor-element elementor-element-8c0a0b6 elementor-widget elementor-widget-image\" data-id=\"8c0a0b6\" data-element_type=\"widget\" data-widget_type=\"image.default\">\n\t\t\t\t<div class=\"elementor-widget-container\">\n\t\t\t\t\t\t\t\t\t\t\t\t\t\t\t<img decoding=\"async\" width=\"800\" height=\"439\" src=\"https:\/\/seasoul-tech.pt\/wp-content\/uploads\/2024\/10\/aveiro-tech-city-living-lab-1.jpg\" class=\"attachment-large size-large wp-image-1893\" alt=\"aveiro-tech-city-living-lab-1\" srcset=\"https:\/\/seasoul-tech.pt\/wp-content\/uploads\/2024\/10\/aveiro-tech-city-living-lab-1.jpg 934w, https:\/\/seasoul-tech.pt\/wp-content\/uploads\/2024\/10\/aveiro-tech-city-living-lab-1-300x164.jpg 300w, https:\/\/seasoul-tech.pt\/wp-content\/uploads\/2024\/10\/aveiro-tech-city-living-lab-1-768x421.jpg 768w\" sizes=\"(max-width: 800px) 100vw, 800px\" \/>\t\t\t\t\t\t\t\t\t\t\t\t\t\t\t<\/div>\n\t\t\t\t<\/div>\n\t\t\t\t<\/div>\n\t\t<div class=\"elementor-element elementor-element-642573b e-con-full e-flex e-con e-child\" data-id=\"642573b\" data-element_type=\"container\">\n\t\t\t\t<div class=\"elementor-element elementor-element-5b48359 elementor-widget elementor-widget-spacer\" data-id=\"5b48359\" data-element_type=\"widget\" data-widget_type=\"spacer.default\">\n\t\t\t\t<div class=\"elementor-widget-container\">\n\t\t\t\t\t\t\t<div class=\"elementor-spacer\">\n\t\t\t<div class=\"elementor-spacer-inner\"><\/div>\n\t\t<\/div>\n\t\t\t\t\t\t<\/div>\n\t\t\t\t<\/div>\n\t\t\t\t<\/div>\n\t\t\t\t<\/div>\n\t\t\t\t<\/div>\n\t\t\t\t<\/div>\n\t\t\t\t<\/div>","protected":false},"excerpt":{"rendered":"<p>\ud83d\udc4b Futuro Novas Solu\u00e7\u00f5es Continuamos a analisar v\u00e1rios parceiros, principalmente start-ups que possam acrescentar solu\u00e7\u00f5es \u00e1 cadeia de valor da ind\u00fastria Algumas podem n\u00e3o desenvolver produtos espec\u00edficos para a ind\u00fastria, mas a nossa fun\u00e7\u00e3o \u00e9 perceber como esses produtos podem ser transformados numa solu\u00e7\u00e3o valiosa para a ind\u00fastria. \u00a0 Utilizamos tamb\u00e9m TEST BEDs para desenvolver [&hellip;]<\/p>","protected":false},"author":1,"featured_media":0,"parent":0,"menu_order":0,"comment_status":"closed","ping_status":"closed","template":"elementor_header_footer","meta":{"_monsterinsights_skip_tracking":false,"_monsterinsights_sitenote_active":false,"_monsterinsights_sitenote_note":"","_monsterinsights_sitenote_category":0,"footnotes":""},"class_list":["post-1401","page","type-page","status-publish","hentry"],"aioseo_notices":[],"_links":{"self":[{"href":"https:\/\/seasoul-tech.pt\/en\/wp-json\/wp\/v2\/pages\/1401","targetHints":{"allow":["GET"]}}],"collection":[{"href":"https:\/\/seasoul-tech.pt\/en\/wp-json\/wp\/v2\/pages"}],"about":[{"href":"https:\/\/seasoul-tech.pt\/en\/wp-json\/wp\/v2\/types\/page"}],"author":[{"embeddable":true,"href":"https:\/\/seasoul-tech.pt\/en\/wp-json\/wp\/v2\/users\/1"}],"replies":[{"embeddable":true,"href":"https:\/\/seasoul-tech.pt\/en\/wp-json\/wp\/v2\/comments?post=1401"}],"version-history":[{"count":40,"href":"https:\/\/seasoul-tech.pt\/en\/wp-json\/wp\/v2\/pages\/1401\/revisions"}],"predecessor-version":[{"id":3017,"href":"https:\/\/seasoul-tech.pt\/en\/wp-json\/wp\/v2\/pages\/1401\/revisions\/3017"}],"wp:attachment":[{"href":"https:\/\/seasoul-tech.pt\/en\/wp-json\/wp\/v2\/media?parent=1401"}],"curies":[{"name":"wp","href":"https:\/\/api.w.org\/{rel}","templated":true}]}}