{"id":1492,"date":"2024-10-01T13:38:31","date_gmt":"2024-10-01T13:38:31","guid":{"rendered":"https:\/\/seasoul-tech.pt\/?page_id=1492"},"modified":"2024-10-14T11:37:09","modified_gmt":"2024-10-14T11:37:09","slug":"containers-e-edge-devices","status":"publish","type":"page","link":"https:\/\/seasoul-tech.pt\/en\/containers-e-edge-devices\/","title":{"rendered":"Containers and Edge Devices"},"content":{"rendered":"<div data-elementor-type=\"wp-page\" data-elementor-id=\"1492\" class=\"elementor elementor-1492\" data-elementor-post-type=\"page\">\n\t\t\t\t<div class=\"elementor-element elementor-element-5e6de1d9 e-con-full e-flex e-con e-parent\" data-id=\"5e6de1d9\" data-element_type=\"container\" data-settings=\"{&quot;background_background&quot;:&quot;gradient&quot;,&quot;background_motion_fx_motion_fx_scrolling&quot;:&quot;yes&quot;,&quot;background_motion_fx_translateX_effect&quot;:&quot;yes&quot;,&quot;background_motion_fx_translateX_speed&quot;:{&quot;unit&quot;:&quot;px&quot;,&quot;size&quot;:6.5,&quot;sizes&quot;:[]},&quot;background_motion_fx_translateX_affectedRange&quot;:{&quot;unit&quot;:&quot;%&quot;,&quot;size&quot;:&quot;&quot;,&quot;sizes&quot;:{&quot;start&quot;:0,&quot;end&quot;:100}},&quot;background_motion_fx_devices&quot;:[&quot;desktop&quot;,&quot;laptop&quot;,&quot;tablet&quot;,&quot;mobile&quot;]}\">\n\t\t<div class=\"elementor-element elementor-element-2a603233 animated-fast e-flex e-con-boxed elementor-invisible e-con e-child\" data-id=\"2a603233\" data-element_type=\"container\" data-settings=\"{&quot;animation&quot;:&quot;slideInUp&quot;,&quot;animation_delay&quot;:150}\">\n\t\t\t\t\t<div class=\"e-con-inner\">\n\t\t\t\t<div class=\"elementor-element elementor-element-a595b74 elementor-widget__width-initial elementor-widget elementor-widget-elementskit-heading\" data-id=\"a595b74\" data-element_type=\"widget\" data-widget_type=\"elementskit-heading.default\">\n\t\t\t\t<div class=\"elementor-widget-container\">\n\t\t\t\t\t<div class=\"ekit-wid-con\" ><div class=\"ekit-heading elementskit-section-title-wraper text_center   ekit_heading_tablet-   ekit_heading_mobile-\"><h2 class=\"ekit-heading--title elementskit-section-title text_fill\">Containers e <span><span>Edge Devices<\/span><\/span><\/h2><\/div><\/div>\t\t\t\t<\/div>\n\t\t\t\t<\/div>\n\t\t\t\t\t<\/div>\n\t\t\t\t<\/div>\n\t\t\t\t<\/div>\n\t\t<div class=\"elementor-element elementor-element-e055e0b e-flex e-con-boxed e-con e-parent\" data-id=\"e055e0b\" data-element_type=\"container\" data-settings=\"{&quot;background_background&quot;:&quot;classic&quot;}\">\n\t\t\t\t\t<div class=\"e-con-inner\">\n\t\t\t\t<div class=\"elementor-element elementor-element-cb5f75d elementor-widget elementor-widget-spacer\" data-id=\"cb5f75d\" data-element_type=\"widget\" data-widget_type=\"spacer.default\">\n\t\t\t\t<div class=\"elementor-widget-container\">\n\t\t\t\t\t\t\t<div class=\"elementor-spacer\">\n\t\t\t<div class=\"elementor-spacer-inner\"><\/div>\n\t\t<\/div>\n\t\t\t\t\t\t<\/div>\n\t\t\t\t<\/div>\n\t\t\t\t\t<\/div>\n\t\t\t\t<\/div>\n\t\t<div class=\"elementor-element elementor-element-02a1ac0 e-flex e-con-boxed e-con e-parent\" data-id=\"02a1ac0\" data-element_type=\"container\">\n\t\t\t\t\t<div class=\"e-con-inner\">\n\t\t<div class=\"elementor-element elementor-element-48c7f6a e-con-full e-flex e-con e-child\" data-id=\"48c7f6a\" data-element_type=\"container\">\n\t\t\t\t<div class=\"elementor-element elementor-element-d0caa19 elementor-widget elementor-widget-image\" data-id=\"d0caa19\" data-element_type=\"widget\" data-widget_type=\"image.default\">\n\t\t\t\t<div class=\"elementor-widget-container\">\n\t\t\t\t\t\t\t\t\t\t\t\t\t\t\t<img fetchpriority=\"high\" decoding=\"async\" width=\"800\" height=\"234\" src=\"https:\/\/seasoul-tech.pt\/wp-content\/uploads\/2024\/10\/Imagem_portiner_logo_sem_fundo-removebg-preview.png\" class=\"attachment-large size-large wp-image-1785\" alt=\"Imagem_portiner_logo_sem_fundo-removebg-preview\" srcset=\"https:\/\/seasoul-tech.pt\/wp-content\/uploads\/2024\/10\/Imagem_portiner_logo_sem_fundo-removebg-preview.png 920w, https:\/\/seasoul-tech.pt\/wp-content\/uploads\/2024\/10\/Imagem_portiner_logo_sem_fundo-removebg-preview-300x88.png 300w, https:\/\/seasoul-tech.pt\/wp-content\/uploads\/2024\/10\/Imagem_portiner_logo_sem_fundo-removebg-preview-768x225.png 768w\" sizes=\"(max-width: 800px) 100vw, 800px\" \/>\t\t\t\t\t\t\t\t\t\t\t\t\t\t\t<\/div>\n\t\t\t\t<\/div>\n\t\t\t\t<div class=\"elementor-element elementor-element-478e850 elementor-widget-tablet__width-initial elementor-widget elementor-widget-text-editor\" data-id=\"478e850\" data-element_type=\"widget\" data-widget_type=\"text-editor.default\">\n\t\t\t\t<div class=\"elementor-widget-container\">\n\t\t\t\t\t\t\t\t\t<p data-pm-slice=\"1 1 []\">Portainer &#8211; Gest\u00e3o centralizada de containers e Edge Devices<br \/>Como por exemplo Docker, Swarm, Kubernets, Edge, Azure.<br \/>Muito vantajoso, por exemplo, para gest\u00e3o e atualiza\u00e7\u00e3o de Edge Devices.<br \/>Mas a melhor maneira de perceber \u00e9 vendo o v\u00eddeo em <a style=\"color: #14bff9;\" href=\"https:\/\/www.portainer.io\/\"><strong>portainer.io<\/strong><\/a>.<br \/>Em Portugal est\u00e1 a ser usado pelo Instituto de Telecomunica\u00e7\u00f5es <strong><a style=\"color: #14bff9;\" href=\"https:\/\/www.it.pt\/\">it.pt<\/a>.<br \/><\/strong>Esta parceria foi comunicada pelas 2 institui\u00e7\u00f5es e publicada no IOT Use Cases.<\/p><p><blockquote class=\"wp-embedded-content\" data-secret=\"T8fhsBRa1k\"><a href=\"https:\/\/iotusecase.com\/en\/use-cases\/automatic-management-of-edge-based-vehicular-services-on-smart-city\/\">Automatic Management of Edge-based Vehicular Services on Smart-City<\/a><\/blockquote><iframe class=\"wp-embedded-content\" sandbox=\"allow-scripts\" security=\"restricted\" style=\"position: absolute; visibility: hidden;\" title=\"&#8220;Automatic Management of Edge-based Vehicular Services on Smart-City&#8221; &#8212; IoT Use Case\" src=\"https:\/\/iotusecase.com\/en\/use-cases\/automatic-management-of-edge-based-vehicular-services-on-smart-city\/embed\/#?secret=Y5LdbOKxBg#?secret=T8fhsBRa1k\" data-secret=\"T8fhsBRa1k\" width=\"600\" height=\"338\" frameborder=\"0\" marginwidth=\"0\" marginheight=\"0\" scrolling=\"no\"><\/iframe><\/p>\t\t\t\t\t\t\t\t<\/div>\n\t\t\t\t<\/div>\n\t\t\t\t<\/div>\n\t\t<div class=\"elementor-element elementor-element-c033801 e-con-full e-flex e-con e-child\" data-id=\"c033801\" data-element_type=\"container\">\n\t\t\t\t<div class=\"elementor-element elementor-element-ad7e358 elementor-hidden-tablet elementor-hidden-mobile elementor-widget elementor-widget-image\" data-id=\"ad7e358\" data-element_type=\"widget\" data-widget_type=\"image.default\">\n\t\t\t\t<div class=\"elementor-widget-container\">\n\t\t\t\t\t\t\t\t\t\t\t\t\t\t\t<img decoding=\"async\" width=\"648\" height=\"560\" src=\"https:\/\/seasoul-tech.pt\/wp-content\/uploads\/2024\/10\/Imagem_portiner_dashboard.jpg\" class=\"attachment-large size-large wp-image-1778\" alt=\"Imagem_portiner_dashboard\" srcset=\"https:\/\/seasoul-tech.pt\/wp-content\/uploads\/2024\/10\/Imagem_portiner_dashboard.jpg 648w, https:\/\/seasoul-tech.pt\/wp-content\/uploads\/2024\/10\/Imagem_portiner_dashboard-300x259.jpg 300w\" sizes=\"(max-width: 648px) 100vw, 648px\" \/>\t\t\t\t\t\t\t\t\t\t\t\t\t\t\t<\/div>\n\t\t\t\t<\/div>\n\t\t\t\t<\/div>\n\t\t\t\t\t<\/div>\n\t\t\t\t<\/div>\n\t\t<div class=\"elementor-element elementor-element-c2026b8 e-flex e-con-boxed e-con e-parent\" data-id=\"c2026b8\" data-element_type=\"container\">\n\t\t\t\t\t<div class=\"e-con-inner\">\n\t\t\t\t<div class=\"elementor-element elementor-element-83460fd elementor-widget-divider--view-line elementor-widget elementor-widget-divider\" data-id=\"83460fd\" data-element_type=\"widget\" data-widget_type=\"divider.default\">\n\t\t\t\t<div class=\"elementor-widget-container\">\n\t\t\t\t\t\t\t<div class=\"elementor-divider\">\n\t\t\t<span class=\"elementor-divider-separator\">\n\t\t\t\t\t\t<\/span>\n\t\t<\/div>\n\t\t\t\t\t\t<\/div>\n\t\t\t\t<\/div>\n\t\t\t\t\t<\/div>\n\t\t\t\t<\/div>\n\t\t\t\t<\/div>","protected":false},"excerpt":{"rendered":"<p>Containers e Edge Devices Portainer &#8211; Gest\u00e3o centralizada de containers e Edge DevicesComo por exemplo Docker, Swarm, Kubernets, Edge, Azure.Muito vantajoso, por exemplo, para gest\u00e3o e atualiza\u00e7\u00e3o de Edge Devices.Mas a melhor maneira de perceber \u00e9 vendo o v\u00eddeo em portainer.io.Em Portugal est\u00e1 a ser usado pelo Instituto de Telecomunica\u00e7\u00f5es it.pt.Esta parceria foi comunicada pelas [&hellip;]<\/p>","protected":false},"author":1,"featured_media":0,"parent":0,"menu_order":0,"comment_status":"closed","ping_status":"closed","template":"elementor_header_footer","meta":{"_monsterinsights_skip_tracking":false,"_monsterinsights_sitenote_active":false,"_monsterinsights_sitenote_note":"","_monsterinsights_sitenote_category":0,"footnotes":""},"class_list":["post-1492","page","type-page","status-publish","hentry"],"aioseo_notices":[],"_links":{"self":[{"href":"https:\/\/seasoul-tech.pt\/en\/wp-json\/wp\/v2\/pages\/1492","targetHints":{"allow":["GET"]}}],"collection":[{"href":"https:\/\/seasoul-tech.pt\/en\/wp-json\/wp\/v2\/pages"}],"about":[{"href":"https:\/\/seasoul-tech.pt\/en\/wp-json\/wp\/v2\/types\/page"}],"author":[{"embeddable":true,"href":"https:\/\/seasoul-tech.pt\/en\/wp-json\/wp\/v2\/users\/1"}],"replies":[{"embeddable":true,"href":"https:\/\/seasoul-tech.pt\/en\/wp-json\/wp\/v2\/comments?post=1492"}],"version-history":[{"count":1,"href":"https:\/\/seasoul-tech.pt\/en\/wp-json\/wp\/v2\/pages\/1492\/revisions"}],"predecessor-version":[{"id":2688,"href":"https:\/\/seasoul-tech.pt\/en\/wp-json\/wp\/v2\/pages\/1492\/revisions\/2688"}],"wp:attachment":[{"href":"https:\/\/seasoul-tech.pt\/en\/wp-json\/wp\/v2\/media?parent=1492"}],"curies":[{"name":"wp","href":"https:\/\/api.w.org\/{rel}","templated":true}]}}