{"id":1494,"date":"2024-10-01T13:39:21","date_gmt":"2024-10-01T13:39:21","guid":{"rendered":"https:\/\/seasoul-tech.pt\/?page_id=1494"},"modified":"2024-11-15T18:46:00","modified_gmt":"2024-11-15T18:46:00","slug":"fabricantes-de-maquinas","status":"publish","type":"page","link":"https:\/\/seasoul-tech.pt\/en\/fabricantes-de-maquinas\/","title":{"rendered":"Machine Builders"},"content":{"rendered":"<div data-elementor-type=\"wp-page\" data-elementor-id=\"1494\" class=\"elementor elementor-1494\" data-elementor-post-type=\"page\">\n\t\t\t\t<div class=\"elementor-element elementor-element-5e6de1d9 e-con-full e-flex e-con e-parent\" data-id=\"5e6de1d9\" data-element_type=\"container\" data-settings=\"{&quot;background_background&quot;:&quot;gradient&quot;,&quot;background_motion_fx_motion_fx_scrolling&quot;:&quot;yes&quot;,&quot;background_motion_fx_translateX_effect&quot;:&quot;yes&quot;,&quot;background_motion_fx_translateX_speed&quot;:{&quot;unit&quot;:&quot;px&quot;,&quot;size&quot;:6.5,&quot;sizes&quot;:[]},&quot;background_motion_fx_translateX_affectedRange&quot;:{&quot;unit&quot;:&quot;%&quot;,&quot;size&quot;:&quot;&quot;,&quot;sizes&quot;:{&quot;start&quot;:0,&quot;end&quot;:100}},&quot;background_motion_fx_devices&quot;:[&quot;desktop&quot;,&quot;laptop&quot;,&quot;tablet&quot;,&quot;mobile&quot;]}\">\n\t\t<div class=\"elementor-element elementor-element-2a603233 animated-fast e-flex e-con-boxed elementor-invisible e-con e-child\" data-id=\"2a603233\" data-element_type=\"container\" data-settings=\"{&quot;animation&quot;:&quot;slideInUp&quot;,&quot;animation_delay&quot;:150}\">\n\t\t\t\t\t<div class=\"e-con-inner\">\n\t\t\t\t<div class=\"elementor-element elementor-element-a595b74 elementor-widget__width-initial elementor-widget elementor-widget-elementskit-heading\" data-id=\"a595b74\" data-element_type=\"widget\" data-widget_type=\"elementskit-heading.default\">\n\t\t\t\t<div class=\"elementor-widget-container\">\n\t\t\t\t\t<div class=\"ekit-wid-con\" ><div class=\"ekit-heading elementskit-section-title-wraper text_center   ekit_heading_tablet-   ekit_heading_mobile-\"><h2 class=\"ekit-heading--title elementskit-section-title text_fill\">Machine <span><span>Builders<\/span><\/span><\/h2><\/div><\/div>\t\t\t\t<\/div>\n\t\t\t\t<\/div>\n\t\t\t\t\t<\/div>\n\t\t\t\t<\/div>\n\t\t\t\t<\/div>\n\t\t<div class=\"elementor-element elementor-element-e055e0b e-flex e-con-boxed e-con e-parent\" data-id=\"e055e0b\" data-element_type=\"container\" data-settings=\"{&quot;background_background&quot;:&quot;classic&quot;}\">\n\t\t\t\t\t<div class=\"e-con-inner\">\n\t\t\t\t<div class=\"elementor-element elementor-element-cb5f75d elementor-widget elementor-widget-spacer\" data-id=\"cb5f75d\" data-element_type=\"widget\" data-widget_type=\"spacer.default\">\n\t\t\t\t<div class=\"elementor-widget-container\">\n\t\t\t\t\t\t\t<div class=\"elementor-spacer\">\n\t\t\t<div class=\"elementor-spacer-inner\"><\/div>\n\t\t<\/div>\n\t\t\t\t\t\t<\/div>\n\t\t\t\t<\/div>\n\t\t\t\t\t<\/div>\n\t\t\t\t<\/div>\n\t\t<div class=\"elementor-element elementor-element-02a1ac0 e-flex e-con-boxed e-con e-parent\" data-id=\"02a1ac0\" data-element_type=\"container\">\n\t\t\t\t\t<div class=\"e-con-inner\">\n\t\t<div class=\"elementor-element elementor-element-48c7f6a e-con-full e-flex e-con e-child\" data-id=\"48c7f6a\" data-element_type=\"container\">\n\t\t\t\t<div class=\"elementor-element elementor-element-402a312 elementor-widget elementor-widget-image\" data-id=\"402a312\" data-element_type=\"widget\" data-widget_type=\"image.default\">\n\t\t\t\t<div class=\"elementor-widget-container\">\n\t\t\t\t\t\t\t\t\t\t\t\t\t\t\t<img fetchpriority=\"high\" decoding=\"async\" width=\"800\" height=\"176\" src=\"https:\/\/seasoul-tech.pt\/wp-content\/uploads\/2024\/10\/40Factory-1024x225.png\" class=\"attachment-large size-large wp-image-1704\" alt=\"40Factory (White)\" srcset=\"https:\/\/seasoul-tech.pt\/wp-content\/uploads\/2024\/10\/40Factory-1024x225.png 1024w, https:\/\/seasoul-tech.pt\/wp-content\/uploads\/2024\/10\/40Factory-300x66.png 300w, https:\/\/seasoul-tech.pt\/wp-content\/uploads\/2024\/10\/40Factory-768x168.png 768w, https:\/\/seasoul-tech.pt\/wp-content\/uploads\/2024\/10\/40Factory.png 1067w\" sizes=\"(max-width: 800px) 100vw, 800px\" \/>\t\t\t\t\t\t\t\t\t\t\t\t\t\t\t<\/div>\n\t\t\t\t<\/div>\n\t\t\t\t<div class=\"elementor-element elementor-element-478e850 elementor-widget elementor-widget-text-editor\" data-id=\"478e850\" data-element_type=\"widget\" data-widget_type=\"text-editor.default\">\n\t\t\t\t<div class=\"elementor-widget-container\">\n\t\t\t\t\t\t\t\t\t<p>Italian company that develops <strong>Industry 4.0<\/strong> for <strong>OEM<\/strong> (Original Equipment Manufacturers).<br \/>This allows machine manufacturers to include <strong>the Industry 4.0\/5.0<\/strong>. This will allow the customer to access and analyse all the data generated by the machine.<br \/>This approach allows you to gain a <strong>competitive advantage<\/strong> over the <strong>competition<\/strong> and allows for more points of contact with the customer, which leads to customer loyalty.<\/p>\t\t\t\t\t\t\t\t<\/div>\n\t\t\t\t<\/div>\n\t\t\t\t<\/div>\n\t\t<div class=\"elementor-element elementor-element-c033801 e-con-full e-flex e-con e-child\" data-id=\"c033801\" data-element_type=\"container\">\n\t\t\t\t<div class=\"elementor-element elementor-element-4d1c0cc elementor-widget elementor-widget-video\" data-id=\"4d1c0cc\" data-element_type=\"widget\" data-settings=\"{&quot;youtube_url&quot;:&quot;https:\\\/\\\/www.youtube.com\\\/watch?v=mbIRfI5WMfg&quot;,&quot;video_type&quot;:&quot;youtube&quot;,&quot;controls&quot;:&quot;yes&quot;}\" data-widget_type=\"video.default\">\n\t\t\t\t<div class=\"elementor-widget-container\">\n\t\t\t\t\t\t\t<div class=\"elementor-wrapper elementor-open-inline\">\n\t\t\t<div class=\"elementor-video\"><\/div>\t\t<\/div>\n\t\t\t\t\t\t<\/div>\n\t\t\t\t<\/div>\n\t\t\t\t<\/div>\n\t\t\t\t\t<\/div>\n\t\t\t\t<\/div>\n\t\t<div class=\"elementor-element elementor-element-c2026b8 e-flex e-con-boxed e-con e-parent\" data-id=\"c2026b8\" data-element_type=\"container\">\n\t\t\t\t\t<div class=\"e-con-inner\">\n\t\t\t\t<div class=\"elementor-element elementor-element-83460fd elementor-widget-divider--view-line elementor-widget elementor-widget-divider\" data-id=\"83460fd\" data-element_type=\"widget\" data-widget_type=\"divider.default\">\n\t\t\t\t<div class=\"elementor-widget-container\">\n\t\t\t\t\t\t\t<div class=\"elementor-divider\">\n\t\t\t<span class=\"elementor-divider-separator\">\n\t\t\t\t\t\t<\/span>\n\t\t<\/div>\n\t\t\t\t\t\t<\/div>\n\t\t\t\t<\/div>\n\t\t\t\t\t<\/div>\n\t\t\t\t<\/div>\n\t\t\t\t<\/div>","protected":false},"excerpt":{"rendered":"<p>Fabricantes de M\u00e1quinas Empresa italiana que desenvolve solu\u00e7\u00f5es de ind\u00fastria 4.0 para OEM (Original Equipment Manufacturers).Com isto, os fabricantes de m\u00e1quinas, podem incluir nas suas m\u00e1quinas solu\u00e7\u00f5es de Ind\u00fastria 4.0. Isto vai permitir ao cliente ter acesso e analisar todos os dados gerados pela m\u00e1quina.Esta abordagem permite ganhar vantagem competitiva em rela\u00e7\u00e3o \u00e0 concorr\u00eancia e [&hellip;]<\/p>","protected":false},"author":1,"featured_media":0,"parent":0,"menu_order":0,"comment_status":"closed","ping_status":"closed","template":"elementor_header_footer","meta":{"_monsterinsights_skip_tracking":false,"_monsterinsights_sitenote_active":false,"_monsterinsights_sitenote_note":"","_monsterinsights_sitenote_category":0,"footnotes":""},"class_list":["post-1494","page","type-page","status-publish","hentry"],"aioseo_notices":[],"_links":{"self":[{"href":"https:\/\/seasoul-tech.pt\/en\/wp-json\/wp\/v2\/pages\/1494","targetHints":{"allow":["GET"]}}],"collection":[{"href":"https:\/\/seasoul-tech.pt\/en\/wp-json\/wp\/v2\/pages"}],"about":[{"href":"https:\/\/seasoul-tech.pt\/en\/wp-json\/wp\/v2\/types\/page"}],"author":[{"embeddable":true,"href":"https:\/\/seasoul-tech.pt\/en\/wp-json\/wp\/v2\/users\/1"}],"replies":[{"embeddable":true,"href":"https:\/\/seasoul-tech.pt\/en\/wp-json\/wp\/v2\/comments?post=1494"}],"version-history":[{"count":7,"href":"https:\/\/seasoul-tech.pt\/en\/wp-json\/wp\/v2\/pages\/1494\/revisions"}],"predecessor-version":[{"id":2835,"href":"https:\/\/seasoul-tech.pt\/en\/wp-json\/wp\/v2\/pages\/1494\/revisions\/2835"}],"wp:attachment":[{"href":"https:\/\/seasoul-tech.pt\/en\/wp-json\/wp\/v2\/media?parent=1494"}],"curies":[{"name":"wp","href":"https:\/\/api.w.org\/{rel}","templated":true}]}}