{"id":1496,"date":"2024-10-01T13:40:06","date_gmt":"2024-10-01T13:40:06","guid":{"rendered":"https:\/\/seasoul-tech.pt\/?page_id=1496"},"modified":"2024-11-06T17:31:44","modified_gmt":"2024-11-06T17:31:44","slug":"chatgpt-para-industria","status":"publish","type":"page","link":"https:\/\/seasoul-tech.pt\/en\/chatgpt-para-industria\/","title":{"rendered":"ChatGPT for industry"},"content":{"rendered":"<div data-elementor-type=\"wp-page\" data-elementor-id=\"1496\" class=\"elementor elementor-1496\" data-elementor-post-type=\"page\">\n\t\t\t\t<div class=\"elementor-element elementor-element-5e6de1d9 e-con-full e-flex e-con e-parent\" data-id=\"5e6de1d9\" data-element_type=\"container\" data-settings=\"{&quot;background_background&quot;:&quot;gradient&quot;,&quot;background_motion_fx_motion_fx_scrolling&quot;:&quot;yes&quot;,&quot;background_motion_fx_translateX_effect&quot;:&quot;yes&quot;,&quot;background_motion_fx_translateX_speed&quot;:{&quot;unit&quot;:&quot;px&quot;,&quot;size&quot;:6.5,&quot;sizes&quot;:[]},&quot;background_motion_fx_translateX_affectedRange&quot;:{&quot;unit&quot;:&quot;%&quot;,&quot;size&quot;:&quot;&quot;,&quot;sizes&quot;:{&quot;start&quot;:0,&quot;end&quot;:100}},&quot;background_motion_fx_devices&quot;:[&quot;desktop&quot;,&quot;laptop&quot;,&quot;tablet&quot;,&quot;mobile&quot;]}\">\n\t\t<div class=\"elementor-element elementor-element-2a603233 animated-fast e-flex e-con-boxed elementor-invisible e-con e-child\" data-id=\"2a603233\" data-element_type=\"container\" data-settings=\"{&quot;animation&quot;:&quot;slideInUp&quot;,&quot;animation_delay&quot;:150}\">\n\t\t\t\t\t<div class=\"e-con-inner\">\n\t\t\t\t<div class=\"elementor-element elementor-element-a595b74 elementor-widget__width-initial elementor-widget elementor-widget-elementskit-heading\" data-id=\"a595b74\" data-element_type=\"widget\" data-widget_type=\"elementskit-heading.default\">\n\t\t\t\t<div class=\"elementor-widget-container\">\n\t\t\t\t\t<div class=\"ekit-wid-con\" ><div class=\"ekit-heading elementskit-section-title-wraper text_center   ekit_heading_tablet-   ekit_heading_mobile-\"><h2 class=\"ekit-heading--title elementskit-section-title text_fill\">ChatGPT for <span><span>Industry<\/span><\/span><\/h2><\/div><\/div>\t\t\t\t<\/div>\n\t\t\t\t<\/div>\n\t\t\t\t\t<\/div>\n\t\t\t\t<\/div>\n\t\t\t\t<\/div>\n\t\t<div class=\"elementor-element elementor-element-e055e0b e-flex e-con-boxed e-con e-parent\" data-id=\"e055e0b\" data-element_type=\"container\" data-settings=\"{&quot;background_background&quot;:&quot;classic&quot;}\">\n\t\t\t\t\t<div class=\"e-con-inner\">\n\t\t\t\t<div class=\"elementor-element elementor-element-cb5f75d elementor-widget elementor-widget-spacer\" data-id=\"cb5f75d\" data-element_type=\"widget\" data-widget_type=\"spacer.default\">\n\t\t\t\t<div class=\"elementor-widget-container\">\n\t\t\t\t\t\t\t<div class=\"elementor-spacer\">\n\t\t\t<div class=\"elementor-spacer-inner\"><\/div>\n\t\t<\/div>\n\t\t\t\t\t\t<\/div>\n\t\t\t\t<\/div>\n\t\t\t\t\t<\/div>\n\t\t\t\t<\/div>\n\t\t<div class=\"elementor-element elementor-element-02a1ac0 e-flex e-con-boxed e-con e-parent\" data-id=\"02a1ac0\" data-element_type=\"container\">\n\t\t\t\t\t<div class=\"e-con-inner\">\n\t\t<div class=\"elementor-element elementor-element-48c7f6a e-con-full e-flex e-con e-child\" data-id=\"48c7f6a\" data-element_type=\"container\">\n\t\t\t\t<div class=\"elementor-element elementor-element-ccafd09 elementor-widget elementor-widget-image\" data-id=\"ccafd09\" data-element_type=\"widget\" data-widget_type=\"image.default\">\n\t\t\t\t<div class=\"elementor-widget-container\">\n\t\t\t\t\t\t\t\t\t\t\t\t\t\t\t<img decoding=\"async\" width=\"325\" height=\"82\" src=\"https:\/\/seasoul-tech.pt\/wp-content\/uploads\/2024\/10\/Wilson.ai-White.png\" class=\"attachment-large size-large wp-image-1676\" alt=\"Logotipo Wilson.ai\" srcset=\"https:\/\/seasoul-tech.pt\/wp-content\/uploads\/2024\/10\/Wilson.ai-White.png 325w, https:\/\/seasoul-tech.pt\/wp-content\/uploads\/2024\/10\/Wilson.ai-White-300x76.png 300w\" sizes=\"(max-width: 325px) 100vw, 325px\" \/>\t\t\t\t\t\t\t\t\t\t\t\t\t\t\t<\/div>\n\t\t\t\t<\/div>\n\t\t\t\t<div class=\"elementor-element elementor-element-478e850 elementor-widget elementor-widget-text-editor\" data-id=\"478e850\" data-element_type=\"widget\" data-widget_type=\"text-editor.default\">\n\t\t\t\t<div class=\"elementor-widget-container\">\n\t\t\t\t\t\t\t\t\t<div>Another very interesting and important product from <strong>40Factory<\/strong> is called <strong>Wilson.ai<\/strong>. The goal is to provide <strong>Wilson<\/strong> with all the necessary information, such as all the documents he has in PDF format. If there is a spill of a certain type of oil on the factory floor, the operator, instead of consulting all the available documentation to find a solution, can simply ask <strong>Wilson<\/strong>: \u201c<strong>Wilson, XPTO Oil was spilled on the factory floor, what should I do?<\/strong>\u201d.<\/div>\t\t\t\t\t\t\t\t<\/div>\n\t\t\t\t<\/div>\n\t\t\t\t<\/div>\n\t\t<div class=\"elementor-element elementor-element-c033801 e-con-full e-flex e-con e-child\" data-id=\"c033801\" data-element_type=\"container\">\n\t\t\t\t<div class=\"elementor-element elementor-element-0302b14 elementor-widget elementor-widget-video\" data-id=\"0302b14\" data-element_type=\"widget\" data-settings=\"{&quot;youtube_url&quot;:&quot;https:\\\/\\\/youtu.be\\\/kr7r2Si5HoU?si=z5S9RvY5xaQhX6mN&quot;,&quot;video_type&quot;:&quot;youtube&quot;,&quot;controls&quot;:&quot;yes&quot;}\" data-widget_type=\"video.default\">\n\t\t\t\t<div class=\"elementor-widget-container\">\n\t\t\t\t\t\t\t<div class=\"elementor-wrapper elementor-open-inline\">\n\t\t\t<div class=\"elementor-video\"><\/div>\t\t<\/div>\n\t\t\t\t\t\t<\/div>\n\t\t\t\t<\/div>\n\t\t\t\t<\/div>\n\t\t\t\t\t<\/div>\n\t\t\t\t<\/div>\n\t\t<div class=\"elementor-element elementor-element-6f2f840 e-flex e-con-boxed e-con e-parent\" data-id=\"6f2f840\" data-element_type=\"container\">\n\t\t\t\t\t<div class=\"e-con-inner\">\n\t\t<div class=\"elementor-element elementor-element-77604aa e-con-full e-flex e-con e-child\" data-id=\"77604aa\" data-element_type=\"container\">\n\t\t<div class=\"elementor-element elementor-element-f06f21d e-con-full e-flex e-con e-child\" data-id=\"f06f21d\" data-element_type=\"container\">\n\t\t\t\t<div class=\"elementor-element elementor-element-906a962 elementor-widget-tablet__width-initial elementor-widget elementor-widget-elementskit-heading\" data-id=\"906a962\" data-element_type=\"widget\" data-widget_type=\"elementskit-heading.default\">\n\t\t\t\t<div class=\"elementor-widget-container\">\n\t\t\t\t\t<div class=\"ekit-wid-con\" ><div class=\"ekit-heading elementskit-section-title-wraper text_left   ekit_heading_tablet-text_center   ekit_heading_mobile-text_left\"><h2 class=\"ekit-heading--title elementskit-section-title text_fill\">Integration with <span><span>MAT<\/span><\/span> and <span><span>Efficiency Monitoring<\/span><\/span><\/h2><\/div><\/div>\t\t\t\t<\/div>\n\t\t\t\t<\/div>\n\t\t\t\t<\/div>\n\t\t<div class=\"elementor-element elementor-element-37f07ea e-con-full e-flex e-con e-child\" data-id=\"37f07ea\" data-element_type=\"container\">\n\t\t\t\t<div class=\"elementor-element elementor-element-61d4e39 elementor-widget elementor-widget-text-editor\" data-id=\"61d4e39\" data-element_type=\"widget\" data-widget_type=\"text-editor.default\">\n\t\t\t\t<div class=\"elementor-widget-container\">\n\t\t\t\t\t\t\t\t\t<p>In addition, <strong>Wilson<\/strong> can also be connected to the <strong>MAT<\/strong> (monitoring system) and, with the information collected from this system, it can answer questions such as: \u201c<strong>Wilson, show me the 5 machines with the worst OEE yesterday<\/strong>\u201d. This allows for a more agile analysis of machine efficiency, optimizing decision-making and preventive maintenance in the factory.<\/p>\t\t\t\t\t\t\t\t<\/div>\n\t\t\t\t<\/div>\n\t\t\t\t<\/div>\n\t\t\t\t<\/div>\n\t\t\t\t\t<\/div>\n\t\t\t\t<\/div>\n\t\t<div class=\"elementor-element elementor-element-c2026b8 e-flex e-con-boxed e-con e-parent\" data-id=\"c2026b8\" data-element_type=\"container\">\n\t\t\t\t\t<div class=\"e-con-inner\">\n\t\t\t\t<div class=\"elementor-element elementor-element-83460fd elementor-widget-divider--view-line elementor-widget elementor-widget-divider\" data-id=\"83460fd\" data-element_type=\"widget\" data-widget_type=\"divider.default\">\n\t\t\t\t<div class=\"elementor-widget-container\">\n\t\t\t\t\t\t\t<div class=\"elementor-divider\">\n\t\t\t<span class=\"elementor-divider-separator\">\n\t\t\t\t\t\t<\/span>\n\t\t<\/div>\n\t\t\t\t\t\t<\/div>\n\t\t\t\t<\/div>\n\t\t\t\t\t<\/div>\n\t\t\t\t<\/div>\n\t\t\t\t<\/div>","protected":false},"excerpt":{"rendered":"<p>ChatGPT para Ind\u00fastria Outro produto muito interessante e importante da 40Factory chama-se Wilson.ai. O objetivo \u00e9 fornecer ao Wilson toda a informa\u00e7\u00e3o necess\u00e1ria, como, por exemplo, todos os documentos que tem em PDF. Se houver um derrame de um determinado tipo de \u00f3leo no ch\u00e3o da f\u00e1brica, o operador, em vez de consultar toda a [&hellip;]<\/p>","protected":false},"author":1,"featured_media":0,"parent":0,"menu_order":0,"comment_status":"closed","ping_status":"closed","template":"elementor_header_footer","meta":{"_monsterinsights_skip_tracking":false,"_monsterinsights_sitenote_active":false,"_monsterinsights_sitenote_note":"","_monsterinsights_sitenote_category":0,"footnotes":""},"class_list":["post-1496","page","type-page","status-publish","hentry"],"aioseo_notices":[],"_links":{"self":[{"href":"https:\/\/seasoul-tech.pt\/en\/wp-json\/wp\/v2\/pages\/1496","targetHints":{"allow":["GET"]}}],"collection":[{"href":"https:\/\/seasoul-tech.pt\/en\/wp-json\/wp\/v2\/pages"}],"about":[{"href":"https:\/\/seasoul-tech.pt\/en\/wp-json\/wp\/v2\/types\/page"}],"author":[{"embeddable":true,"href":"https:\/\/seasoul-tech.pt\/en\/wp-json\/wp\/v2\/users\/1"}],"replies":[{"embeddable":true,"href":"https:\/\/seasoul-tech.pt\/en\/wp-json\/wp\/v2\/comments?post=1496"}],"version-history":[{"count":4,"href":"https:\/\/seasoul-tech.pt\/en\/wp-json\/wp\/v2\/pages\/1496\/revisions"}],"predecessor-version":[{"id":2738,"href":"https:\/\/seasoul-tech.pt\/en\/wp-json\/wp\/v2\/pages\/1496\/revisions\/2738"}],"wp:attachment":[{"href":"https:\/\/seasoul-tech.pt\/en\/wp-json\/wp\/v2\/media?parent=1496"}],"curies":[{"name":"wp","href":"https:\/\/api.w.org\/{rel}","templated":true}]}}