{"id":2376,"date":"2024-10-09T11:00:52","date_gmt":"2024-10-09T11:00:52","guid":{"rendered":"https:\/\/seasoul-tech.pt\/?page_id=2376"},"modified":"2024-12-17T19:11:51","modified_gmt":"2024-12-17T19:11:51","slug":"controlo-de-qualidade","status":"publish","type":"page","link":"https:\/\/seasoul-tech.pt\/en\/controlo-de-qualidade\/","title":{"rendered":"Robotics and Quality control"},"content":{"rendered":"<div data-elementor-type=\"wp-page\" data-elementor-id=\"2376\" class=\"elementor elementor-2376\" data-elementor-post-type=\"page\">\n\t\t\t\t<div class=\"elementor-element elementor-element-5e6de1d9 e-con-full e-flex e-con e-parent\" data-id=\"5e6de1d9\" data-element_type=\"container\" data-settings=\"{&quot;background_background&quot;:&quot;gradient&quot;,&quot;background_motion_fx_motion_fx_scrolling&quot;:&quot;yes&quot;,&quot;background_motion_fx_translateX_effect&quot;:&quot;yes&quot;,&quot;background_motion_fx_translateX_speed&quot;:{&quot;unit&quot;:&quot;px&quot;,&quot;size&quot;:6.5,&quot;sizes&quot;:[]},&quot;background_motion_fx_translateX_affectedRange&quot;:{&quot;unit&quot;:&quot;%&quot;,&quot;size&quot;:&quot;&quot;,&quot;sizes&quot;:{&quot;start&quot;:0,&quot;end&quot;:100}},&quot;background_motion_fx_devices&quot;:[&quot;desktop&quot;,&quot;laptop&quot;,&quot;tablet&quot;,&quot;mobile&quot;]}\">\n\t\t<div class=\"elementor-element elementor-element-2a603233 animated-fast e-flex e-con-boxed elementor-invisible e-con e-child\" data-id=\"2a603233\" data-element_type=\"container\" data-settings=\"{&quot;animation&quot;:&quot;slideInUp&quot;,&quot;animation_delay&quot;:150}\">\n\t\t\t\t\t<div class=\"e-con-inner\">\n\t\t\t\t<div class=\"elementor-element elementor-element-531a4c8 elementor-widget__width-initial elementor-widget elementor-widget-elementskit-heading\" data-id=\"531a4c8\" data-element_type=\"widget\" data-widget_type=\"elementskit-heading.default\">\n\t\t\t\t<div class=\"elementor-widget-container\">\n\t\t\t\t\t<div class=\"ekit-wid-con\" ><div class=\"ekit-heading elementskit-section-title-wraper text_center   ekit_heading_tablet-   ekit_heading_mobile-\"><h2 class=\"ekit-heading--title elementskit-section-title text_fill\">Rob\u00f3tica e <span><span>Quality<\/span><\/span><\/h2>\t\t\t\t<div class='ekit-heading__description'>\n\t\t\t\t\t<h4>Ensuring Excellence Through Rigorous Standards<\/h4>\n\t\t\t\t<\/div>\n\t\t\t<\/div><\/div>\t\t\t\t<\/div>\n\t\t\t\t<\/div>\n\t\t\t\t\t<\/div>\n\t\t\t\t<\/div>\n\t\t\t\t<\/div>\n\t\t<div class=\"elementor-element elementor-element-7fec4f3 e-flex e-con-boxed e-con e-parent\" data-id=\"7fec4f3\" data-element_type=\"container\" data-settings=\"{&quot;background_background&quot;:&quot;classic&quot;}\">\n\t\t\t\t\t<div class=\"e-con-inner\">\n\t\t\t\t<div class=\"elementor-element elementor-element-ba01634 elementor-widget elementor-widget-spacer\" data-id=\"ba01634\" data-element_type=\"widget\" data-widget_type=\"spacer.default\">\n\t\t\t\t<div class=\"elementor-widget-container\">\n\t\t\t\t\t\t\t<div class=\"elementor-spacer\">\n\t\t\t<div class=\"elementor-spacer-inner\"><\/div>\n\t\t<\/div>\n\t\t\t\t\t\t<\/div>\n\t\t\t\t<\/div>\n\t\t\t\t\t<\/div>\n\t\t\t\t<\/div>\n\t\t<div class=\"elementor-element elementor-element-6f2f840 e-flex e-con-boxed e-con e-parent\" data-id=\"6f2f840\" data-element_type=\"container\">\n\t\t\t\t\t<div class=\"e-con-inner\">\n\t\t<div class=\"elementor-element elementor-element-77604aa e-con-full e-flex e-con e-child\" data-id=\"77604aa\" data-element_type=\"container\">\n\t\t<div class=\"elementor-element elementor-element-f06f21d e-con-full e-flex e-con e-child\" data-id=\"f06f21d\" data-element_type=\"container\">\n\t\t\t\t<div class=\"elementor-element elementor-element-2adbb17 elementor-widget elementor-widget-image\" data-id=\"2adbb17\" data-element_type=\"widget\" data-widget_type=\"image.default\">\n\t\t\t\t<div class=\"elementor-widget-container\">\n\t\t\t\t\t\t\t\t\t\t\t\t\t\t\t<img fetchpriority=\"high\" decoding=\"async\" width=\"800\" height=\"450\" src=\"https:\/\/seasoul-tech.pt\/wp-content\/uploads\/2024\/10\/streak_logo_semfundo-1024x576.png\" class=\"attachment-large size-large wp-image-2388\" alt=\"streak_logo\" srcset=\"https:\/\/seasoul-tech.pt\/wp-content\/uploads\/2024\/10\/streak_logo_semfundo-1024x576.png 1024w, https:\/\/seasoul-tech.pt\/wp-content\/uploads\/2024\/10\/streak_logo_semfundo-300x169.png 300w, https:\/\/seasoul-tech.pt\/wp-content\/uploads\/2024\/10\/streak_logo_semfundo-768x432.png 768w, https:\/\/seasoul-tech.pt\/wp-content\/uploads\/2024\/10\/streak_logo_semfundo-1536x864.png 1536w, https:\/\/seasoul-tech.pt\/wp-content\/uploads\/2024\/10\/streak_logo_semfundo-2048x1152.png 2048w\" sizes=\"(max-width: 800px) 100vw, 800px\" \/>\t\t\t\t\t\t\t\t\t\t\t\t\t\t\t<\/div>\n\t\t\t\t<\/div>\n\t\t\t\t<\/div>\n\t\t<div class=\"elementor-element elementor-element-71cf2a5 e-con-full e-flex e-con e-child\" data-id=\"71cf2a5\" data-element_type=\"container\">\n\t\t\t\t<div class=\"elementor-element elementor-element-becd8f7 elementor-widget elementor-widget-elementskit-heading\" data-id=\"becd8f7\" data-element_type=\"widget\" data-widget_type=\"elementskit-heading.default\">\n\t\t\t\t<div class=\"elementor-widget-container\">\n\t\t\t\t\t<div class=\"ekit-wid-con\" ><div class=\"ekit-heading elementskit-section-title-wraper text_left   ekit_heading_tablet-   ekit_heading_mobile-text_left\"><h2 class=\"ekit-heading--title elementskit-section-title text_fill\"><span><span>Quality control<\/span><\/span> in real time. <span><span>X-Ray<\/span><\/span> to detect invisible quality problems.<\/h2><\/div><\/div>\t\t\t\t<\/div>\n\t\t\t\t<\/div>\n\t\t\t\t<\/div>\n\t\t<div class=\"elementor-element elementor-element-8c80d37 e-con-full e-flex e-con e-child\" data-id=\"8c80d37\" data-element_type=\"container\">\n\t\t\t\t<div class=\"elementor-element elementor-element-060a316 elementor-widget elementor-widget-image\" data-id=\"060a316\" data-element_type=\"widget\" data-widget_type=\"image.default\">\n\t\t\t\t<div class=\"elementor-widget-container\">\n\t\t\t\t\t\t\t\t\t\t\t\t\t\t\t<img decoding=\"async\" width=\"539\" height=\"501\" src=\"https:\/\/seasoul-tech.pt\/wp-content\/uploads\/2024\/10\/pastel-controlo-de-qualidade-1.jpg\" class=\"attachment-full size-full wp-image-2424\" alt=\"pastel-controlo-de-qualidade-1\" srcset=\"https:\/\/seasoul-tech.pt\/wp-content\/uploads\/2024\/10\/pastel-controlo-de-qualidade-1.jpg 539w, https:\/\/seasoul-tech.pt\/wp-content\/uploads\/2024\/10\/pastel-controlo-de-qualidade-1-300x279.jpg 300w\" sizes=\"(max-width: 539px) 100vw, 539px\" \/>\t\t\t\t\t\t\t\t\t\t\t\t\t\t\t<\/div>\n\t\t\t\t<\/div>\n\t\t\t\t<\/div>\n\t\t<div class=\"elementor-element elementor-element-da17ef0 e-con-full e-flex e-con e-child\" data-id=\"da17ef0\" data-element_type=\"container\">\n\t\t\t\t<div class=\"elementor-element elementor-element-7df0e4f elementor-widget-divider--view-line elementor-widget elementor-widget-divider\" data-id=\"7df0e4f\" data-element_type=\"widget\" data-widget_type=\"divider.default\">\n\t\t\t\t<div class=\"elementor-widget-container\">\n\t\t\t\t\t\t\t<div class=\"elementor-divider\">\n\t\t\t<span class=\"elementor-divider-separator\">\n\t\t\t\t\t\t<\/span>\n\t\t<\/div>\n\t\t\t\t\t\t<\/div>\n\t\t\t\t<\/div>\n\t\t\t\t<\/div>\n\t\t<div class=\"elementor-element elementor-element-0745315 e-con-full e-flex e-con e-child\" data-id=\"0745315\" data-element_type=\"container\">\n\t\t\t\t<div class=\"elementor-element elementor-element-42cb6b3 elementor-widget elementor-widget-elementskit-heading\" data-id=\"42cb6b3\" data-element_type=\"widget\" data-widget_type=\"elementskit-heading.default\">\n\t\t\t\t<div class=\"elementor-widget-container\">\n\t\t\t\t\t<div class=\"ekit-wid-con\" ><div class=\"ekit-heading elementskit-section-title-wraper text_left   ekit_heading_tablet-   ekit_heading_mobile-text_left\"><h2 class=\"ekit-heading--title elementskit-section-title text_fill\"><span><span>Robotics<\/span><\/span><\/h2>\t\t\t\t<div class='ekit-heading__description'>\n\t\t\t\t\t<p><strong>Robotic arm<\/strong> arm for automatic feeding of CNCs. The operator only feeds the table with the parts he wants to machine. The robot receives production information from the HMI. From then on, the entire system <strong>works automatically.<\/strong>.<\/p>\n<p>The robot picks up the part from the table and places it on the CNC, so that it can be machined. If the CNC has finished machining, the robot takes advantage of the trip to pick up the part and place it on the destination table.<\/p>\n<p>As the parts can have different diameters, <strong>the robot has several grippers with different diameter ranges.<\/strong>Depending on the information received from the HMI, <strong>the robot can change grippers on its own<\/strong> so that it can handle the diameters of the parts in the next production run.<\/p>\n<p>Although there is a standard operating basis, these systems are always adapted to the specific needs of each customer.<\/p>\n\t\t\t\t<\/div>\n\t\t\t<\/div><\/div>\t\t\t\t<\/div>\n\t\t\t\t<\/div>\n\t\t\t\t<div class=\"elementor-element elementor-element-5402394 elementor-widget elementor-widget-image\" data-id=\"5402394\" data-element_type=\"widget\" data-widget_type=\"image.default\">\n\t\t\t\t<div class=\"elementor-widget-container\">\n\t\t\t\t\t\t\t\t\t\t\t\t\t\t\t<img decoding=\"async\" width=\"571\" height=\"343\" src=\"https:\/\/seasoul-tech.pt\/wp-content\/uploads\/2024\/12\/Robotica.png\" class=\"attachment-full size-full wp-image-2847\" alt=\"\" srcset=\"https:\/\/seasoul-tech.pt\/wp-content\/uploads\/2024\/12\/Robotica.png 571w, https:\/\/seasoul-tech.pt\/wp-content\/uploads\/2024\/12\/Robotica-300x180.png 300w, https:\/\/seasoul-tech.pt\/wp-content\/uploads\/2024\/12\/Robotica-18x12.png 18w\" sizes=\"(max-width: 571px) 100vw, 571px\" \/>\t\t\t\t\t\t\t\t\t\t\t\t\t\t\t<\/div>\n\t\t\t\t<\/div>\n\t\t\t\t<\/div>\n\t\t\t\t<\/div>\n\t\t\t\t\t<\/div>\n\t\t\t\t<\/div>\n\t\t\t\t<\/div>","protected":false},"excerpt":{"rendered":"<p>Rob\u00f3tica e Qualidade Garantindo a Excel\u00eancia Atrav\u00e9s de Padr\u00f5es Rigorosos Controlo de qualidade em tempo real. Raio X para dete\u00e7\u00e3o de problemas de qualidade\u00a0invis\u00edveis. Rob\u00f3tica Bra\u00e7o rob\u00f3tico para alimenta\u00e7\u00e3o autom\u00e1tica de CNCs. O operador s\u00f3 alimenta a mesa com as pe\u00e7as que deseja maquinar. O rob\u00f4 recebe a informa\u00e7\u00e3o de produ\u00e7\u00e3o da HMI. A partir [&hellip;]<\/p>","protected":false},"author":1,"featured_media":0,"parent":0,"menu_order":0,"comment_status":"closed","ping_status":"closed","template":"elementor_header_footer","meta":{"_monsterinsights_skip_tracking":false,"_monsterinsights_sitenote_active":false,"_monsterinsights_sitenote_note":"","_monsterinsights_sitenote_category":0,"footnotes":""},"class_list":["post-2376","page","type-page","status-publish","hentry"],"aioseo_notices":[],"_links":{"self":[{"href":"https:\/\/seasoul-tech.pt\/en\/wp-json\/wp\/v2\/pages\/2376","targetHints":{"allow":["GET"]}}],"collection":[{"href":"https:\/\/seasoul-tech.pt\/en\/wp-json\/wp\/v2\/pages"}],"about":[{"href":"https:\/\/seasoul-tech.pt\/en\/wp-json\/wp\/v2\/types\/page"}],"author":[{"embeddable":true,"href":"https:\/\/seasoul-tech.pt\/en\/wp-json\/wp\/v2\/users\/1"}],"replies":[{"embeddable":true,"href":"https:\/\/seasoul-tech.pt\/en\/wp-json\/wp\/v2\/comments?post=2376"}],"version-history":[{"count":42,"href":"https:\/\/seasoul-tech.pt\/en\/wp-json\/wp\/v2\/pages\/2376\/revisions"}],"predecessor-version":[{"id":2887,"href":"https:\/\/seasoul-tech.pt\/en\/wp-json\/wp\/v2\/pages\/2376\/revisions\/2887"}],"wp:attachment":[{"href":"https:\/\/seasoul-tech.pt\/en\/wp-json\/wp\/v2\/media?parent=2376"}],"curies":[{"name":"wp","href":"https:\/\/api.w.org\/{rel}","templated":true}]}}