{"id":269,"date":"2024-07-23T15:55:10","date_gmt":"2024-07-23T15:55:10","guid":{"rendered":"https:\/\/seasoul-tech.pt\/?page_id=269"},"modified":"2026-02-16T18:25:31","modified_gmt":"2026-02-16T18:25:31","slug":"sobre-nos","status":"publish","type":"page","link":"https:\/\/seasoul-tech.pt\/en\/sobre-nos\/","title":{"rendered":"About us"},"content":{"rendered":"<div data-elementor-type=\"wp-page\" data-elementor-id=\"269\" class=\"elementor elementor-269\" data-elementor-post-type=\"page\">\n\t\t\t\t<div class=\"elementor-element elementor-element-5e6de1d9 e-con-full e-flex e-con e-parent\" data-id=\"5e6de1d9\" data-element_type=\"container\" data-settings=\"{&quot;background_background&quot;:&quot;gradient&quot;,&quot;background_motion_fx_motion_fx_scrolling&quot;:&quot;yes&quot;,&quot;background_motion_fx_translateX_effect&quot;:&quot;yes&quot;,&quot;background_motion_fx_translateX_speed&quot;:{&quot;unit&quot;:&quot;px&quot;,&quot;size&quot;:6.5,&quot;sizes&quot;:[]},&quot;background_motion_fx_translateX_affectedRange&quot;:{&quot;unit&quot;:&quot;%&quot;,&quot;size&quot;:&quot;&quot;,&quot;sizes&quot;:{&quot;start&quot;:0,&quot;end&quot;:100}},&quot;background_motion_fx_devices&quot;:[&quot;desktop&quot;,&quot;laptop&quot;,&quot;tablet&quot;,&quot;mobile&quot;]}\">\n\t\t<div class=\"elementor-element elementor-element-2a603233 animated-fast e-flex e-con-boxed elementor-invisible e-con e-child\" data-id=\"2a603233\" data-element_type=\"container\" data-settings=\"{&quot;animation&quot;:&quot;slideInUp&quot;,&quot;animation_delay&quot;:150}\">\n\t\t\t\t\t<div class=\"e-con-inner\">\n\t\t<div class=\"elementor-element elementor-element-459e535e e-con-full e-flex e-con e-child\" data-id=\"459e535e\" data-element_type=\"container\">\n\t\t\t\t<div class=\"elementor-element elementor-element-d948ab5 elementor-widget elementor-widget-heading\" data-id=\"d948ab5\" data-element_type=\"widget\" data-widget_type=\"heading.default\">\n\t\t\t\t<div class=\"elementor-widget-container\">\n\t\t\t\t\t<div class=\"elementor-heading-title elementor-size-default\">\ud83d\udc4b<\/div>\t\t\t\t<\/div>\n\t\t\t\t<\/div>\n\t\t\t\t<\/div>\n\t\t\t\t<div class=\"elementor-element elementor-element-64853343 elementor-widget__width-initial elementor-widget elementor-widget-elementskit-heading\" data-id=\"64853343\" data-element_type=\"widget\" data-widget_type=\"elementskit-heading.default\">\n\t\t\t\t<div class=\"elementor-widget-container\">\n\t\t\t\t\t<div class=\"ekit-wid-con\" ><div class=\"ekit-heading elementskit-section-title-wraper text_center   ekit_heading_tablet-   ekit_heading_mobile-\"><h2 class=\"ekit-heading--title elementskit-section-title text_fill\">Innovation and excellence in <span><span>Ind\u00fastria 4.0 \/ 5.0<\/span><\/span><\/h2><\/div><\/div>\t\t\t\t<\/div>\n\t\t\t\t<\/div>\n\t\t\t\t\t<\/div>\n\t\t\t\t<\/div>\n\t\t\t\t<\/div>\n\t\t<div class=\"elementor-element elementor-element-6f2f840 e-flex e-con-boxed e-con e-parent\" data-id=\"6f2f840\" data-element_type=\"container\">\n\t\t\t\t\t<div class=\"e-con-inner\">\n\t\t<div class=\"elementor-element elementor-element-77604aa e-con-full e-flex e-con e-child\" data-id=\"77604aa\" data-element_type=\"container\">\n\t\t<div class=\"elementor-element elementor-element-361d745 e-con-full e-flex e-con e-child\" data-id=\"361d745\" data-element_type=\"container\">\n\t\t\t\t<div class=\"elementor-element elementor-element-7fc3f62 elementor-widget elementor-widget-elementskit-heading\" data-id=\"7fc3f62\" data-element_type=\"widget\" data-widget_type=\"elementskit-heading.default\">\n\t\t\t\t<div class=\"elementor-widget-container\">\n\t\t\t\t\t<div class=\"ekit-wid-con\" ><div class=\"ekit-heading elementskit-section-title-wraper text_left   ekit_heading_tablet-   ekit_heading_mobile-text_left\"><h2 class=\"ekit-heading--title elementskit-section-title text_fill\"><span><span>OUR MISSION<\/span><\/span> it is focus on understanding the needs of the clientes and accessing the right partners in order to present solutions which are both assertive and integrated <\/h2><\/div><\/div>\t\t\t\t<\/div>\n\t\t\t\t<\/div>\n\t\t\t\t<\/div>\n\t\t<div class=\"elementor-element elementor-element-37f07ea e-con-full e-flex e-con e-child\" data-id=\"37f07ea\" data-element_type=\"container\">\n\t\t\t\t<div class=\"elementor-element elementor-element-3fa6987 elementor-widget elementor-widget-elementskit-heading\" data-id=\"3fa6987\" data-element_type=\"widget\" data-widget_type=\"elementskit-heading.default\">\n\t\t\t\t<div class=\"elementor-widget-container\">\n\t\t\t\t\t<div class=\"ekit-wid-con\" ><div class=\"ekit-heading elementskit-section-title-wraper text_left   ekit_heading_tablet-   ekit_heading_mobile-text_left\"><h2 class=\"ekit-heading--title elementskit-section-title text_fill\"><span><span>Our Values<\/span><\/span> are set and cored in innovation, excellence, trust and commitment to our clients\u2019 success. <\/h2><\/div><\/div>\t\t\t\t<\/div>\n\t\t\t\t<\/div>\n\t\t\t\t<\/div>\n\t\t\t\t<\/div>\n\t\t\t\t\t<\/div>\n\t\t\t\t<\/div>\n\t\t<div class=\"elementor-element elementor-element-02a1ac0 e-flex e-con-boxed e-con e-parent\" data-id=\"02a1ac0\" data-element_type=\"container\">\n\t\t\t\t\t<div class=\"e-con-inner\">\n\t\t<div class=\"elementor-element elementor-element-48c7f6a e-con-full e-flex e-con e-child\" data-id=\"48c7f6a\" data-element_type=\"container\">\n\t\t\t\t<div class=\"elementor-element elementor-element-b3c936a elementor-widget elementor-widget-elementskit-heading\" data-id=\"b3c936a\" data-element_type=\"widget\" data-widget_type=\"elementskit-heading.default\">\n\t\t\t\t<div class=\"elementor-widget-container\">\n\t\t\t\t\t<div class=\"ekit-wid-con\" ><div class=\"ekit-heading elementskit-section-title-wraper text_left   ekit_heading_tablet-   ekit_heading_mobile-text_left\"><h2 class=\"ekit-heading--title elementskit-section-title text_fill\"><span><span>Gather<\/span><\/span> several entities<\/h2><\/div><\/div>\t\t\t\t<\/div>\n\t\t\t\t<\/div>\n\t\t\t\t<div class=\"elementor-element elementor-element-478e850 elementor-widget elementor-widget-text-editor\" data-id=\"478e850\" data-element_type=\"widget\" data-widget_type=\"text-editor.default\">\n\t\t\t\t<div class=\"elementor-widget-container\">\n\t\t\t\t\t\t\t\t\t<p>Acreditamos no lema \u201cjuntos somos mais fortes\u201d. Por isso temos como miss\u00e3o juntar v\u00e1rias entidades:\u00a0<\/p><ul><li><strong>Start-ups<\/strong><\/li><li><strong>Scale-ups\u00a0<\/strong><\/li><li><strong>Research Centers<\/strong>\u00a0<\/li><li><strong>and Universities<\/strong>\u00a0<\/li><\/ul><p>to build products for the industry.<\/p>\t\t\t\t\t\t\t\t<\/div>\n\t\t\t\t<\/div>\n\t\t\t\t<\/div>\n\t\t<div class=\"elementor-element elementor-element-0b25e43 e-con-full e-flex e-con e-child\" data-id=\"0b25e43\" data-element_type=\"container\">\n\t\t<div class=\"elementor-element elementor-element-ff12ca1 e-con-full e-flex e-con e-child\" data-id=\"ff12ca1\" data-element_type=\"container\">\n\t\t\t\t<div class=\"elementor-element elementor-element-de9a6ac elementor-widget elementor-widget-heading\" data-id=\"de9a6ac\" data-element_type=\"widget\" data-widget_type=\"heading.default\">\n\t\t\t\t<div class=\"elementor-widget-container\">\n\t\t\t\t\t<div class=\"elementor-heading-title elementor-size-default\">\ud83d\udcdd<\/div>\t\t\t\t<\/div>\n\t\t\t\t<\/div>\n\t\t\t\t<div class=\"elementor-element elementor-element-e1e3943 elementor-widget elementor-widget-heading\" data-id=\"e1e3943\" data-element_type=\"widget\" data-widget_type=\"heading.default\">\n\t\t\t\t<div class=\"elementor-widget-container\">\n\t\t\t\t\t<h2 class=\"elementor-heading-title elementor-size-default\">What does Sea Soul mean?<\/h2>\t\t\t\t<\/div>\n\t\t\t\t<\/div>\n\t\t\t\t<\/div>\n\t\t\t\t<div class=\"elementor-element elementor-element-ed5a23e elementor-widget elementor-widget-text-editor\" data-id=\"ed5a23e\" data-element_type=\"widget\" data-widget_type=\"text-editor.default\">\n\t\t\t\t<div class=\"elementor-widget-container\">\n\t\t\t\t\t\t\t\t\t<p><span style=\"color: var( --e-global-color-accent ); text-align: var(--text-align); background-color: var( --e-global-color-495d27d ); font-family: var( --e-global-typography-text-font-family ), Sans-serif; font-size: var( --e-global-typography-text-font-size ); font-weight: var( --e-global-typography-text-font-weight ); letter-spacing: var( --e-global-typography-text-letter-spacing ); text-transform: var( --e-global-typography-text-text-transform );\">The Sea represent the <\/span><strong style=\"color: var( --e-global-color-accent ); text-align: var(--text-align); background-color: var( --e-global-color-495d27d ); font-family: var( --e-global-typography-text-font-family ), Sans-serif; font-size: var( --e-global-typography-text-font-size ); letter-spacing: var( --e-global-typography-text-letter-spacing ); text-transform: var( --e-global-typography-text-text-transform );\">immensity of new opportunities<\/strong><span style=\"color: var( --e-global-color-accent ); text-align: var(--text-align); background-color: var( --e-global-color-495d27d ); font-family: var( --e-global-typography-text-font-family ), Sans-serif; font-size: var( --e-global-typography-text-font-size ); font-weight: var( --e-global-typography-text-font-weight ); letter-spacing: var( --e-global-typography-text-letter-spacing ); text-transform: var( --e-global-typography-text-text-transform );\"> and improvements that Industry 4.0 can bring to your company.<\/span><\/p><p>The Soul <strong>represents the human side<\/strong>. Nothing really exists without a soul. Industry 4.0 is a revolution where machines will improve human capacities and where only processes with a soul will prevail.<\/p>\t\t\t\t\t\t\t\t<\/div>\n\t\t\t\t<\/div>\n\t\t<div class=\"elementor-element elementor-element-fddca06 e-con-full e-flex e-con e-child\" data-id=\"fddca06\" data-element_type=\"container\">\n\t\t\t\t<div class=\"elementor-element elementor-element-060f95f elementor-widget elementor-widget-heading\" data-id=\"060f95f\" data-element_type=\"widget\" data-widget_type=\"heading.default\">\n\t\t\t\t<div class=\"elementor-widget-container\">\n\t\t\t\t\t<div class=\"elementor-heading-title elementor-size-default\">\ud83d\udcdd<\/div>\t\t\t\t<\/div>\n\t\t\t\t<\/div>\n\t\t\t\t<div class=\"elementor-element elementor-element-63b88f3 elementor-widget elementor-widget-heading\" data-id=\"63b88f3\" data-element_type=\"widget\" data-widget_type=\"heading.default\">\n\t\t\t\t<div class=\"elementor-widget-container\">\n\t\t\t\t\t<h2 class=\"elementor-heading-title elementor-size-default\">Sea Soul Branches<\/h2>\t\t\t\t<\/div>\n\t\t\t\t<\/div>\n\t\t\t\t<\/div>\n\t\t\t\t<div class=\"elementor-element elementor-element-e6a5dc5 elementor-widget elementor-widget-text-editor\" data-id=\"e6a5dc5\" data-element_type=\"widget\" data-widget_type=\"text-editor.default\">\n\t\t\t\t<div class=\"elementor-widget-container\">\n\t\t\t\t\t\t\t\t\t<p>Nowadays we operate exclusively in the <strong>ind\u00fastria<\/strong>industrial sector. That is why we also appear under the name <strong>SEASOUL \u2013 Manufacturing<\/strong>, which is our branch dedicated to the industrial sector. <em>branch<\/em> dedicado \u00e0 ind\u00fastria.<\/p>\t\t\t\t\t\t\t\t<\/div>\n\t\t\t\t<\/div>\n\t\t\t\t<\/div>\n\t\t\t\t\t<\/div>\n\t\t\t\t<\/div>\n\t\t\t\t<\/div>","protected":false},"excerpt":{"rendered":"<p>\ud83d\udc4b Inova\u00e7\u00e3o e Excel\u00eancia na Ind\u00fastria 4.0 \/ 5.0 A Nossa Miss\u00e3o \u00e9 perceber as necessidades dos clientes e escolher os parceiros ideais para apresentar solu\u00e7\u00f5es assertivas e integradas. Os Nossos Valores centram-se na inova\u00e7\u00e3o, excel\u00eancia, confian\u00e7a e compromisso com o sucesso dos nossos clientes. Juntar v\u00e1rias entidades Acreditamos no lema \u201cjuntos somos mais fortes\u201d. [&hellip;]<\/p>","protected":false},"author":1,"featured_media":0,"parent":0,"menu_order":0,"comment_status":"closed","ping_status":"closed","template":"elementor_header_footer","meta":{"_monsterinsights_skip_tracking":false,"_monsterinsights_sitenote_active":false,"_monsterinsights_sitenote_note":"","_monsterinsights_sitenote_category":0,"footnotes":""},"class_list":["post-269","page","type-page","status-publish","hentry"],"aioseo_notices":[],"_links":{"self":[{"href":"https:\/\/seasoul-tech.pt\/en\/wp-json\/wp\/v2\/pages\/269","targetHints":{"allow":["GET"]}}],"collection":[{"href":"https:\/\/seasoul-tech.pt\/en\/wp-json\/wp\/v2\/pages"}],"about":[{"href":"https:\/\/seasoul-tech.pt\/en\/wp-json\/wp\/v2\/types\/page"}],"author":[{"embeddable":true,"href":"https:\/\/seasoul-tech.pt\/en\/wp-json\/wp\/v2\/users\/1"}],"replies":[{"embeddable":true,"href":"https:\/\/seasoul-tech.pt\/en\/wp-json\/wp\/v2\/comments?post=269"}],"version-history":[{"count":119,"href":"https:\/\/seasoul-tech.pt\/en\/wp-json\/wp\/v2\/pages\/269\/revisions"}],"predecessor-version":[{"id":3206,"href":"https:\/\/seasoul-tech.pt\/en\/wp-json\/wp\/v2\/pages\/269\/revisions\/3206"}],"wp:attachment":[{"href":"https:\/\/seasoul-tech.pt\/en\/wp-json\/wp\/v2\/media?parent=269"}],"curies":[{"name":"wp","href":"https:\/\/api.w.org\/{rel}","templated":true}]}}