{"id":3,"date":"2024-07-23T00:09:11","date_gmt":"2024-07-23T00:09:11","guid":{"rendered":"https:\/\/seasoul-tech.pt\/?page_id=3"},"modified":"2024-07-25T10:54:58","modified_gmt":"2024-07-25T10:54:58","slug":"politica-de-privacidade","status":"publish","type":"page","link":"https:\/\/seasoul-tech.pt\/en\/politica-de-privacidade\/","title":{"rendered":"Privacy Policy"},"content":{"rendered":"<div data-elementor-type=\"wp-page\" data-elementor-id=\"3\" class=\"elementor elementor-3\" data-elementor-post-type=\"page\">\n\t\t\t\t<div class=\"elementor-element elementor-element-7f9da3c e-flex e-con-boxed e-con e-parent\" data-id=\"7f9da3c\" data-element_type=\"container\">\n\t\t\t\t\t<div class=\"e-con-inner\">\n\t\t\t\t<div class=\"elementor-element elementor-element-75fe7df4 elementor-widget elementor-widget-text-editor\" data-id=\"75fe7df4\" data-element_type=\"widget\" data-widget_type=\"text-editor.default\">\n\t\t\t\t<div class=\"elementor-widget-container\">\n\t\t\t\t\t\t\t\t\t<h3><strong>Pol\u00edtica de Privacidade<\/strong><\/h3><p>A sua privacidade \u00e9 importante para n\u00f3s. A Sea Soul Technologies compromete-se a respeitar a sua privacidade em rela\u00e7\u00e3o a qualquer informa\u00e7\u00e3o pessoal que possamos recolher atrav\u00e9s do nosso site, bem como de outros sites que possu\u00edmos e operamos.<\/p><p>Solicitamos informa\u00e7\u00f5es pessoais apenas quando realmente precisamos delas para fornecer um servi\u00e7o. Fazemo-lo de forma justa e legal, com o seu conhecimento e consentimento. Informamos claramente por que estamos a recolher a informa\u00e7\u00e3o e como ser\u00e1 utilizada.<\/p><p>Retemos as informa\u00e7\u00f5es recolhidas apenas pelo tempo necess\u00e1rio para fornecer o servi\u00e7o solicitado. Quando armazenamos dados, protegemo-los atrav\u00e9s de meios comercialmente aceit\u00e1veis para evitar perdas, roubos, bem como acesso, divulga\u00e7\u00e3o, c\u00f3pia, uso ou modifica\u00e7\u00e3o n\u00e3o autorizados.<\/p><p>N\u00e3o partilhamos informa\u00e7\u00f5es de identifica\u00e7\u00e3o pessoal publicamente ou com terceiros, exceto quando exigido por lei.<\/p><p>O nosso site pode conter links para sites externos que n\u00e3o s\u00e3o operados por n\u00f3s. Tenha em aten\u00e7\u00e3o que n\u00e3o temos controlo sobre o conte\u00fado e as pr\u00e1ticas desses sites e n\u00e3o podemos aceitar responsabilidade pelas suas respetivas pol\u00edticas de privacidade.<\/p><p>Tem a liberdade de recusar a nossa solicita\u00e7\u00e3o de informa\u00e7\u00f5es pessoais, compreendendo que, nesse caso, alguns dos servi\u00e7os desejados podem n\u00e3o estar dispon\u00edveis.<\/p><p>O uso continuado do nosso site ser\u00e1 considerado como aceita\u00e7\u00e3o das nossas pr\u00e1ticas em rela\u00e7\u00e3o \u00e0 privacidade e \u00e0 gest\u00e3o de informa\u00e7\u00f5es pessoais. Se tiver alguma d\u00favida sobre como lidamos com dados do utilizador e informa\u00e7\u00f5es pessoais, por favor, entre em contacto connosco.<\/p><p>Utilizamos o servi\u00e7o Google AdSense para exibir publicidade. O Google AdSense usa um cookie DoubleClick para veicular an\u00fancios mais relevantes na web e limitar o n\u00famero de vezes que um determinado an\u00fancio \u00e9 exibido para si. Para mais informa\u00e7\u00f5es sobre o Google AdSense, consulte as FAQs oficiais sobre privacidade do Google AdSense.<\/p><p>Os an\u00fancios ajudam a compensar os custos de opera\u00e7\u00e3o deste site e a financiar futuros desenvolvimentos. Os cookies de publicidade comportamental utilizados por este site foram projetados para garantir que fornecemos an\u00fancios mais relevantes sempre que poss\u00edvel, rastreando anonimamente os seus interesses e apresentando conte\u00fados semelhantes que possam ser do seu interesse.<\/p><p>V\u00e1rios parceiros anunciam em nosso nome e os cookies de rastreamento de afiliados permitem-nos verificar se os nossos clientes acederam ao site atrav\u00e9s de um dos sites dos nossos parceiros. Assim, podemos creditar corretamente os nossos parceiros e, quando aplic\u00e1vel, permitir que os nossos parceiros afiliados ofere\u00e7am promo\u00e7\u00f5es que possam levar a uma compra.<\/p><h3>Compromisso do Utilizador<\/h3><p>O utilizador compromete-se a utilizar de forma adequada os conte\u00fados e a informa\u00e7\u00e3o que a Sea Soul Technologies oferece no site, com car\u00e1cter enunciativo, mas n\u00e3o limitativo:<\/p><p>A) N\u00e3o se envolver em atividades ilegais ou que contrariem a boa f\u00e9 e a ordem p\u00fablica. B) N\u00e3o divulgar propaganda ou conte\u00fado de natureza racista, xenof\u00f3bica, pornogr\u00e1fico ilegal, apologia ao terrorismo ou contra os direitos humanos. C) N\u00e3o causar danos aos sistemas f\u00edsicos (hardware) e l\u00f3gicos (software) da Sea Soul Technologies, dos seus fornecedores ou de terceiros, nem introduzir ou disseminar v\u00edrus inform\u00e1ticos ou outros sistemas de hardware ou software que possam causar danos mencionados anteriormente.<\/p><h3>Mais Informa\u00e7\u00f5es<\/h3><p>Esperamos que esta pol\u00edtica esclare\u00e7a as suas d\u00favidas. Se tiver alguma quest\u00e3o ou n\u00e3o tiver certeza sobre a necessidade de aceitar cookies, \u00e9 geralmente mais seguro mant\u00ea-los ativados, especialmente se interagir com recursos do nosso site.<\/p>\t\t\t\t\t\t\t\t<\/div>\n\t\t\t\t<\/div>\n\t\t\t\t\t<\/div>\n\t\t\t\t<\/div>\n\t\t\t\t<\/div>","protected":false},"excerpt":{"rendered":"<p>Pol\u00edtica de Privacidade A sua privacidade \u00e9 importante para n\u00f3s. A Sea Soul Technologies compromete-se a respeitar a sua privacidade em rela\u00e7\u00e3o a qualquer informa\u00e7\u00e3o pessoal que possamos recolher atrav\u00e9s do nosso site, bem como de outros sites que possu\u00edmos e operamos. Solicitamos informa\u00e7\u00f5es pessoais apenas quando realmente precisamos delas para fornecer um servi\u00e7o. Fazemo-lo [&hellip;]<\/p>","protected":false},"author":1,"featured_media":0,"parent":0,"menu_order":0,"comment_status":"closed","ping_status":"open","template":"","meta":{"_monsterinsights_skip_tracking":false,"_monsterinsights_sitenote_active":false,"_monsterinsights_sitenote_note":"","_monsterinsights_sitenote_category":0,"footnotes":""},"class_list":["post-3","page","type-page","status-publish","hentry"],"aioseo_notices":[],"_links":{"self":[{"href":"https:\/\/seasoul-tech.pt\/en\/wp-json\/wp\/v2\/pages\/3","targetHints":{"allow":["GET"]}}],"collection":[{"href":"https:\/\/seasoul-tech.pt\/en\/wp-json\/wp\/v2\/pages"}],"about":[{"href":"https:\/\/seasoul-tech.pt\/en\/wp-json\/wp\/v2\/types\/page"}],"author":[{"embeddable":true,"href":"https:\/\/seasoul-tech.pt\/en\/wp-json\/wp\/v2\/users\/1"}],"replies":[{"embeddable":true,"href":"https:\/\/seasoul-tech.pt\/en\/wp-json\/wp\/v2\/comments?post=3"}],"version-history":[{"count":0,"href":"https:\/\/seasoul-tech.pt\/en\/wp-json\/wp\/v2\/pages\/3\/revisions"}],"wp:attachment":[{"href":"https:\/\/seasoul-tech.pt\/en\/wp-json\/wp\/v2\/media?parent=3"}],"curies":[{"name":"wp","href":"https:\/\/api.w.org\/{rel}","templated":true}]}}