{"id":3133,"date":"2025-11-23T02:21:21","date_gmt":"2025-11-23T02:21:21","guid":{"rendered":"https:\/\/seasoul-tech.pt\/?page_id=3133"},"modified":"2025-11-23T03:14:50","modified_gmt":"2025-11-23T03:14:50","slug":"controlo-de-qualidade-2","status":"publish","type":"page","link":"https:\/\/seasoul-tech.pt\/en\/controlo-de-qualidade-2\/","title":{"rendered":"Intelig\u00eancia Artificial"},"content":{"rendered":"<div data-elementor-type=\"wp-page\" data-elementor-id=\"3133\" class=\"elementor elementor-3133\" data-elementor-post-type=\"page\">\n\t\t\t\t<div class=\"elementor-element elementor-element-5e6de1d9 e-con-full e-flex e-con e-parent\" data-id=\"5e6de1d9\" data-element_type=\"container\" data-settings=\"{&quot;background_background&quot;:&quot;gradient&quot;,&quot;background_motion_fx_motion_fx_scrolling&quot;:&quot;yes&quot;,&quot;background_motion_fx_translateX_effect&quot;:&quot;yes&quot;,&quot;background_motion_fx_translateX_speed&quot;:{&quot;unit&quot;:&quot;px&quot;,&quot;size&quot;:6.5,&quot;sizes&quot;:[]},&quot;background_motion_fx_translateX_affectedRange&quot;:{&quot;unit&quot;:&quot;%&quot;,&quot;size&quot;:&quot;&quot;,&quot;sizes&quot;:{&quot;start&quot;:0,&quot;end&quot;:100}},&quot;background_motion_fx_devices&quot;:[&quot;desktop&quot;,&quot;laptop&quot;,&quot;tablet&quot;,&quot;mobile&quot;]}\">\n\t\t<div class=\"elementor-element elementor-element-2a603233 animated-fast e-flex e-con-boxed elementor-invisible e-con e-child\" data-id=\"2a603233\" data-element_type=\"container\" data-settings=\"{&quot;animation&quot;:&quot;slideInUp&quot;,&quot;animation_delay&quot;:150}\">\n\t\t\t\t\t<div class=\"e-con-inner\">\n\t\t\t\t<div class=\"elementor-element elementor-element-531a4c8 elementor-widget__width-initial elementor-widget elementor-widget-elementskit-heading\" data-id=\"531a4c8\" data-element_type=\"widget\" data-widget_type=\"elementskit-heading.default\">\n\t\t\t\t<div class=\"elementor-widget-container\">\n\t\t\t\t\t<div class=\"ekit-wid-con\" ><div class=\"ekit-heading elementskit-section-title-wraper text_center   ekit_heading_tablet-   ekit_heading_mobile-\"><h2 class=\"ekit-heading--title elementskit-section-title text_fill\">Intelig\u00eancia <span><span>Artificial<\/span><\/span><\/h2>\t\t\t\t<div class='ekit-heading__description'>\n\t\t\t\t\t<h4>Extra\u00e7\u00e3o e an\u00e1lise de dados<\/h4>\n\t\t\t\t<\/div>\n\t\t\t<\/div><\/div>\t\t\t\t<\/div>\n\t\t\t\t<\/div>\n\t\t\t\t\t<\/div>\n\t\t\t\t<\/div>\n\t\t\t\t<\/div>\n\t\t<div class=\"elementor-element elementor-element-7fec4f3 e-flex e-con-boxed e-con e-parent\" data-id=\"7fec4f3\" data-element_type=\"container\" data-settings=\"{&quot;background_background&quot;:&quot;classic&quot;}\">\n\t\t\t\t\t<div class=\"e-con-inner\">\n\t\t\t\t<div class=\"elementor-element elementor-element-ba01634 elementor-widget elementor-widget-spacer\" data-id=\"ba01634\" data-element_type=\"widget\" data-widget_type=\"spacer.default\">\n\t\t\t\t<div class=\"elementor-widget-container\">\n\t\t\t\t\t\t\t<div class=\"elementor-spacer\">\n\t\t\t<div class=\"elementor-spacer-inner\"><\/div>\n\t\t<\/div>\n\t\t\t\t\t\t<\/div>\n\t\t\t\t<\/div>\n\t\t\t\t\t<\/div>\n\t\t\t\t<\/div>\n\t\t<div class=\"elementor-element elementor-element-6f2f840 e-flex e-con-boxed e-con e-parent\" data-id=\"6f2f840\" data-element_type=\"container\">\n\t\t\t\t\t<div class=\"e-con-inner\">\n\t\t<div class=\"elementor-element elementor-element-77604aa e-con-full e-flex e-con e-child\" data-id=\"77604aa\" data-element_type=\"container\">\n\t\t<div class=\"elementor-element elementor-element-f06f21d e-con-full e-flex e-con e-child\" data-id=\"f06f21d\" data-element_type=\"container\">\n\t\t\t\t<div class=\"elementor-element elementor-element-2adbb17 elementor-widget elementor-widget-image\" data-id=\"2adbb17\" data-element_type=\"widget\" data-widget_type=\"image.default\">\n\t\t\t\t<div class=\"elementor-widget-container\">\n\t\t\t\t\t\t\t\t\t\t\t\t\t\t\t<img fetchpriority=\"high\" decoding=\"async\" width=\"800\" height=\"155\" src=\"https:\/\/seasoul-tech.pt\/wp-content\/uploads\/2025\/11\/Logo_PS-1024x198.png\" class=\"attachment-large size-large wp-image-3145\" alt=\"\" srcset=\"https:\/\/seasoul-tech.pt\/wp-content\/uploads\/2025\/11\/Logo_PS-1024x198.png 1024w, https:\/\/seasoul-tech.pt\/wp-content\/uploads\/2025\/11\/Logo_PS-300x58.png 300w, https:\/\/seasoul-tech.pt\/wp-content\/uploads\/2025\/11\/Logo_PS-768x149.png 768w, https:\/\/seasoul-tech.pt\/wp-content\/uploads\/2025\/11\/Logo_PS-18x3.png 18w, https:\/\/seasoul-tech.pt\/wp-content\/uploads\/2025\/11\/Logo_PS.png 1358w\" sizes=\"(max-width: 800px) 100vw, 800px\" \/>\t\t\t\t\t\t\t\t\t\t\t\t\t\t\t<\/div>\n\t\t\t\t<\/div>\n\t\t\t\t<\/div>\n\t\t<div class=\"elementor-element elementor-element-71cf2a5 e-con-full e-flex e-con e-child\" data-id=\"71cf2a5\" data-element_type=\"container\">\n\t\t\t\t<div class=\"elementor-element elementor-element-becd8f7 elementor-widget elementor-widget-elementskit-heading\" data-id=\"becd8f7\" data-element_type=\"widget\" data-widget_type=\"elementskit-heading.default\">\n\t\t\t\t<div class=\"elementor-widget-container\">\n\t\t\t\t\t<div class=\"ekit-wid-con\" ><div class=\"ekit-heading elementskit-section-title-wraper text_left   ekit_heading_tablet-   ekit_heading_mobile-text_left\"><h2 class=\"ekit-heading--title elementskit-section-title text_fill\"><span><span>Extra\u00e7\u00e3o<\/span><\/span> dados de desenhos t\u00e9cnicos 2D. <span><span>An\u00e1lise<\/span><\/span> de dados.<\/h2><\/div><\/div>\t\t\t\t<\/div>\n\t\t\t\t<\/div>\n\t\t\t\t<\/div>\n\t\t<div class=\"elementor-element elementor-element-8c80d37 e-con-full e-flex e-con e-child\" data-id=\"8c80d37\" data-element_type=\"container\">\n\t\t\t\t<\/div>\n\t\t<div class=\"elementor-element elementor-element-da17ef0 e-con-full e-flex e-con e-child\" data-id=\"da17ef0\" data-element_type=\"container\">\n\t\t\t\t<div class=\"elementor-element elementor-element-7df0e4f elementor-widget-divider--view-line elementor-widget elementor-widget-divider\" data-id=\"7df0e4f\" data-element_type=\"widget\" data-widget_type=\"divider.default\">\n\t\t\t\t<div class=\"elementor-widget-container\">\n\t\t\t\t\t\t\t<div class=\"elementor-divider\">\n\t\t\t<span class=\"elementor-divider-separator\">\n\t\t\t\t\t\t<\/span>\n\t\t<\/div>\n\t\t\t\t\t\t<\/div>\n\t\t\t\t<\/div>\n\t\t\t\t<\/div>\n\t\t<div class=\"elementor-element elementor-element-0745315 e-con-full e-flex e-con e-child\" data-id=\"0745315\" data-element_type=\"container\">\n\t\t\t\t<div class=\"elementor-element elementor-element-42cb6b3 elementor-widget elementor-widget-elementskit-heading\" data-id=\"42cb6b3\" data-element_type=\"widget\" data-widget_type=\"elementskit-heading.default\">\n\t\t\t\t<div class=\"elementor-widget-container\">\n\t\t\t\t\t<div class=\"ekit-wid-con\" ><div class=\"ekit-heading elementskit-section-title-wraper text_left   ekit_heading_tablet-   ekit_heading_mobile-text_left\"><h2 class=\"ekit-heading--title elementskit-section-title text_fill\"><span><span>ETL0<\/span><\/span><\/h2>\t\t\t\t<div class='ekit-heading__description'>\n\t\t\t\t\t<p>Extra\u00e7\u00e3o de <strong>comprimento<\/strong>, <strong>largura<\/strong>, <strong>profundidade<\/strong> and <strong>forma<\/strong>. <br \/><strong>Compara\u00e7\u00e3o<\/strong> de ficheiros excel. <br \/>Abordagem com <strong>Human-in-the-loop<\/strong> para aumentar a efic\u00e1cia da ferramenta e a confian\u00e7a do utilizador.<br \/><strong>An\u00e1lise de dados<\/strong>. Pe\u00e7a \u00e0 ferramenta para construir os gr\u00e1ficos e visualiza\u00e7\u00f5es com os dados extra\u00eddos.\u00a0<\/p>\n\t\t\t\t<\/div>\n\t\t\t<\/div><\/div>\t\t\t\t<\/div>\n\t\t\t\t<\/div>\n\t\t\t\t<\/div>\n\t\t\t\t<\/div>\n\t\t\t\t\t<\/div>\n\t\t\t\t<\/div>\n\t\t\t\t<\/div>","protected":false},"excerpt":{"rendered":"<p>Intelig\u00eancia Artificial Extra\u00e7\u00e3o e an\u00e1lise de dados Extra\u00e7\u00e3o dados de desenhos t\u00e9cnicos 2D. An\u00e1lise de dados. ETL0 Extra\u00e7\u00e3o de comprimento, largura, profundidade e forma. Compara\u00e7\u00e3o de ficheiros excel. Abordagem com Human-in-the-loop para aumentar a efic\u00e1cia da ferramenta e a confian\u00e7a do utilizador.An\u00e1lise de dados. Pe\u00e7a \u00e0 ferramenta para construir os gr\u00e1ficos e visualiza\u00e7\u00f5es com os [&hellip;]<\/p>","protected":false},"author":1,"featured_media":0,"parent":0,"menu_order":0,"comment_status":"closed","ping_status":"closed","template":"elementor_header_footer","meta":{"_monsterinsights_skip_tracking":false,"_monsterinsights_sitenote_active":false,"_monsterinsights_sitenote_note":"","_monsterinsights_sitenote_category":0,"footnotes":""},"class_list":["post-3133","page","type-page","status-publish","hentry"],"aioseo_notices":[],"_links":{"self":[{"href":"https:\/\/seasoul-tech.pt\/en\/wp-json\/wp\/v2\/pages\/3133","targetHints":{"allow":["GET"]}}],"collection":[{"href":"https:\/\/seasoul-tech.pt\/en\/wp-json\/wp\/v2\/pages"}],"about":[{"href":"https:\/\/seasoul-tech.pt\/en\/wp-json\/wp\/v2\/types\/page"}],"author":[{"embeddable":true,"href":"https:\/\/seasoul-tech.pt\/en\/wp-json\/wp\/v2\/users\/1"}],"replies":[{"embeddable":true,"href":"https:\/\/seasoul-tech.pt\/en\/wp-json\/wp\/v2\/comments?post=3133"}],"version-history":[{"count":14,"href":"https:\/\/seasoul-tech.pt\/en\/wp-json\/wp\/v2\/pages\/3133\/revisions"}],"predecessor-version":[{"id":3155,"href":"https:\/\/seasoul-tech.pt\/en\/wp-json\/wp\/v2\/pages\/3133\/revisions\/3155"}],"wp:attachment":[{"href":"https:\/\/seasoul-tech.pt\/en\/wp-json\/wp\/v2\/media?parent=3133"}],"curies":[{"name":"wp","href":"https:\/\/api.w.org\/{rel}","templated":true}]}}