{"id":363,"date":"2024-07-24T10:35:43","date_gmt":"2024-07-24T10:35:43","guid":{"rendered":"https:\/\/seasoul-tech.pt\/?page_id=363"},"modified":"2024-11-15T18:15:56","modified_gmt":"2024-11-15T18:15:56","slug":"noticias","status":"publish","type":"page","link":"https:\/\/seasoul-tech.pt\/en\/noticias\/","title":{"rendered":"News"},"content":{"rendered":"<div data-elementor-type=\"wp-page\" data-elementor-id=\"363\" class=\"elementor elementor-363\" data-elementor-post-type=\"page\">\n\t\t\t\t<div class=\"elementor-element elementor-element-51a27d16 e-con-full e-flex e-con e-parent\" data-id=\"51a27d16\" data-element_type=\"container\" data-settings=\"{&quot;background_background&quot;:&quot;gradient&quot;,&quot;background_motion_fx_motion_fx_scrolling&quot;:&quot;yes&quot;,&quot;background_motion_fx_translateX_effect&quot;:&quot;yes&quot;,&quot;background_motion_fx_translateX_speed&quot;:{&quot;unit&quot;:&quot;px&quot;,&quot;size&quot;:6.5,&quot;sizes&quot;:[]},&quot;background_motion_fx_translateX_affectedRange&quot;:{&quot;unit&quot;:&quot;%&quot;,&quot;size&quot;:&quot;&quot;,&quot;sizes&quot;:{&quot;start&quot;:0,&quot;end&quot;:100}},&quot;background_motion_fx_devices&quot;:[&quot;desktop&quot;,&quot;laptop&quot;,&quot;tablet&quot;,&quot;mobile&quot;]}\">\n\t\t<div class=\"elementor-element elementor-element-19d9aa14 e-flex e-con-boxed elementor-invisible e-con e-child\" data-id=\"19d9aa14\" data-element_type=\"container\" data-settings=\"{&quot;animation&quot;:&quot;slideInUp&quot;,&quot;animation_delay&quot;:150}\">\n\t\t\t\t\t<div class=\"e-con-inner\">\n\t\t<div class=\"elementor-element elementor-element-2bedc550 e-con-full e-flex e-con e-child\" data-id=\"2bedc550\" data-element_type=\"container\">\n\t\t\t\t<div class=\"elementor-element elementor-element-7135fe99 elementor-widget elementor-widget-heading\" data-id=\"7135fe99\" data-element_type=\"widget\" data-widget_type=\"heading.default\">\n\t\t\t\t<div class=\"elementor-widget-container\">\n\t\t\t\t\t<div class=\"elementor-heading-title elementor-size-default\">\ud83d\udcd2<\/div>\t\t\t\t<\/div>\n\t\t\t\t<\/div>\n\t\t\t\t<\/div>\n\t\t\t\t<div class=\"elementor-element elementor-element-1e02fea7 elementor-widget__width-initial elementor-widget elementor-widget-elementskit-heading\" data-id=\"1e02fea7\" data-element_type=\"widget\" data-widget_type=\"elementskit-heading.default\">\n\t\t\t\t<div class=\"elementor-widget-container\">\n\t\t\t\t\t<div class=\"ekit-wid-con\" ><div class=\"ekit-heading elementskit-section-title-wraper text_center   ekit_heading_tablet-   ekit_heading_mobile-\"><h2 class=\"ekit-heading--title elementskit-section-title text_fill\">News &amp; <span><span>Updates<\/span><\/h2><\/div><\/div>\t\t\t\t<\/div>\n\t\t\t\t<\/div>\n\t\t\t\t\t<\/div>\n\t\t\t\t<\/div>\n\t\t\t\t<\/div>\n\t\t<div class=\"elementor-element elementor-element-3e061d37 e-flex e-con-boxed e-con e-parent\" data-id=\"3e061d37\" data-element_type=\"container\">\n\t\t\t\t\t<div class=\"e-con-inner\">\n\t\t<div class=\"elementor-element elementor-element-d894723 e-con-full e-flex e-con e-child\" data-id=\"d894723\" data-element_type=\"container\">\n\t\t\t\t<div class=\"elementor-element elementor-element-41c540c elementor-grid-3 elementor-grid-tablet-2 elementor-grid-mobile-1 elementor-posts--thumbnail-top elementor-widget elementor-widget-posts\" data-id=\"41c540c\" data-element_type=\"widget\" data-settings=\"{&quot;pagination_type&quot;:&quot;numbers_and_prev_next&quot;,&quot;classic_columns&quot;:&quot;3&quot;,&quot;classic_columns_tablet&quot;:&quot;2&quot;,&quot;classic_columns_mobile&quot;:&quot;1&quot;,&quot;classic_row_gap&quot;:{&quot;unit&quot;:&quot;px&quot;,&quot;size&quot;:35,&quot;sizes&quot;:[]},&quot;classic_row_gap_laptop&quot;:{&quot;unit&quot;:&quot;px&quot;,&quot;size&quot;:&quot;&quot;,&quot;sizes&quot;:[]},&quot;classic_row_gap_tablet&quot;:{&quot;unit&quot;:&quot;px&quot;,&quot;size&quot;:&quot;&quot;,&quot;sizes&quot;:[]},&quot;classic_row_gap_mobile&quot;:{&quot;unit&quot;:&quot;px&quot;,&quot;size&quot;:&quot;&quot;,&quot;sizes&quot;:[]}}\" data-widget_type=\"posts.classic\">\n\t\t\t\t<div class=\"elementor-widget-container\">\n\t\t\t\t\t\t\t<div class=\"elementor-posts-container elementor-posts elementor-posts--skin-classic elementor-grid\">\n\t\t\t\t<article class=\"elementor-post elementor-grid-item post-3042 post type-post status-publish format-standard has-post-thumbnail hentry category-representacoes\">\n\t\t\t\t<a class=\"elementor-post__thumbnail__link\" href=\"https:\/\/seasoul-tech.pt\/en\/nos_5g-2-2\/\" tabindex=\"-1\" >\n\t\t\t<div class=\"elementor-post__thumbnail\"><img fetchpriority=\"high\" decoding=\"async\" width=\"800\" height=\"306\" src=\"https:\/\/seasoul-tech.pt\/wp-content\/uploads\/2025\/04\/CTO-Rep.jpg\" class=\"attachment-large size-large wp-image-3049\" alt=\"\" srcset=\"https:\/\/seasoul-tech.pt\/wp-content\/uploads\/2025\/04\/CTO-Rep.jpg 1000w, https:\/\/seasoul-tech.pt\/wp-content\/uploads\/2025\/04\/CTO-Rep-300x115.jpg 300w, https:\/\/seasoul-tech.pt\/wp-content\/uploads\/2025\/04\/CTO-Rep-768x294.jpg 768w, https:\/\/seasoul-tech.pt\/wp-content\/uploads\/2025\/04\/CTO-Rep-18x7.jpg 18w\" sizes=\"(max-width: 800px) 100vw, 800px\" \/><\/div>\n\t\t<\/a>\n\t\t\t\t<div class=\"elementor-post__text\">\n\t\t\t\t<h3 class=\"elementor-post__title\">\n\t\t\t<a href=\"https:\/\/seasoul-tech.pt\/en\/nos_5g-2-2\/\" >\n\t\t\t\tNeed a CTO?\t\t\t<\/a>\n\t\t<\/h3>\n\t\t\t\t<div class=\"elementor-post__meta-data\">\n\t\t\t\t\t<span class=\"elementor-post-date\">\n\t\t\tApril 21, 2025\t\t<\/span>\n\t\t\t\t<span class=\"elementor-post-time\">\n\t\t\t7:23 pm\t\t<\/span>\n\t\t\t\t<\/div>\n\t\t\t\t<div class=\"elementor-post__excerpt\">\n\t\t\t<p>On February 18th, we started a consultancy task equivalent to CTO (Chief Technology Officer) for a client dedicated to manufacturing\t\t<\/div>\n\t\t\n\t\t<a class=\"elementor-post__read-more\" href=\"https:\/\/seasoul-tech.pt\/en\/nos_5g-2-2\/\" aria-label=\"Read more about Necessita de um CTO?\" tabindex=\"-1\" >\n\t\t\tRead more \u00bb\t\t<\/a>\n\n\t\t\t\t<\/div>\n\t\t\t\t<\/article>\n\t\t\t\t<article class=\"elementor-post elementor-grid-item post-2836 post type-post status-publish format-standard has-post-thumbnail hentry category-representacoes\">\n\t\t\t\t<a class=\"elementor-post__thumbnail__link\" href=\"https:\/\/seasoul-tech.pt\/en\/nos_5g-2\/\" tabindex=\"-1\" >\n\t\t\t<div class=\"elementor-post__thumbnail\"><img decoding=\"async\" width=\"800\" height=\"195\" src=\"https:\/\/seasoul-tech.pt\/wp-content\/uploads\/2024\/12\/Logo_Site-1-1024x250.png\" class=\"attachment-large size-large wp-image-2840\" alt=\"\" srcset=\"https:\/\/seasoul-tech.pt\/wp-content\/uploads\/2024\/12\/Logo_Site-1-1024x250.png 1024w, https:\/\/seasoul-tech.pt\/wp-content\/uploads\/2024\/12\/Logo_Site-1-300x73.png 300w, https:\/\/seasoul-tech.pt\/wp-content\/uploads\/2024\/12\/Logo_Site-1-768x187.png 768w, https:\/\/seasoul-tech.pt\/wp-content\/uploads\/2024\/12\/Logo_Site-1-18x4.png 18w, https:\/\/seasoul-tech.pt\/wp-content\/uploads\/2024\/12\/Logo_Site-1.png 1115w\" sizes=\"(max-width: 800px) 100vw, 800px\" \/><\/div>\n\t\t<\/a>\n\t\t\t\t<div class=\"elementor-post__text\">\n\t\t\t\t<h3 class=\"elementor-post__title\">\n\t\t\t<a href=\"https:\/\/seasoul-tech.pt\/en\/nos_5g-2\/\" >\n\t\t\t\tOpen Labs \u2013 Network of industrial laboratories\t\t\t<\/a>\n\t\t<\/h3>\n\t\t\t\t<div class=\"elementor-post__meta-data\">\n\t\t\t\t\t<span class=\"elementor-post-date\">\n\t\t\tDecember 6, 2024\t\t<\/span>\n\t\t\t\t<span class=\"elementor-post-time\">\n\t\t\t11:19 pm\t\t<\/span>\n\t\t\t\t<\/div>\n\t\t\t\t<div class=\"elementor-post__excerpt\">\n\t\t\t<p>Sea Soul Technologies was one of 10 selected to participate in the OpenLabs program \u2013 Open Network of Industrial Laboratories\t\t<\/div>\n\t\t\n\t\t<a class=\"elementor-post__read-more\" href=\"https:\/\/seasoul-tech.pt\/en\/nos_5g-2\/\" aria-label=\"Read more about Open Labs &#8211; Rede de laborat\u00f3rios industriais\" tabindex=\"-1\" >\n\t\t\tRead more \u00bb\t\t<\/a>\n\n\t\t\t\t<\/div>\n\t\t\t\t<\/article>\n\t\t\t\t<article class=\"elementor-post elementor-grid-item post-2827 post type-post status-publish format-standard has-post-thumbnail hentry category-representacoes\">\n\t\t\t\t<a class=\"elementor-post__thumbnail__link\" href=\"https:\/\/seasoul-tech.pt\/en\/nos_5g\/\" tabindex=\"-1\" >\n\t\t\t<div class=\"elementor-post__thumbnail\"><img decoding=\"async\" width=\"800\" height=\"450\" src=\"https:\/\/seasoul-tech.pt\/wp-content\/uploads\/2024\/11\/nos-roaming-5g-1024x576.jpg\" class=\"attachment-large size-large wp-image-2828\" alt=\"NOS_5G\" srcset=\"https:\/\/seasoul-tech.pt\/wp-content\/uploads\/2024\/11\/nos-roaming-5g-1024x576.jpg 1024w, https:\/\/seasoul-tech.pt\/wp-content\/uploads\/2024\/11\/nos-roaming-5g-300x169.jpg 300w, https:\/\/seasoul-tech.pt\/wp-content\/uploads\/2024\/11\/nos-roaming-5g-768x432.jpg 768w, https:\/\/seasoul-tech.pt\/wp-content\/uploads\/2024\/11\/nos-roaming-5g-18x10.jpg 18w, https:\/\/seasoul-tech.pt\/wp-content\/uploads\/2024\/11\/nos-roaming-5g.jpg 1280w\" sizes=\"(max-width: 800px) 100vw, 800px\" \/><\/div>\n\t\t<\/a>\n\t\t\t\t<div class=\"elementor-post__text\">\n\t\t\t\t<h3 class=\"elementor-post__title\">\n\t\t\t<a href=\"https:\/\/seasoul-tech.pt\/en\/nos_5g\/\" >\n\t\t\t\tTest Bed 5G &amp; Digital Transformation with NOS\t\t\t<\/a>\n\t\t<\/h3>\n\t\t\t\t<div class=\"elementor-post__meta-data\">\n\t\t\t\t\t<span class=\"elementor-post-date\">\n\t\t\tNovember 15, 2024\t\t<\/span>\n\t\t\t\t<span class=\"elementor-post-time\">\n\t\t\t6:32 pm\t\t<\/span>\n\t\t\t\t<\/div>\n\t\t\t\t<div class=\"elementor-post__excerpt\">\n\t\t\t<p>We signed an agreement with NOS to develop a pilot within the scope of the 5G &amp; Digital Transformation Test Bed. The pilot\t\t<\/div>\n\t\t\n\t\t<a class=\"elementor-post__read-more\" href=\"https:\/\/seasoul-tech.pt\/en\/nos_5g\/\" aria-label=\"Read more about Test Bed 5G &amp; Digital Transformation com a NOS\" tabindex=\"-1\" >\n\t\t\tRead more \u00bb\t\t<\/a>\n\n\t\t\t\t<\/div>\n\t\t\t\t<\/article>\n\t\t\t\t<article class=\"elementor-post elementor-grid-item post-2735 post type-post status-publish format-standard has-post-thumbnail hentry category-representacoes\">\n\t\t\t\t<a class=\"elementor-post__thumbnail__link\" href=\"https:\/\/seasoul-tech.pt\/en\/streak_test_bed\/\" tabindex=\"-1\" >\n\t\t\t<div class=\"elementor-post__thumbnail\"><img loading=\"lazy\" decoding=\"async\" width=\"800\" height=\"450\" src=\"https:\/\/seasoul-tech.pt\/wp-content\/uploads\/2024\/10\/streak-logo-1024x576.jpg\" class=\"attachment-large size-large wp-image-1938\" alt=\"streak-logo\" srcset=\"https:\/\/seasoul-tech.pt\/wp-content\/uploads\/2024\/10\/streak-logo-1024x576.jpg 1024w, https:\/\/seasoul-tech.pt\/wp-content\/uploads\/2024\/10\/streak-logo-300x169.jpg 300w, https:\/\/seasoul-tech.pt\/wp-content\/uploads\/2024\/10\/streak-logo-768x432.jpg 768w, https:\/\/seasoul-tech.pt\/wp-content\/uploads\/2024\/10\/streak-logo-1536x864.jpg 1536w, https:\/\/seasoul-tech.pt\/wp-content\/uploads\/2024\/10\/streak-logo.jpg 1600w\" sizes=\"(max-width: 800px) 100vw, 800px\" \/><\/div>\n\t\t<\/a>\n\t\t\t\t<div class=\"elementor-post__text\">\n\t\t\t\t<h3 class=\"elementor-post__title\">\n\t\t\t<a href=\"https:\/\/seasoul-tech.pt\/en\/streak_test_bed\/\" >\n\t\t\t\tStart of Inov.Solutions Test Bed with STREAK\t\t\t<\/a>\n\t\t<\/h3>\n\t\t\t\t<div class=\"elementor-post__meta-data\">\n\t\t\t\t\t<span class=\"elementor-post-date\">\n\t\t\tNovember 15, 2024\t\t<\/span>\n\t\t\t\t<span class=\"elementor-post-time\">\n\t\t\t6:10 pm\t\t<\/span>\n\t\t\t\t<\/div>\n\t\t\t\t<div class=\"elementor-post__excerpt\">\n\t\t\t<p>We signed an agreement with STREAK to participate in the Inov.Solutions Test Bed.<br \/> The goal is to develop Cyber-Physical solutions based on\t\t<\/div>\n\t\t\n\t\t<a class=\"elementor-post__read-more\" href=\"https:\/\/seasoul-tech.pt\/en\/streak_test_bed\/\" aria-label=\"Read more about Inicio de Test Bed Inov.Solutions com a STREAK\" tabindex=\"-1\" >\n\t\t\tRead more \u00bb\t\t<\/a>\n\n\t\t\t\t<\/div>\n\t\t\t\t<\/article>\n\t\t\t\t<article class=\"elementor-post elementor-grid-item post-1118 post type-post status-publish format-standard has-post-thumbnail hentry category-representacoes\">\n\t\t\t\t<a class=\"elementor-post__thumbnail__link\" href=\"https:\/\/seasoul-tech.pt\/en\/40factory-presente-na-tecna-em-rimini-italia\/\" tabindex=\"-1\" >\n\t\t\t<div class=\"elementor-post__thumbnail\"><img loading=\"lazy\" decoding=\"async\" width=\"800\" height=\"176\" src=\"https:\/\/seasoul-tech.pt\/wp-content\/uploads\/2024\/09\/logo-1024x225.png\" class=\"attachment-large size-large wp-image-1148\" alt=\"40Factory Logo\" srcset=\"https:\/\/seasoul-tech.pt\/wp-content\/uploads\/2024\/09\/logo-1024x225.png 1024w, https:\/\/seasoul-tech.pt\/wp-content\/uploads\/2024\/09\/logo-300x66.png 300w, https:\/\/seasoul-tech.pt\/wp-content\/uploads\/2024\/09\/logo-768x169.png 768w, https:\/\/seasoul-tech.pt\/wp-content\/uploads\/2024\/09\/logo-1536x338.png 1536w, https:\/\/seasoul-tech.pt\/wp-content\/uploads\/2024\/09\/logo.png 1737w\" sizes=\"(max-width: 800px) 100vw, 800px\" \/><\/div>\n\t\t<\/a>\n\t\t\t\t<div class=\"elementor-post__text\">\n\t\t\t\t<h3 class=\"elementor-post__title\">\n\t\t\t<a href=\"https:\/\/seasoul-tech.pt\/en\/40factory-presente-na-tecna-em-rimini-italia\/\" >\n\t\t\t\t40Factory present at Tecna in Rimini \u2013 Italy\t\t\t<\/a>\n\t\t<\/h3>\n\t\t\t\t<div class=\"elementor-post__meta-data\">\n\t\t\t\t\t<span class=\"elementor-post-date\">\n\t\t\tSeptember 27, 2024\t\t<\/span>\n\t\t\t\t<span class=\"elementor-post-time\">\n\t\t\t3:46 pm\t\t<\/span>\n\t\t\t\t<\/div>\n\t\t\t\t<div class=\"elementor-post__excerpt\">\n\t\t\t<p>We were present at Tecna (International Exhibition of Technologies and Supplies for Surfaces), where we exhibited together with our clients.\t\t<\/div>\n\t\t\n\t\t<a class=\"elementor-post__read-more\" href=\"https:\/\/seasoul-tech.pt\/en\/40factory-presente-na-tecna-em-rimini-italia\/\" aria-label=\"Read more about 40Factory presente na Tecna em\u00a0Rimini &#8211;\u00a0It\u00e1lia\" tabindex=\"-1\" >\n\t\t\tRead more \u00bb\t\t<\/a>\n\n\t\t\t\t<\/div>\n\t\t\t\t<\/article>\n\t\t\t\t<article class=\"elementor-post elementor-grid-item post-1115 post type-post status-publish format-standard has-post-thumbnail hentry category-parceiros\">\n\t\t\t\t<a class=\"elementor-post__thumbnail__link\" href=\"https:\/\/seasoul-tech.pt\/en\/sea-soul-technologies-tera-presenca-na-aveiro-tech-week-no-stand-do-pci\/\" tabindex=\"-1\" >\n\t\t\t<div class=\"elementor-post__thumbnail\"><img loading=\"lazy\" decoding=\"async\" width=\"800\" height=\"409\" src=\"https:\/\/seasoul-tech.pt\/wp-content\/uploads\/2024\/09\/Aveiro_Tech_Week_v2-1024x524.png\" class=\"attachment-large size-large wp-image-1159\" alt=\"Aveiro_Tech_Week_v2\" srcset=\"https:\/\/seasoul-tech.pt\/wp-content\/uploads\/2024\/09\/Aveiro_Tech_Week_v2-1024x524.png 1024w, https:\/\/seasoul-tech.pt\/wp-content\/uploads\/2024\/09\/Aveiro_Tech_Week_v2-300x153.png 300w, https:\/\/seasoul-tech.pt\/wp-content\/uploads\/2024\/09\/Aveiro_Tech_Week_v2-768x393.png 768w, https:\/\/seasoul-tech.pt\/wp-content\/uploads\/2024\/09\/Aveiro_Tech_Week_v2.png 1171w\" sizes=\"(max-width: 800px) 100vw, 800px\" \/><\/div>\n\t\t<\/a>\n\t\t\t\t<div class=\"elementor-post__text\">\n\t\t\t\t<h3 class=\"elementor-post__title\">\n\t\t\t<a href=\"https:\/\/seasoul-tech.pt\/en\/sea-soul-technologies-tera-presenca-na-aveiro-tech-week-no-stand-do-pci\/\" >\n\t\t\t\tSea Soul Technologies will be present at Aveiro Tech Week at the PCI stand\t\t\t<\/a>\n\t\t<\/h3>\n\t\t\t\t<div class=\"elementor-post__meta-data\">\n\t\t\t\t\t<span class=\"elementor-post-date\">\n\t\t\tSeptember 27, 2024\t\t<\/span>\n\t\t\t\t<span class=\"elementor-post-time\">\n\t\t\t3:45 pm\t\t<\/span>\n\t\t\t\t<\/div>\n\t\t\t\t<div class=\"elementor-post__excerpt\">\n\t\t\t<p>Sea Soul Technologies will be present at the PCI booth, located in the Atlas building, from October 1st to 3rd.<\/p>\t\t<\/div>\n\t\t\n\t\t<a class=\"elementor-post__read-more\" href=\"https:\/\/seasoul-tech.pt\/en\/sea-soul-technologies-tera-presenca-na-aveiro-tech-week-no-stand-do-pci\/\" aria-label=\"Read more about Sea Soul Technologies ter\u00e1 presen\u00e7a na Aveiro Tech Week no stand do PCI\" tabindex=\"-1\" >\n\t\t\tRead more \u00bb\t\t<\/a>\n\n\t\t\t\t<\/div>\n\t\t\t\t<\/article>\n\t\t\t\t<\/div>\n\t\t\n\t\t\t\t<div class=\"e-load-more-anchor\" data-page=\"1\" data-max-page=\"2\" data-next-page=\"https:\/\/seasoul-tech.pt\/en\/wp-json\/wp\/v2\/pages\/363\/page\/2\/\"><\/div>\n\t\t\t\t<nav class=\"elementor-pagination\" aria-label=\"Pagination\">\n\t\t\t<span class=\"page-numbers prev\">&laquo; Anterior<\/span>\n<span aria-current=\"page\" class=\"page-numbers current\"><span class=\"elementor-screen-only\">Page<\/span>1<\/span>\n<a class=\"page-numbers\" href=\"https:\/\/seasoul-tech.pt\/en\/wp-json\/wp\/v2\/pages\/363\/page\/2\/\"><span class=\"elementor-screen-only\">Page<\/span>2<\/a>\n<a class=\"page-numbers next\" href=\"https:\/\/seasoul-tech.pt\/en\/wp-json\/wp\/v2\/pages\/363\/page\/2\/\">Seguinte &raquo;<\/a>\t\t<\/nav>\n\t\t\t\t\t\t<\/div>\n\t\t\t\t<\/div>\n\t\t\t\t<\/div>\n\t\t\t\t\t<\/div>\n\t\t\t\t<\/div>\n\t\t<div class=\"elementor-element elementor-element-7c186a57 e-con-full e-flex e-con e-parent\" data-id=\"7c186a57\" data-element_type=\"container\" data-settings=\"{&quot;background_background&quot;:&quot;gradient&quot;}\">\n\t\t<div class=\"elementor-element elementor-element-22e94b5c e-flex e-con-boxed e-con e-child\" data-id=\"22e94b5c\" data-element_type=\"container\">\n\t\t\t\t\t<div class=\"e-con-inner\">\n\t\t\t\t<div class=\"elementor-element elementor-element-73c72e23 elementor-widget__width-initial elementor-widget elementor-widget-elementskit-heading\" data-id=\"73c72e23\" data-element_type=\"widget\" data-widget_type=\"elementskit-heading.default\">\n\t\t\t\t<div class=\"elementor-widget-container\">\n\t\t\t\t\t<div class=\"ekit-wid-con\" ><div class=\"ekit-heading elementskit-section-title-wraper text_left   ekit_heading_tablet-   ekit_heading_mobile-text_center\"><h2 class=\"ekit-heading--title elementskit-section-title text_fill translation-block\">Transform your industry with <span>innovative solutions<\/span><\/h2><\/div><\/div>\t\t\t\t<\/div>\n\t\t\t\t<\/div>\n\t\t\t\t<div class=\"elementor-element elementor-element-3282fc03 elementor-align-left elementor-widget elementor-widget-elementskit-button\" data-id=\"3282fc03\" data-element_type=\"widget\" data-widget_type=\"elementskit-button.default\">\n\t\t\t\t<div class=\"elementor-widget-container\">\n\t\t\t\t\t<div class=\"ekit-wid-con\" >\t\t<div class=\"ekit-btn-wraper\">\n\t\t\t\t\t\t\t<a href=\"#\" class=\"elementskit-btn  whitespace--normal\" id=\"\">\n\t\t\t\t\tLets analyze your project<i class=\"icon icon-right-arrow1\"><\/i>\t\t\t\t<\/a>\n\t\t\t\t\t<\/div>\n        <\/div>\t\t\t\t<\/div>\n\t\t\t\t<\/div>\n\t\t\t\t\t<\/div>\n\t\t\t\t<\/div>\n\t\t\t\t<\/div>\n\t\t\t\t<\/div>","protected":false},"excerpt":{"rendered":"<p>\ud83d\udcd2 Novidades &amp; Atualiza\u00e7\u00f5es Transforme a sua ind\u00fastria com solu\u00e7\u00f5es inovadoras Vamos analisar o seu projeto<\/p>","protected":false},"author":1,"featured_media":0,"parent":0,"menu_order":0,"comment_status":"closed","ping_status":"closed","template":"elementor_header_footer","meta":{"_monsterinsights_skip_tracking":false,"_monsterinsights_sitenote_active":false,"_monsterinsights_sitenote_note":"","_monsterinsights_sitenote_category":0,"footnotes":""},"class_list":["post-363","page","type-page","status-publish","hentry"],"aioseo_notices":[],"_links":{"self":[{"href":"https:\/\/seasoul-tech.pt\/en\/wp-json\/wp\/v2\/pages\/363","targetHints":{"allow":["GET"]}}],"collection":[{"href":"https:\/\/seasoul-tech.pt\/en\/wp-json\/wp\/v2\/pages"}],"about":[{"href":"https:\/\/seasoul-tech.pt\/en\/wp-json\/wp\/v2\/types\/page"}],"author":[{"embeddable":true,"href":"https:\/\/seasoul-tech.pt\/en\/wp-json\/wp\/v2\/users\/1"}],"replies":[{"embeddable":true,"href":"https:\/\/seasoul-tech.pt\/en\/wp-json\/wp\/v2\/comments?post=363"}],"version-history":[{"count":4,"href":"https:\/\/seasoul-tech.pt\/en\/wp-json\/wp\/v2\/pages\/363\/revisions"}],"predecessor-version":[{"id":2824,"href":"https:\/\/seasoul-tech.pt\/en\/wp-json\/wp\/v2\/pages\/363\/revisions\/2824"}],"wp:attachment":[{"href":"https:\/\/seasoul-tech.pt\/en\/wp-json\/wp\/v2\/media?parent=363"}],"curies":[{"name":"wp","href":"https:\/\/api.w.org\/{rel}","templated":true}]}}